{"id":869,"date":"2020-09-13T18:16:03","date_gmt":"2020-09-13T16:16:03","guid":{"rendered":"https:\/\/astaula.com\/?page_id=869"},"modified":"2023-04-10T15:36:20","modified_gmt":"2023-04-10T13:36:20","slug":"jungtines-parodos","status":"publish","type":"page","link":"https:\/\/astaula.com\/?page_id=869","title":{"rendered":"Jungtin\u0117s parodos"},"content":{"rendered":"\n<p class=\"has-text-align-center\"><span class=\"has-inline-color has-white-color\">2011\u20132020 m. Lietuvos tautodailinink\u0173 s\u0105jungos nar\u0117. Parodos, kuriose dalyvauta:<\/span><\/p>\n\n\n<style>#jtg-858 .modula-item .jtg-social a, .lightbox-socials.jtg-social a{ color: #ffffff }#jtg-858 .modula-item .jtg-social svg, .lightbox-socials.jtg-social svg { height: 16px; width: 16px }#jtg-858 .modula-item .jtg-social a:not(:last-child), .lightbox-socials.jtg-social a:not(:last-child) { margin-right: 10px }#jtg-858 .modula-item .caption { background-color: #ffffff;  }#jtg-858 .modula-item .figc {color:#ffffff;}#jtg-858 .modula-item .modula-item-content { transform: scale(1) }#jtg-858 { width:100%;}#jtg-858 .modula-items .figc p.description { font-size:14px; }#jtg-858 .modula-items .figc p.description { color:#ffffff;}#jtg-858 .modula-items .figc .jtg-title { color:#ffffff; }#jtg-858 .modula-item > .modula-item-content > a { cursor:zoom-in; } @media screen and (max-width:480px){#jtg-858 .modula-item .figc .jtg-title {  font-size: 12px; }#jtg-858 .modula-items .figc p.description { color:#ffffff;font-size:10px; }}<\/style>\n<!-- Gallery Container -->\n<div  id=\"jtg-858\" class=\"modula modula-gallery modula-columns\" data-config=\"{&quot;enableTwitter&quot;:false,&quot;enableWhatsapp&quot;:false,&quot;enableFacebook&quot;:false,&quot;enablePinterest&quot;:false,&quot;enableLinkedin&quot;:false,&quot;randomFactor&quot;:0.5,&quot;type&quot;:&quot;grid&quot;,&quot;columns&quot;:12,&quot;gutter&quot;:10,&quot;enableResponsive&quot;:&quot;0&quot;,&quot;tabletColumns&quot;:&quot;2&quot;,&quot;mobileColumns&quot;:&quot;1&quot;,&quot;lazyLoad&quot;:&quot;1&quot;,&quot;lightboxOpts&quot;:{&quot;loop&quot;:false,&quot;arrows&quot;:true,&quot;toolbar&quot;:true,&quot;keyboard&quot;:false,&quot;wheel&quot;:false,&quot;buttons&quot;:[&quot;close&quot;],&quot;hash&quot;:false,&quot;lang&quot;:&quot;en&quot;,&quot;touch&quot;:false,&quot;protect&quot;:false,&quot;i18n&quot;:{&quot;en&quot;:{&quot;CLOSE&quot;:&quot;Close&quot;,&quot;NEXT&quot;:&quot;Next&quot;,&quot;PREV&quot;:&quot;Previous&quot;,&quot;Error&quot;:&quot;The requested content cannot be loaded. Please try again later.&quot;,&quot;PLAY_START&quot;:&quot;Start slideshow&quot;,&quot;PLAY_STOP&quot;:&quot;Pause slideshow&quot;,&quot;FULL_SCREEN&quot;:&quot;Full screen&quot;,&quot;THUMBS&quot;:&quot;Thumbnails&quot;,&quot;DOWNLOAD&quot;:&quot;Download&quot;,&quot;SHARE&quot;:&quot;Share&quot;,&quot;ZOOM&quot;:&quot;Zoom&quot;}},&quot;clickSlide&quot;:false,&quot;clickOutside&quot;:false,&quot;dblclickContent&quot;:false,&quot;dblclickSlide&quot;:false,&quot;dblclickOutside&quot;:false,&quot;clickContent&quot;:false},&quot;inView&quot;:false,&quot;grid_type&quot;:&quot;automatic&quot;,&quot;rowHeight&quot;:150,&quot;lastRow&quot;:&quot;justify&quot;,&quot;lightbox&quot;:&quot;fancybox&quot;}\">\n\n\t\n\t<!-- Items Container -->\n\t<div  class=\"modula-items grid-gallery\">\n\t\t<div class=\"modula-item effect-pufrobo\" >\n\t<div class=\"modula-item-overlay\"><\/div>\n\n\t<div class=\"modula-item-content\">\n\n\t\t\t\t\n\t\t\t\t\t<a href=\"https:\/\/astaula.com\/wp-content\/uploads\/2023\/04\/Alesundas-II.-Aliejusdrobe.-50x100cm-2014.jpg\" data-elementor-open-lightbox=\"no\" rel=\"jtg-858\" data-caption=\"Pavadinimas: \u201eEmigracija&quot;. Technika: aliejus, drob\u0117. Dydis: 50x100 cm. Suk\u016brimo metai: 2014\" class=\"tile-inner modula-item-link\"><\/a>\n\t\t\n\t\t\n\t\t<img class='pic' data-valign=\"middle\" data-halign=\"center\" alt=\"\" src=\"https:\/\/astaula.com\/wp-content\/uploads\/2023\/04\/Alesundas-II.-Aliejusdrobe.-50x100cm-2014-1024x514.jpg\" data-src=\"https:\/\/astaula.com\/wp-content\/uploads\/2023\/04\/Alesundas-II.-Aliejusdrobe.-50x100cm-2014-1024x514.jpg\"\/>\n\n\t\t\n\t\t<div class=\"figc\">\n\t\t\t<div class=\"figc-inner\">\n\t\t\t\t\t\t\t\t\t\t\t\t\t\t\t\t<div class=\"jtg-social\">\n\t\t\t\t\t\t\t\t\t\t\t\t\t\t\t\t\t\t\t\t\t\t\t\t\t\t\t\t\t<\/div>\n\t\t\t\t\t\t\t<\/div>\n\t\t<\/div>\n\n\t<\/div>\n\n<\/div><div class=\"modula-item effect-pufrobo\" >\n\t<div class=\"modula-item-overlay\"><\/div>\n\n\t<div class=\"modula-item-content\">\n\n\t\t\t\t\n\t\t\t\t\t<a href=\"https:\/\/astaula.com\/wp-content\/uploads\/2023\/04\/f-f-f.jpg\" data-elementor-open-lightbox=\"no\" rel=\"jtg-858\" data-caption=\"Tautodailinink\u0173 darb\u0173 paroda. Panev\u0117\u017eio dail\u0117s galerija, 2014 m. Pavadinimas: \u201eEmigracija&quot;. Technika: aliejus, drob\u0117. Dydis: 50x100 cm. Suk\u016brimo metai: 2014\" class=\"tile-inner modula-item-link\"><\/a>\n\t\t\n\t\t\n\t\t<img class='pic' data-valign=\"middle\" data-halign=\"center\" alt=\"\" src=\"https:\/\/astaula.com\/wp-content\/uploads\/2023\/04\/f-f-f-1024x683.jpg\" data-src=\"https:\/\/astaula.com\/wp-content\/uploads\/2023\/04\/f-f-f-1024x683.jpg\"\/>\n\n\t\t\n\t\t<div class=\"figc\">\n\t\t\t<div class=\"figc-inner\">\n\t\t\t\t\t\t\t\t\t\t\t\t\t\t\t\t<div class=\"jtg-social\">\n\t\t\t\t\t\t\t\t\t\t\t\t\t\t\t\t\t\t\t\t\t\t\t\t\t\t\t\t\t<\/div>\n\t\t\t\t\t\t\t<\/div>\n\t\t<\/div>\n\n\t<\/div>\n\n<\/div><div class=\"modula-item effect-pufrobo\" >\n\t<div class=\"modula-item-overlay\"><\/div>\n\n\t<div class=\"modula-item-content\">\n\n\t\t\t\t\n\t\t\t\t\t<a href=\"https:\/\/astaula.com\/wp-content\/uploads\/2023\/04\/Suvokimas.-Aliejusdrobe.-90x60cm-2017-2.jpg\" data-elementor-open-lightbox=\"no\" rel=\"jtg-858\" data-caption=\"Pavadinimas: \u201eSuvokimas&quot;. Technika: aliejus, drob\u0117. Dydis: 90x60 cm. Suk\u016brimo metai: 2017\" class=\"tile-inner modula-item-link\"><\/a>\n\t\t\n\t\t\n\t\t<img class='pic' data-valign=\"middle\" data-halign=\"center\" alt=\"\" src=\"https:\/\/astaula.com\/wp-content\/uploads\/2023\/04\/Suvokimas.-Aliejusdrobe.-90x60cm-2017-2-685x1024.jpg\" data-src=\"https:\/\/astaula.com\/wp-content\/uploads\/2023\/04\/Suvokimas.-Aliejusdrobe.-90x60cm-2017-2-685x1024.jpg\"\/>\n\n\t\t\n\t\t<div class=\"figc\">\n\t\t\t<div class=\"figc-inner\">\n\t\t\t\t\t\t\t\t\t\t\t\t\t\t\t\t<div class=\"jtg-social\">\n\t\t\t\t\t\t\t\t\t\t\t\t\t\t\t\t\t\t\t\t\t\t\t\t\t\t\t\t\t<\/div>\n\t\t\t\t\t\t\t<\/div>\n\t\t<\/div>\n\n\t<\/div>\n\n<\/div><div class=\"modula-item effect-pufrobo\" >\n\t<div class=\"modula-item-overlay\"><\/div>\n\n\t<div class=\"modula-item-content\">\n\n\t\t\t\t\n\t\t\t\t\t<a href=\"https:\/\/astaula.com\/wp-content\/uploads\/2023\/04\/vdvdvd.jpg\" data-elementor-open-lightbox=\"no\" rel=\"jtg-858\" data-caption=\"Tautodailinink\u0173 darb\u0173 paroda. Panev\u0117\u017eio dail\u0117s galerija, 2017 m. Pavadinimas: \u201eSuvokimas&quot;. Technika: aliejus, drob\u0117. Dydis: 90x60 cm. Suk\u016brimo metai: 2017\" class=\"tile-inner modula-item-link\"><\/a>\n\t\t\n\t\t\n\t\t<img class='pic' data-valign=\"middle\" data-halign=\"center\" alt=\"\" src=\"https:\/\/astaula.com\/wp-content\/uploads\/2023\/04\/vdvdvd-683x1024.jpg\" data-src=\"https:\/\/astaula.com\/wp-content\/uploads\/2023\/04\/vdvdvd-683x1024.jpg\"\/>\n\n\t\t\n\t\t<div class=\"figc\">\n\t\t\t<div class=\"figc-inner\">\n\t\t\t\t\t\t\t\t\t\t\t\t\t\t\t\t<div class=\"jtg-social\">\n\t\t\t\t\t\t\t\t\t\t\t\t\t\t\t\t\t\t\t\t\t\t\t\t\t\t\t\t\t<\/div>\n\t\t\t\t\t\t\t<\/div>\n\t\t<\/div>\n\n\t<\/div>\n\n<\/div><div class=\"modula-item effect-pufrobo\" >\n\t<div class=\"modula-item-overlay\"><\/div>\n\n\t<div class=\"modula-item-content\">\n\n\t\t\t\t\n\t\t\t\t\t<a href=\"https:\/\/astaula.com\/wp-content\/uploads\/2023\/04\/Aukstaitija.-Aliejusdrobe.-50x40cm-2018.jpg\" data-elementor-open-lightbox=\"no\" rel=\"jtg-858\" data-caption=\"Pavadinimas: \u201eAuk\u0161taitija II&quot;. Technika: aliejus, drob\u0117. Dydis: 50x40 cm. Suk\u016brimo metai: 2018\" class=\"tile-inner modula-item-link\"><\/a>\n\t\t\n\t\t\n\t\t<img class='pic' data-valign=\"middle\" data-halign=\"center\" alt=\"\" src=\"https:\/\/astaula.com\/wp-content\/uploads\/2023\/04\/Aukstaitija.-Aliejusdrobe.-50x40cm-2018-823x1024.jpg\" data-src=\"https:\/\/astaula.com\/wp-content\/uploads\/2023\/04\/Aukstaitija.-Aliejusdrobe.-50x40cm-2018-823x1024.jpg\"\/>\n\n\t\t\n\t\t<div class=\"figc\">\n\t\t\t<div class=\"figc-inner\">\n\t\t\t\t\t\t\t\t\t\t\t\t\t\t\t\t<div class=\"jtg-social\">\n\t\t\t\t\t\t\t\t\t\t\t\t\t\t\t\t\t\t\t\t\t\t\t\t\t\t\t\t\t<\/div>\n\t\t\t\t\t\t\t<\/div>\n\t\t<\/div>\n\n\t<\/div>\n\n<\/div><div class=\"modula-item effect-pufrobo\" >\n\t<div class=\"modula-item-overlay\"><\/div>\n\n\t<div class=\"modula-item-content\">\n\n\t\t\t\t\n\t\t\t\t\t<a href=\"https:\/\/astaula.com\/wp-content\/uploads\/2023\/04\/ntnt.jpg\" data-elementor-open-lightbox=\"no\" rel=\"jtg-858\" data-caption=\"Tautodailinink\u0173 darb\u0173 paroda. Panev\u0117\u017eio dail\u0117s galerija, 2018 m. Pavadinimas: \u201eAuk\u0161taitija&quot;. Technika: aliejus, drob\u0117. Dydis: 50x40 cm. Suk\u016brimo metai: 2018\" class=\"tile-inner modula-item-link\"><\/a>\n\t\t\n\t\t\n\t\t<img class='pic' data-valign=\"middle\" data-halign=\"center\" alt=\"\" src=\"https:\/\/astaula.com\/wp-content\/uploads\/2023\/04\/ntnt-1024x683.jpg\" data-src=\"https:\/\/astaula.com\/wp-content\/uploads\/2023\/04\/ntnt-1024x683.jpg\"\/>\n\n\t\t\n\t\t<div class=\"figc\">\n\t\t\t<div class=\"figc-inner\">\n\t\t\t\t\t\t\t\t\t\t\t\t\t\t\t\t<div class=\"jtg-social\">\n\t\t\t\t\t\t\t\t\t\t\t\t\t\t\t\t\t\t\t\t\t\t\t\t\t\t\t\t\t<\/div>\n\t\t\t\t\t\t\t<\/div>\n\t\t<\/div>\n\n\t<\/div>\n\n<\/div><div class=\"modula-item effect-pufrobo\" >\n\t<div class=\"modula-item-overlay\"><\/div>\n\n\t<div class=\"modula-item-content\">\n\n\t\t\t\t\n\t\t\t\t\t<a href=\"https:\/\/astaula.com\/wp-content\/uploads\/2023\/04\/vvrve.jpg\" data-elementor-open-lightbox=\"no\" rel=\"jtg-858\" data-caption=\"Tautodailinink\u0173 darb\u0173 paroda. Panev\u0117\u017eio Sm\u0117lyn\u0117s biblioteka, 2020 m. Pavadinimas: \u201eAuk\u0161taitija&quot;. Technika: aliejus, drob\u0117. Dydis: 50x40 cm. Suk\u016brimo metai: 2018\" class=\"tile-inner modula-item-link\"><\/a>\n\t\t\n\t\t\n\t\t<img class='pic' data-valign=\"middle\" data-halign=\"center\" alt=\"\" src=\"https:\/\/astaula.com\/wp-content\/uploads\/2023\/04\/vvrve-1024x683.jpg\" data-src=\"https:\/\/astaula.com\/wp-content\/uploads\/2023\/04\/vvrve-1024x683.jpg\"\/>\n\n\t\t\n\t\t<div class=\"figc\">\n\t\t\t<div class=\"figc-inner\">\n\t\t\t\t\t\t\t\t\t\t\t\t\t\t\t\t<div class=\"jtg-social\">\n\t\t\t\t\t\t\t\t\t\t\t\t\t\t\t\t\t\t\t\t\t\t\t\t\t\t\t\t\t<\/div>\n\t\t\t\t\t\t\t<\/div>\n\t\t<\/div>\n\n\t<\/div>\n\n<\/div><div class=\"modula-item effect-pufrobo\" >\n\t<div class=\"modula-item-overlay\"><\/div>\n\n\t<div class=\"modula-item-content\">\n\n\t\t\t\t\n\t\t\t\t\t<a href=\"https:\/\/astaula.com\/wp-content\/uploads\/2023\/04\/Pasimatymas.-Aliejusdrobe.-40x50cm-2019.jpg\" data-elementor-open-lightbox=\"no\" rel=\"jtg-858\" data-caption=\"Pavadinimas: \u201ePasimatymas&quot;. Technika: aliejus, drob\u0117. Dydis: 40x50 cm. Suk\u016brimo metai: 2019\" class=\"tile-inner modula-item-link\"><\/a>\n\t\t\n\t\t\n\t\t<img class='pic' data-valign=\"middle\" data-halign=\"center\" alt=\"\" src=\"https:\/\/astaula.com\/wp-content\/uploads\/2023\/04\/Pasimatymas.-Aliejusdrobe.-40x50cm-2019-1024x819.jpg\" data-src=\"https:\/\/astaula.com\/wp-content\/uploads\/2023\/04\/Pasimatymas.-Aliejusdrobe.-40x50cm-2019-1024x819.jpg\"\/>\n\n\t\t\n\t\t<div class=\"figc\">\n\t\t\t<div class=\"figc-inner\">\n\t\t\t\t\t\t\t\t\t\t\t\t\t\t\t\t<div class=\"jtg-social\">\n\t\t\t\t\t\t\t\t\t\t\t\t\t\t\t\t\t\t\t\t\t\t\t\t\t\t\t\t\t<\/div>\n\t\t\t\t\t\t\t<\/div>\n\t\t<\/div>\n\n\t<\/div>\n\n<\/div><div class=\"modula-item effect-pufrobo\" >\n\t<div class=\"modula-item-overlay\"><\/div>\n\n\t<div class=\"modula-item-content\">\n\n\t\t\t\t\n\t\t\t\t\t<a href=\"https:\/\/astaula.com\/wp-content\/uploads\/2023\/04\/ddeede.jpg\" data-elementor-open-lightbox=\"no\" rel=\"jtg-858\" data-caption=\"Tautodailinink\u0173 darb\u0173 paroda. Panev\u0117\u017eio \u0160iaurin\u0117 biblioteka, 2019 m. Pavadinimas: \u201ePasimatymas&quot;. Technika: aliejus, drob\u0117. Dydis: 40x50 cm. Suk\u016brimo metai: 2019\" class=\"tile-inner modula-item-link\"><\/a>\n\t\t\n\t\t\n\t\t<img class='pic' data-valign=\"middle\" data-halign=\"center\" alt=\"\" src=\"https:\/\/astaula.com\/wp-content\/uploads\/2023\/04\/ddeede-1024x682.jpg\" data-src=\"https:\/\/astaula.com\/wp-content\/uploads\/2023\/04\/ddeede-1024x682.jpg\"\/>\n\n\t\t\n\t\t<div class=\"figc\">\n\t\t\t<div class=\"figc-inner\">\n\t\t\t\t\t\t\t\t\t\t\t\t\t\t\t\t<div class=\"jtg-social\">\n\t\t\t\t\t\t\t\t\t\t\t\t\t\t\t\t\t\t\t\t\t\t\t\t\t\t\t\t\t<\/div>\n\t\t\t\t\t\t\t<\/div>\n\t\t<\/div>\n\n\t<\/div>\n\n<\/div><div class=\"modula-item effect-pufrobo\" >\n\t<div class=\"modula-item-overlay\"><\/div>\n\n\t<div class=\"modula-item-content\">\n\n\t\t\t\t\n\t\t\t\t\t<a href=\"https:\/\/astaula.com\/wp-content\/uploads\/2023\/04\/Jaunavedziai-su-palyda.-XX-a.-3-des.-Aliejusdrobe.-50x60cm-2020.jpg\" data-elementor-open-lightbox=\"no\" rel=\"jtg-858\" data-caption=\"Pavadinimas: \u201eJaunaved\u017eiai su palyda. XX a. 3 de\u0161.&quot;. Technika: aliejus, drob\u0117. Dydis: 50x60 cm. Suk\u016brimo metai: 2020\" class=\"tile-inner modula-item-link\"><\/a>\n\t\t\n\t\t\n\t\t<img class='pic' data-valign=\"middle\" data-halign=\"center\" alt=\"\" src=\"https:\/\/astaula.com\/wp-content\/uploads\/2023\/04\/Jaunavedziai-su-palyda.-XX-a.-3-des.-Aliejusdrobe.-50x60cm-2020-1024x734.jpg\" data-src=\"https:\/\/astaula.com\/wp-content\/uploads\/2023\/04\/Jaunavedziai-su-palyda.-XX-a.-3-des.-Aliejusdrobe.-50x60cm-2020-1024x734.jpg\"\/>\n\n\t\t\n\t\t<div class=\"figc\">\n\t\t\t<div class=\"figc-inner\">\n\t\t\t\t\t\t\t\t\t\t\t\t\t\t\t\t<div class=\"jtg-social\">\n\t\t\t\t\t\t\t\t\t\t\t\t\t\t\t\t\t\t\t\t\t\t\t\t\t\t\t\t\t<\/div>\n\t\t\t\t\t\t\t<\/div>\n\t\t<\/div>\n\n\t<\/div>\n\n<\/div><div class=\"modula-item effect-pufrobo\" >\n\t<div class=\"modula-item-overlay\"><\/div>\n\n\t<div class=\"modula-item-content\">\n\n\t\t\t\t\n\t\t\t\t\t<a href=\"https:\/\/astaula.com\/wp-content\/uploads\/2023\/04\/vrvvev.jpg\" data-elementor-open-lightbox=\"no\" rel=\"jtg-858\" data-caption=\"Tautodailinink\u0173 darb\u0173 paroda. Panev\u0117\u017eio miesto savivaldyb\u0117, 2020 m. Pavadinimas: \u201eJaunaved\u017eiai su palyda. XX a. 3 de\u0161.&quot;. Technika: aliejus, drob\u0117. Dydis: 50x60 cm. Suk\u016brimo metai: 2020\" class=\"tile-inner modula-item-link\"><\/a>\n\t\t\n\t\t\n\t\t<img class='pic' data-valign=\"middle\" data-halign=\"center\" alt=\"\" src=\"https:\/\/astaula.com\/wp-content\/uploads\/2023\/04\/vrvvev-1024x683.jpg\" data-src=\"https:\/\/astaula.com\/wp-content\/uploads\/2023\/04\/vrvvev-1024x683.jpg\"\/>\n\n\t\t\n\t\t<div class=\"figc\">\n\t\t\t<div class=\"figc-inner\">\n\t\t\t\t\t\t\t\t\t\t\t\t\t\t\t\t<div class=\"jtg-social\">\n\t\t\t\t\t\t\t\t\t\t\t\t\t\t\t\t\t\t\t\t\t\t\t\t\t\t\t\t\t<\/div>\n\t\t\t\t\t\t\t<\/div>\n\t\t<\/div>\n\n\t<\/div>\n\n<\/div><div class=\"modula-item effect-pufrobo\" >\n\t<div class=\"modula-item-overlay\"><\/div>\n\n\t<div class=\"modula-item-content\">\n\n\t\t\t\t\n\t\t\t\t\t<a href=\"https:\/\/astaula.com\/wp-content\/uploads\/2023\/04\/fefefe.jpg\" data-elementor-open-lightbox=\"no\" rel=\"jtg-858\" data-caption=\"Tautodailinink\u0173 darb\u0173 paroda. G. Petkevi\u010dait\u0117s-Bit\u0117s biblioteka, 2020 m. Pavadinimas: \u201eJaunaved\u017eiai su palyda. XX a. 3 de\u0161.&quot;. Technika: aliejus, drob\u0117. Dydis: 50x60 cm. Suk\u016brimo metai: 2020\" class=\"tile-inner modula-item-link\"><\/a>\n\t\t\n\t\t\n\t\t<img class='pic' data-valign=\"middle\" data-halign=\"center\" alt=\"\" src=\"https:\/\/astaula.com\/wp-content\/uploads\/2023\/04\/fefefe-683x1024.jpg\" data-src=\"https:\/\/astaula.com\/wp-content\/uploads\/2023\/04\/fefefe-683x1024.jpg\"\/>\n\n\t\t\n\t\t<div class=\"figc\">\n\t\t\t<div class=\"figc-inner\">\n\t\t\t\t\t\t\t\t\t\t\t\t\t\t\t\t<div class=\"jtg-social\">\n\t\t\t\t\t\t\t\t\t\t\t\t\t\t\t\t\t\t\t\t\t\t\t\t\t\t\t\t\t<\/div>\n\t\t\t\t\t\t\t<\/div>\n\t\t<\/div>\n\n\t<\/div>\n\n<\/div><div class=\"modula-item effect-pufrobo\" >\n\t<div class=\"modula-item-overlay\"><\/div>\n\n\t<div class=\"modula-item-content\">\n\n\t\t\t\t\n\t\t\t\t\t<a href=\"https:\/\/astaula.com\/wp-content\/uploads\/2023\/04\/Panevezio-priemiescio-namai-1916-m.-Aliejus-drobe.-50x60cm-2020.jpg\" data-elementor-open-lightbox=\"no\" rel=\"jtg-858\" data-caption=\"Pavadinimas: \u201ePanev\u0117\u017eio priemies\u010dio namai 1916 m.&quot;. Technika: aliejus, drob\u0117. Dydis: 50x60 cm. Suk\u016brimo metai: 2020\" class=\"tile-inner modula-item-link\"><\/a>\n\t\t\n\t\t\n\t\t<img class='pic' data-valign=\"middle\" data-halign=\"center\" alt=\"\" src=\"https:\/\/astaula.com\/wp-content\/uploads\/2023\/04\/Panevezio-priemiescio-namai-1916-m.-Aliejus-drobe.-50x60cm-2020-1024x729.jpg\" data-src=\"https:\/\/astaula.com\/wp-content\/uploads\/2023\/04\/Panevezio-priemiescio-namai-1916-m.-Aliejus-drobe.-50x60cm-2020-1024x729.jpg\"\/>\n\n\t\t\n\t\t<div class=\"figc\">\n\t\t\t<div class=\"figc-inner\">\n\t\t\t\t\t\t\t\t\t\t\t\t\t\t\t\t<div class=\"jtg-social\">\n\t\t\t\t\t\t\t\t\t\t\t\t\t\t\t\t\t\t\t\t\t\t\t\t\t\t\t\t\t<\/div>\n\t\t\t\t\t\t\t<\/div>\n\t\t<\/div>\n\n\t<\/div>\n\n<\/div><div class=\"modula-item effect-pufrobo\" >\n\t<div class=\"modula-item-overlay\"><\/div>\n\n\t<div class=\"modula-item-content\">\n\n\t\t\t\t\n\t\t\t\t\t<a href=\"https:\/\/astaula.com\/wp-content\/uploads\/2023\/04\/fefe.jpg\" data-elementor-open-lightbox=\"no\" rel=\"jtg-858\" data-caption=\"Tautodailinink\u0173 darb\u0173 paroda. Panev\u0117\u017eio miesto savivaldyb\u0117, 2020 m. Pavadinimas: \u201ePanev\u0117\u017eio priemies\u010dio namai 1916 m.&quot;. Technika: aliejus, drob\u0117. Dydis: 50x60 cm. Suk\u016brimo metai: 2020\" class=\"tile-inner modula-item-link\"><\/a>\n\t\t\n\t\t\n\t\t<img class='pic' data-valign=\"middle\" data-halign=\"center\" alt=\"\" src=\"https:\/\/astaula.com\/wp-content\/uploads\/2023\/04\/fefe-1024x683.jpg\" data-src=\"https:\/\/astaula.com\/wp-content\/uploads\/2023\/04\/fefe-1024x683.jpg\"\/>\n\n\t\t\n\t\t<div class=\"figc\">\n\t\t\t<div class=\"figc-inner\">\n\t\t\t\t\t\t\t\t\t\t\t\t\t\t\t\t<div class=\"jtg-social\">\n\t\t\t\t\t\t\t\t\t\t\t\t\t\t\t\t\t\t\t\t\t\t\t\t\t\t\t\t\t<\/div>\n\t\t\t\t\t\t\t<\/div>\n\t\t<\/div>\n\n\t<\/div>\n\n<\/div>\t\t\n\t<\/div>\n\n\t\n\t\n\t<script type=\"application\/ld+json\">\n\t{\n\t\t\"@context\": \"http:\/\/schema.org\",\n\t\t\"@type\"   : \"ImageGallery\",\n\t\t\"id\"      : \"https:\/\/astaula.com\",\n\t\t\"url\"     : \"https:\/\/astaula.com\"\n\t}\n\n    <\/script>\n\n\t\n<\/div>","protected":false},"excerpt":{"rendered":"<p>2011\u20132020 m. Lietuvos tautodailinink\u0173 s\u0105jungos nar\u0117. Parodos, kuriose dalyvauta:<\/p>\n","protected":false},"author":1,"featured_media":0,"parent":0,"menu_order":0,"comment_status":"closed","ping_status":"closed","template":"","meta":[],"_links":{"self":[{"href":"https:\/\/astaula.com\/index.php?rest_route=\/wp\/v2\/pages\/869"}],"collection":[{"href":"https:\/\/astaula.com\/index.php?rest_route=\/wp\/v2\/pages"}],"about":[{"href":"https:\/\/astaula.com\/index.php?rest_route=\/wp\/v2\/types\/page"}],"author":[{"embeddable":true,"href":"https:\/\/astaula.com\/index.php?rest_route=\/wp\/v2\/users\/1"}],"replies":[{"embeddable":true,"href":"https:\/\/astaula.com\/index.php?rest_route=%2Fwp%2Fv2%2Fcomments&post=869"}],"version-history":[{"count":7,"href":"https:\/\/astaula.com\/index.php?rest_route=\/wp\/v2\/pages\/869\/revisions"}],"predecessor-version":[{"id":1982,"href":"https:\/\/astaula.com\/index.php?rest_route=\/wp\/v2\/pages\/869\/revisions\/1982"}],"wp:attachment":[{"href":"https:\/\/astaula.com\/index.php?rest_route=%2Fwp%2Fv2%2Fmedia&parent=869"}],"curies":[{"name":"wp","href":"https:\/\/api.w.org\/{rel}","templated":true}]}}