{"id":855,"date":"2020-09-13T17:39:14","date_gmt":"2020-09-13T15:39:14","guid":{"rendered":"https:\/\/astaula.com\/?page_id=855"},"modified":"2023-08-06T17:12:15","modified_gmt":"2023-08-06T15:12:15","slug":"paroda-regejimas-sveikatingumo-centras-vidmavita-2020-rugpjutis-gruodis","status":"publish","type":"page","link":"https:\/\/astaula.com\/?page_id=855","title":{"rendered":"\u201eReg\u0117jimas\u201d. Sveikatingumo centras \u201eVidmavita&#8221;, Panev\u0117\u017eys. 2020 m. rugpj\u016btis \u2013 2021 m. kovas"},"content":{"rendered":"\n<p class=\"has-text-align-center\"><span class=\"has-inline-color has-white-color\">Personalin\u0117 tapybos darb\u0173 paroda \u201eReg\u0117jimas\u201c surengta 2020 m. rugpj\u016bt\u012f \u2013 2021 m. kov\u0105 sveikatingumo centre \u201eVidmavita&#8221;, Panev\u0117\u017eyje.<\/span><\/p>\n\n\n\n<p class=\"has-text-align-center\"><span class=\"has-inline-color has-white-color\">Parodoje eksponuota vienuolika paveiksl\u0173, tapyt\u0173 aliejiniais da\u017eais ant drob\u0117s nuo 2017 iki 2020 m.<\/span><\/p>\n\n\n<style>#jtg-851 .modula-item .jtg-social a, .lightbox-socials.jtg-social a{ color: #ffffff }#jtg-851 .modula-item .jtg-social svg, .lightbox-socials.jtg-social svg { height: 16px; width: 16px }#jtg-851 .modula-item .jtg-social a:not(:last-child), .lightbox-socials.jtg-social a:not(:last-child) { margin-right: 10px }#jtg-851 .modula-item .caption { background-color: #ffffff;  }#jtg-851 .modula-item .figc {color:#ffffff;}#jtg-851 .modula-item .modula-item-content { transform: scale(1) }#jtg-851 { width:100%;}#jtg-851 .modula-items .figc p.description { font-size:14px; }#jtg-851 .modula-items .figc p.description { color:#ffffff;}#jtg-851 .modula-items .figc .jtg-title { color:#ffffff; }#jtg-851 .modula-item > .modula-item-content > a { cursor:zoom-in; } @media screen and (max-width:480px){#jtg-851 .modula-item .figc .jtg-title {  font-size: 12px; }#jtg-851 .modula-items .figc p.description { color:#ffffff;font-size:10px; }}<\/style>\n<!-- Gallery Container -->\n<div  id=\"jtg-851\" class=\"modula modula-gallery modula-columns\" data-config=\"{&quot;enableTwitter&quot;:false,&quot;enableWhatsapp&quot;:false,&quot;enableFacebook&quot;:false,&quot;enablePinterest&quot;:false,&quot;enableLinkedin&quot;:false,&quot;randomFactor&quot;:0.5,&quot;type&quot;:&quot;grid&quot;,&quot;columns&quot;:12,&quot;gutter&quot;:10,&quot;enableResponsive&quot;:&quot;0&quot;,&quot;tabletColumns&quot;:&quot;2&quot;,&quot;mobileColumns&quot;:&quot;1&quot;,&quot;lazyLoad&quot;:&quot;1&quot;,&quot;lightboxOpts&quot;:{&quot;loop&quot;:false,&quot;arrows&quot;:true,&quot;toolbar&quot;:true,&quot;keyboard&quot;:false,&quot;wheel&quot;:false,&quot;buttons&quot;:[&quot;close&quot;],&quot;hash&quot;:false,&quot;lang&quot;:&quot;en&quot;,&quot;touch&quot;:false,&quot;protect&quot;:false,&quot;i18n&quot;:{&quot;en&quot;:{&quot;CLOSE&quot;:&quot;Close&quot;,&quot;NEXT&quot;:&quot;Next&quot;,&quot;PREV&quot;:&quot;Previous&quot;,&quot;Error&quot;:&quot;The requested content cannot be loaded. Please try again later.&quot;,&quot;PLAY_START&quot;:&quot;Start slideshow&quot;,&quot;PLAY_STOP&quot;:&quot;Pause slideshow&quot;,&quot;FULL_SCREEN&quot;:&quot;Full screen&quot;,&quot;THUMBS&quot;:&quot;Thumbnails&quot;,&quot;DOWNLOAD&quot;:&quot;Download&quot;,&quot;SHARE&quot;:&quot;Share&quot;,&quot;ZOOM&quot;:&quot;Zoom&quot;}},&quot;clickSlide&quot;:false,&quot;clickOutside&quot;:false,&quot;dblclickContent&quot;:false,&quot;dblclickSlide&quot;:false,&quot;dblclickOutside&quot;:false,&quot;clickContent&quot;:false},&quot;inView&quot;:false,&quot;grid_type&quot;:&quot;automatic&quot;,&quot;rowHeight&quot;:150,&quot;lastRow&quot;:&quot;justify&quot;,&quot;lightbox&quot;:&quot;fancybox&quot;}\">\n\n\t\n\t<!-- Items Container -->\n\t<div  class=\"modula-items grid-gallery\">\n\t\t<div class=\"modula-item effect-pufrobo\" >\n\t<div class=\"modula-item-overlay\"><\/div>\n\n\t<div class=\"modula-item-content\">\n\n\t\t\t\t\n\t\t\t\t\t<a href=\"https:\/\/astaula.com\/wp-content\/uploads\/2023\/04\/DSC_1205.jpg\" data-elementor-open-lightbox=\"no\" rel=\"jtg-851\" data-caption=\"Personalin\u0117 tapybos darb\u0173 paroda \u201eReg\u0117jimas&quot;. Sveikatingumo centras \u201eVidmavita&quot;, Panev\u0117\u017eys. 2020 m. rugpj\u016btis \u2013 2021 m. kovas\" class=\"tile-inner modula-item-link\"><\/a>\n\t\t\n\t\t\n\t\t<img class='pic' data-valign=\"middle\" data-halign=\"center\" alt=\"\" src=\"https:\/\/astaula.com\/wp-content\/uploads\/2023\/04\/DSC_1205-1024x683.jpg\" data-src=\"https:\/\/astaula.com\/wp-content\/uploads\/2023\/04\/DSC_1205-1024x683.jpg\"\/>\n\n\t\t\n\t\t<div class=\"figc\">\n\t\t\t<div class=\"figc-inner\">\n\t\t\t\t\t\t\t\t\t\t\t\t\t\t\t\t<div class=\"jtg-social\">\n\t\t\t\t\t\t\t\t\t\t\t\t\t\t\t\t\t\t\t\t\t\t\t\t\t\t\t\t\t<\/div>\n\t\t\t\t\t\t\t<\/div>\n\t\t<\/div>\n\n\t<\/div>\n\n<\/div><div class=\"modula-item effect-pufrobo\" >\n\t<div class=\"modula-item-overlay\"><\/div>\n\n\t<div class=\"modula-item-content\">\n\n\t\t\t\t\n\t\t\t\t\t<a href=\"https:\/\/astaula.com\/wp-content\/uploads\/2023\/04\/DSC_1184.jpg\" data-elementor-open-lightbox=\"no\" rel=\"jtg-851\" data-caption=\"Personalin\u0117 tapybos darb\u0173 paroda \u201eReg\u0117jimas&quot;. Sveikatingumo centras \u201eVidmavita&quot;, Panev\u0117\u017eys. 2020 m. rugpj\u016btis \u2013 2021 m. kovas\" class=\"tile-inner modula-item-link\"><\/a>\n\t\t\n\t\t\n\t\t<img class='pic' data-valign=\"middle\" data-halign=\"center\" alt=\"\" src=\"https:\/\/astaula.com\/wp-content\/uploads\/2023\/04\/DSC_1184-1024x683.jpg\" data-src=\"https:\/\/astaula.com\/wp-content\/uploads\/2023\/04\/DSC_1184-1024x683.jpg\"\/>\n\n\t\t\n\t\t<div class=\"figc\">\n\t\t\t<div class=\"figc-inner\">\n\t\t\t\t\t\t\t\t\t\t\t\t\t\t\t\t<div class=\"jtg-social\">\n\t\t\t\t\t\t\t\t\t\t\t\t\t\t\t\t\t\t\t\t\t\t\t\t\t\t\t\t\t<\/div>\n\t\t\t\t\t\t\t<\/div>\n\t\t<\/div>\n\n\t<\/div>\n\n<\/div><div class=\"modula-item effect-pufrobo\" >\n\t<div class=\"modula-item-overlay\"><\/div>\n\n\t<div class=\"modula-item-content\">\n\n\t\t\t\t\n\t\t\t\t\t<a href=\"https:\/\/astaula.com\/wp-content\/uploads\/2023\/04\/page_0001.jpg\" data-elementor-open-lightbox=\"no\" rel=\"jtg-851\" data-caption=\"Personalin\u0117 tapybos darb\u0173 paroda \u201eReg\u0117jimas&quot;. Sveikatingumo centras \u201eVidmavita&quot;, Panev\u0117\u017eys. 2020 m. rugpj\u016btis \u2013 2021 m. kovas\" class=\"tile-inner modula-item-link\"><\/a>\n\t\t\n\t\t\n\t\t<img class='pic' data-valign=\"middle\" data-halign=\"center\" alt=\"\" src=\"https:\/\/astaula.com\/wp-content\/uploads\/2023\/04\/page_0001-725x1024.jpg\" data-src=\"https:\/\/astaula.com\/wp-content\/uploads\/2023\/04\/page_0001-725x1024.jpg\"\/>\n\n\t\t\n\t\t<div class=\"figc\">\n\t\t\t<div class=\"figc-inner\">\n\t\t\t\t\t\t\t\t\t\t\t\t\t\t\t\t<div class=\"jtg-social\">\n\t\t\t\t\t\t\t\t\t\t\t\t\t\t\t\t\t\t\t\t\t\t\t\t\t\t\t\t\t<\/div>\n\t\t\t\t\t\t\t<\/div>\n\t\t<\/div>\n\n\t<\/div>\n\n<\/div><div class=\"modula-item effect-pufrobo\" >\n\t<div class=\"modula-item-overlay\"><\/div>\n\n\t<div class=\"modula-item-content\">\n\n\t\t\t\t\n\t\t\t\t\t<a href=\"https:\/\/astaula.com\/wp-content\/uploads\/2023\/04\/AstaUlyteaprasymasRegejimas.jpg\" data-elementor-open-lightbox=\"no\" rel=\"jtg-851\" data-caption=\"Personalin\u0117 tapybos darb\u0173 paroda \u201eReg\u0117jimas&quot;. Sveikatingumo centras \u201eVidmavita&quot;, Panev\u0117\u017eys. 2020 m. rugpj\u016btis \u2013 2021 m. kovas\" class=\"tile-inner modula-item-link\"><\/a>\n\t\t\n\t\t\n\t\t<img class='pic' data-valign=\"middle\" data-halign=\"center\" alt=\"\" src=\"https:\/\/astaula.com\/wp-content\/uploads\/2023\/04\/AstaUlyteaprasymasRegejimas-724x1024.jpg\" data-src=\"https:\/\/astaula.com\/wp-content\/uploads\/2023\/04\/AstaUlyteaprasymasRegejimas-724x1024.jpg\"\/>\n\n\t\t\n\t\t<div class=\"figc\">\n\t\t\t<div class=\"figc-inner\">\n\t\t\t\t\t\t\t\t\t\t\t\t\t\t\t\t<div class=\"jtg-social\">\n\t\t\t\t\t\t\t\t\t\t\t\t\t\t\t\t\t\t\t\t\t\t\t\t\t\t\t\t\t<\/div>\n\t\t\t\t\t\t\t<\/div>\n\t\t<\/div>\n\n\t<\/div>\n\n<\/div><div class=\"modula-item effect-pufrobo\" >\n\t<div class=\"modula-item-overlay\"><\/div>\n\n\t<div class=\"modula-item-content\">\n\n\t\t\t\t\n\t\t\t\t\t<a href=\"https:\/\/astaula.com\/wp-content\/uploads\/2023\/04\/DSC_1171.jpg\" data-elementor-open-lightbox=\"no\" rel=\"jtg-851\" data-caption=\"Personalin\u0117 tapybos darb\u0173 paroda \u201eReg\u0117jimas&quot;. Sveikatingumo centras \u201eVidmavita&quot;, Panev\u0117\u017eys. 2020 m. rugpj\u016btis \u2013 2021 m. kovas\" class=\"tile-inner modula-item-link\"><\/a>\n\t\t\n\t\t\n\t\t<img class='pic' data-valign=\"middle\" data-halign=\"center\" alt=\"\" src=\"https:\/\/astaula.com\/wp-content\/uploads\/2023\/04\/DSC_1171-1024x683.jpg\" data-src=\"https:\/\/astaula.com\/wp-content\/uploads\/2023\/04\/DSC_1171-1024x683.jpg\"\/>\n\n\t\t\n\t\t<div class=\"figc\">\n\t\t\t<div class=\"figc-inner\">\n\t\t\t\t\t\t\t\t\t\t\t\t\t\t\t\t<div class=\"jtg-social\">\n\t\t\t\t\t\t\t\t\t\t\t\t\t\t\t\t\t\t\t\t\t\t\t\t\t\t\t\t\t<\/div>\n\t\t\t\t\t\t\t<\/div>\n\t\t<\/div>\n\n\t<\/div>\n\n<\/div><div class=\"modula-item effect-pufrobo\" >\n\t<div class=\"modula-item-overlay\"><\/div>\n\n\t<div class=\"modula-item-content\">\n\n\t\t\t\t\n\t\t\t\t\t<a href=\"https:\/\/astaula.com\/wp-content\/uploads\/2023\/04\/DSC_1173.jpg\" data-elementor-open-lightbox=\"no\" rel=\"jtg-851\" data-caption=\"Personalin\u0117 tapybos darb\u0173 paroda \u201eReg\u0117jimas&quot;. Sveikatingumo centras \u201eVidmavita&quot;, Panev\u0117\u017eys. 2020 m. rugpj\u016btis \u2013 2021 m. kovas\" class=\"tile-inner modula-item-link\"><\/a>\n\t\t\n\t\t\n\t\t<img class='pic' data-valign=\"middle\" data-halign=\"center\" alt=\"\" src=\"https:\/\/astaula.com\/wp-content\/uploads\/2023\/04\/DSC_1173-1024x683.jpg\" data-src=\"https:\/\/astaula.com\/wp-content\/uploads\/2023\/04\/DSC_1173-1024x683.jpg\"\/>\n\n\t\t\n\t\t<div class=\"figc\">\n\t\t\t<div class=\"figc-inner\">\n\t\t\t\t\t\t\t\t\t\t\t\t\t\t\t\t<div class=\"jtg-social\">\n\t\t\t\t\t\t\t\t\t\t\t\t\t\t\t\t\t\t\t\t\t\t\t\t\t\t\t\t\t<\/div>\n\t\t\t\t\t\t\t<\/div>\n\t\t<\/div>\n\n\t<\/div>\n\n<\/div><div class=\"modula-item effect-pufrobo\" >\n\t<div class=\"modula-item-overlay\"><\/div>\n\n\t<div class=\"modula-item-content\">\n\n\t\t\t\t\n\t\t\t\t\t<a href=\"https:\/\/astaula.com\/wp-content\/uploads\/2023\/04\/DSC_1174.jpg\" data-elementor-open-lightbox=\"no\" rel=\"jtg-851\" data-caption=\"Personalin\u0117 tapybos darb\u0173 paroda \u201eReg\u0117jimas&quot;. Sveikatingumo centras \u201eVidmavita&quot;, Panev\u0117\u017eys. 2020 m. rugpj\u016btis \u2013 2021 m. kovas\" class=\"tile-inner modula-item-link\"><\/a>\n\t\t\n\t\t\n\t\t<img class='pic' data-valign=\"middle\" data-halign=\"center\" alt=\"\" src=\"https:\/\/astaula.com\/wp-content\/uploads\/2023\/04\/DSC_1174-1024x683.jpg\" data-src=\"https:\/\/astaula.com\/wp-content\/uploads\/2023\/04\/DSC_1174-1024x683.jpg\"\/>\n\n\t\t\n\t\t<div class=\"figc\">\n\t\t\t<div class=\"figc-inner\">\n\t\t\t\t\t\t\t\t\t\t\t\t\t\t\t\t<div class=\"jtg-social\">\n\t\t\t\t\t\t\t\t\t\t\t\t\t\t\t\t\t\t\t\t\t\t\t\t\t\t\t\t\t<\/div>\n\t\t\t\t\t\t\t<\/div>\n\t\t<\/div>\n\n\t<\/div>\n\n<\/div><div class=\"modula-item effect-pufrobo\" >\n\t<div class=\"modula-item-overlay\"><\/div>\n\n\t<div class=\"modula-item-content\">\n\n\t\t\t\t\n\t\t\t\t\t<a href=\"https:\/\/astaula.com\/wp-content\/uploads\/2023\/04\/DSC_1175.jpg\" data-elementor-open-lightbox=\"no\" rel=\"jtg-851\" data-caption=\"Personalin\u0117 tapybos darb\u0173 paroda \u201eReg\u0117jimas&quot;. Sveikatingumo centras \u201eVidmavita&quot;, Panev\u0117\u017eys. 2020 m. rugpj\u016btis \u2013 2021 m. kovas\" class=\"tile-inner modula-item-link\"><\/a>\n\t\t\n\t\t\n\t\t<img class='pic' data-valign=\"middle\" data-halign=\"center\" alt=\"\" src=\"https:\/\/astaula.com\/wp-content\/uploads\/2023\/04\/DSC_1175-1024x683.jpg\" data-src=\"https:\/\/astaula.com\/wp-content\/uploads\/2023\/04\/DSC_1175-1024x683.jpg\"\/>\n\n\t\t\n\t\t<div class=\"figc\">\n\t\t\t<div class=\"figc-inner\">\n\t\t\t\t\t\t\t\t\t\t\t\t\t\t\t\t<div class=\"jtg-social\">\n\t\t\t\t\t\t\t\t\t\t\t\t\t\t\t\t\t\t\t\t\t\t\t\t\t\t\t\t\t<\/div>\n\t\t\t\t\t\t\t<\/div>\n\t\t<\/div>\n\n\t<\/div>\n\n<\/div><div class=\"modula-item effect-pufrobo\" >\n\t<div class=\"modula-item-overlay\"><\/div>\n\n\t<div class=\"modula-item-content\">\n\n\t\t\t\t\n\t\t\t\t\t<a href=\"https:\/\/astaula.com\/wp-content\/uploads\/2023\/04\/DSC_1178-2.jpg\" data-elementor-open-lightbox=\"no\" rel=\"jtg-851\" data-caption=\"Personalin\u0117 tapybos darb\u0173 paroda \u201eReg\u0117jimas&quot;. Sveikatingumo centras \u201eVidmavita&quot;, Panev\u0117\u017eys. 2020 m. rugpj\u016btis \u2013 2021 m. kovas\" class=\"tile-inner modula-item-link\"><\/a>\n\t\t\n\t\t\n\t\t<img class='pic' data-valign=\"middle\" data-halign=\"center\" alt=\"\" src=\"https:\/\/astaula.com\/wp-content\/uploads\/2023\/04\/DSC_1178-2-683x1024.jpg\" data-src=\"https:\/\/astaula.com\/wp-content\/uploads\/2023\/04\/DSC_1178-2-683x1024.jpg\"\/>\n\n\t\t\n\t\t<div class=\"figc\">\n\t\t\t<div class=\"figc-inner\">\n\t\t\t\t\t\t\t\t\t\t\t\t\t\t\t\t<div class=\"jtg-social\">\n\t\t\t\t\t\t\t\t\t\t\t\t\t\t\t\t\t\t\t\t\t\t\t\t\t\t\t\t\t<\/div>\n\t\t\t\t\t\t\t<\/div>\n\t\t<\/div>\n\n\t<\/div>\n\n<\/div><div class=\"modula-item effect-pufrobo\" >\n\t<div class=\"modula-item-overlay\"><\/div>\n\n\t<div class=\"modula-item-content\">\n\n\t\t\t\t\n\t\t\t\t\t<a href=\"https:\/\/astaula.com\/wp-content\/uploads\/2023\/04\/DSC_1179.jpg\" data-elementor-open-lightbox=\"no\" rel=\"jtg-851\" data-caption=\"Personalin\u0117 tapybos darb\u0173 paroda \u201eReg\u0117jimas&quot;. Sveikatingumo centras \u201eVidmavita&quot;, Panev\u0117\u017eys. 2020 m. rugpj\u016btis \u2013 2021 m. kovas\" class=\"tile-inner modula-item-link\"><\/a>\n\t\t\n\t\t\n\t\t<img class='pic' data-valign=\"middle\" data-halign=\"center\" alt=\"\" src=\"https:\/\/astaula.com\/wp-content\/uploads\/2023\/04\/DSC_1179-1024x683.jpg\" data-src=\"https:\/\/astaula.com\/wp-content\/uploads\/2023\/04\/DSC_1179-1024x683.jpg\"\/>\n\n\t\t\n\t\t<div class=\"figc\">\n\t\t\t<div class=\"figc-inner\">\n\t\t\t\t\t\t\t\t\t\t\t\t\t\t\t\t<div class=\"jtg-social\">\n\t\t\t\t\t\t\t\t\t\t\t\t\t\t\t\t\t\t\t\t\t\t\t\t\t\t\t\t\t<\/div>\n\t\t\t\t\t\t\t<\/div>\n\t\t<\/div>\n\n\t<\/div>\n\n<\/div><div class=\"modula-item effect-pufrobo\" >\n\t<div class=\"modula-item-overlay\"><\/div>\n\n\t<div class=\"modula-item-content\">\n\n\t\t\t\t\n\t\t\t\t\t<a href=\"https:\/\/astaula.com\/wp-content\/uploads\/2023\/04\/DSC_1180.jpg\" data-elementor-open-lightbox=\"no\" rel=\"jtg-851\" data-caption=\"Personalin\u0117 tapybos darb\u0173 paroda \u201eReg\u0117jimas&quot;. Sveikatingumo centras \u201eVidmavita&quot;, Panev\u0117\u017eys. 2020 m. rugpj\u016btis \u2013 2021 m. kovas\" class=\"tile-inner modula-item-link\"><\/a>\n\t\t\n\t\t\n\t\t<img class='pic' data-valign=\"middle\" data-halign=\"center\" alt=\"\" src=\"https:\/\/astaula.com\/wp-content\/uploads\/2023\/04\/DSC_1180-1024x683.jpg\" data-src=\"https:\/\/astaula.com\/wp-content\/uploads\/2023\/04\/DSC_1180-1024x683.jpg\"\/>\n\n\t\t\n\t\t<div class=\"figc\">\n\t\t\t<div class=\"figc-inner\">\n\t\t\t\t\t\t\t\t\t\t\t\t\t\t\t\t<div class=\"jtg-social\">\n\t\t\t\t\t\t\t\t\t\t\t\t\t\t\t\t\t\t\t\t\t\t\t\t\t\t\t\t\t<\/div>\n\t\t\t\t\t\t\t<\/div>\n\t\t<\/div>\n\n\t<\/div>\n\n<\/div><div class=\"modula-item effect-pufrobo\" >\n\t<div class=\"modula-item-overlay\"><\/div>\n\n\t<div class=\"modula-item-content\">\n\n\t\t\t\t\n\t\t\t\t\t<a href=\"https:\/\/astaula.com\/wp-content\/uploads\/2023\/04\/DSC_1181.jpg\" data-elementor-open-lightbox=\"no\" rel=\"jtg-851\" data-caption=\"Personalin\u0117 tapybos darb\u0173 paroda \u201eReg\u0117jimas&quot;. Sveikatingumo centras \u201eVidmavita&quot;, Panev\u0117\u017eys. 2020 m. rugpj\u016btis \u2013 2021 m. kovas\" class=\"tile-inner modula-item-link\"><\/a>\n\t\t\n\t\t\n\t\t<img class='pic' data-valign=\"middle\" data-halign=\"center\" alt=\"\" src=\"https:\/\/astaula.com\/wp-content\/uploads\/2023\/04\/DSC_1181-1024x683.jpg\" data-src=\"https:\/\/astaula.com\/wp-content\/uploads\/2023\/04\/DSC_1181-1024x683.jpg\"\/>\n\n\t\t\n\t\t<div class=\"figc\">\n\t\t\t<div class=\"figc-inner\">\n\t\t\t\t\t\t\t\t\t\t\t\t\t\t\t\t<div class=\"jtg-social\">\n\t\t\t\t\t\t\t\t\t\t\t\t\t\t\t\t\t\t\t\t\t\t\t\t\t\t\t\t\t<\/div>\n\t\t\t\t\t\t\t<\/div>\n\t\t<\/div>\n\n\t<\/div>\n\n<\/div><div class=\"modula-item effect-pufrobo\" >\n\t<div class=\"modula-item-overlay\"><\/div>\n\n\t<div class=\"modula-item-content\">\n\n\t\t\t\t\n\t\t\t\t\t<a href=\"https:\/\/astaula.com\/wp-content\/uploads\/2023\/04\/DSC_1182.jpg\" data-elementor-open-lightbox=\"no\" rel=\"jtg-851\" data-caption=\"Personalin\u0117 tapybos darb\u0173 paroda \u201eReg\u0117jimas&quot;. Sveikatingumo centras \u201eVidmavita&quot;, Panev\u0117\u017eys. 2020 m. rugpj\u016btis \u2013 2021 m. kovas\" class=\"tile-inner modula-item-link\"><\/a>\n\t\t\n\t\t\n\t\t<img class='pic' data-valign=\"middle\" data-halign=\"center\" alt=\"\" src=\"https:\/\/astaula.com\/wp-content\/uploads\/2023\/04\/DSC_1182-1024x683.jpg\" data-src=\"https:\/\/astaula.com\/wp-content\/uploads\/2023\/04\/DSC_1182-1024x683.jpg\"\/>\n\n\t\t\n\t\t<div class=\"figc\">\n\t\t\t<div class=\"figc-inner\">\n\t\t\t\t\t\t\t\t\t\t\t\t\t\t\t\t<div class=\"jtg-social\">\n\t\t\t\t\t\t\t\t\t\t\t\t\t\t\t\t\t\t\t\t\t\t\t\t\t\t\t\t\t<\/div>\n\t\t\t\t\t\t\t<\/div>\n\t\t<\/div>\n\n\t<\/div>\n\n<\/div><div class=\"modula-item effect-pufrobo\" >\n\t<div class=\"modula-item-overlay\"><\/div>\n\n\t<div class=\"modula-item-content\">\n\n\t\t\t\t\n\t\t\t\t\t<a href=\"https:\/\/astaula.com\/wp-content\/uploads\/2023\/04\/DSC_1183.jpg\" data-elementor-open-lightbox=\"no\" rel=\"jtg-851\" data-caption=\"Personalin\u0117 tapybos darb\u0173 paroda \u201eReg\u0117jimas&quot;. Sveikatingumo centras \u201eVidmavita&quot;, Panev\u0117\u017eys. 2020 m. rugpj\u016btis \u2013 2021 m. kovas\" class=\"tile-inner modula-item-link\"><\/a>\n\t\t\n\t\t\n\t\t<img class='pic' data-valign=\"middle\" data-halign=\"center\" alt=\"\" src=\"https:\/\/astaula.com\/wp-content\/uploads\/2023\/04\/DSC_1183-1024x683.jpg\" data-src=\"https:\/\/astaula.com\/wp-content\/uploads\/2023\/04\/DSC_1183-1024x683.jpg\"\/>\n\n\t\t\n\t\t<div class=\"figc\">\n\t\t\t<div class=\"figc-inner\">\n\t\t\t\t\t\t\t\t\t\t\t\t\t\t\t\t<div class=\"jtg-social\">\n\t\t\t\t\t\t\t\t\t\t\t\t\t\t\t\t\t\t\t\t\t\t\t\t\t\t\t\t\t<\/div>\n\t\t\t\t\t\t\t<\/div>\n\t\t<\/div>\n\n\t<\/div>\n\n<\/div><div class=\"modula-item effect-pufrobo\" >\n\t<div class=\"modula-item-overlay\"><\/div>\n\n\t<div class=\"modula-item-content\">\n\n\t\t\t\t\n\t\t\t\t\t<a href=\"https:\/\/astaula.com\/wp-content\/uploads\/2023\/04\/DSC_1192.jpg\" data-elementor-open-lightbox=\"no\" rel=\"jtg-851\" data-caption=\"Personalin\u0117 tapybos darb\u0173 paroda \u201eReg\u0117jimas&quot;. Sveikatingumo centras \u201eVidmavita&quot;, Panev\u0117\u017eys. 2020 m. rugpj\u016btis \u2013 2021 m. kovas\" class=\"tile-inner modula-item-link\"><\/a>\n\t\t\n\t\t\n\t\t<img class='pic' data-valign=\"middle\" data-halign=\"center\" alt=\"\" src=\"https:\/\/astaula.com\/wp-content\/uploads\/2023\/04\/DSC_1192-1024x683.jpg\" data-src=\"https:\/\/astaula.com\/wp-content\/uploads\/2023\/04\/DSC_1192-1024x683.jpg\"\/>\n\n\t\t\n\t\t<div class=\"figc\">\n\t\t\t<div class=\"figc-inner\">\n\t\t\t\t\t\t\t\t\t\t\t\t\t\t\t\t<div class=\"jtg-social\">\n\t\t\t\t\t\t\t\t\t\t\t\t\t\t\t\t\t\t\t\t\t\t\t\t\t\t\t\t\t<\/div>\n\t\t\t\t\t\t\t<\/div>\n\t\t<\/div>\n\n\t<\/div>\n\n<\/div><div class=\"modula-item effect-pufrobo\" >\n\t<div class=\"modula-item-overlay\"><\/div>\n\n\t<div class=\"modula-item-content\">\n\n\t\t\t\t\n\t\t\t\t\t<a href=\"https:\/\/astaula.com\/wp-content\/uploads\/2023\/04\/DSC_1195.jpg\" data-elementor-open-lightbox=\"no\" rel=\"jtg-851\" data-caption=\"Personalin\u0117 tapybos darb\u0173 paroda \u201eReg\u0117jimas&quot;. Sveikatingumo centras \u201eVidmavita&quot;, Panev\u0117\u017eys. 2020 m. rugpj\u016btis \u2013 2021 m. kovas\" class=\"tile-inner modula-item-link\"><\/a>\n\t\t\n\t\t\n\t\t<img class='pic' data-valign=\"middle\" data-halign=\"center\" alt=\"\" src=\"https:\/\/astaula.com\/wp-content\/uploads\/2023\/04\/DSC_1195-1024x683.jpg\" data-src=\"https:\/\/astaula.com\/wp-content\/uploads\/2023\/04\/DSC_1195-1024x683.jpg\"\/>\n\n\t\t\n\t\t<div class=\"figc\">\n\t\t\t<div class=\"figc-inner\">\n\t\t\t\t\t\t\t\t\t\t\t\t\t\t\t\t<div class=\"jtg-social\">\n\t\t\t\t\t\t\t\t\t\t\t\t\t\t\t\t\t\t\t\t\t\t\t\t\t\t\t\t\t<\/div>\n\t\t\t\t\t\t\t<\/div>\n\t\t<\/div>\n\n\t<\/div>\n\n<\/div><div class=\"modula-item effect-pufrobo\" >\n\t<div class=\"modula-item-overlay\"><\/div>\n\n\t<div class=\"modula-item-content\">\n\n\t\t\t\t\n\t\t\t\t\t<a href=\"https:\/\/astaula.com\/wp-content\/uploads\/2023\/04\/DSC_1198.jpg\" data-elementor-open-lightbox=\"no\" rel=\"jtg-851\" data-caption=\"Personalin\u0117 tapybos darb\u0173 paroda \u201eReg\u0117jimas&quot;. Sveikatingumo centras \u201eVidmavita&quot;, Panev\u0117\u017eys. 2020 m. rugpj\u016btis \u2013 2021 m. kovas\" class=\"tile-inner modula-item-link\"><\/a>\n\t\t\n\t\t\n\t\t<img class='pic' data-valign=\"middle\" data-halign=\"center\" alt=\"\" src=\"https:\/\/astaula.com\/wp-content\/uploads\/2023\/04\/DSC_1198-1024x683.jpg\" data-src=\"https:\/\/astaula.com\/wp-content\/uploads\/2023\/04\/DSC_1198-1024x683.jpg\"\/>\n\n\t\t\n\t\t<div class=\"figc\">\n\t\t\t<div class=\"figc-inner\">\n\t\t\t\t\t\t\t\t\t\t\t\t\t\t\t\t<div class=\"jtg-social\">\n\t\t\t\t\t\t\t\t\t\t\t\t\t\t\t\t\t\t\t\t\t\t\t\t\t\t\t\t\t<\/div>\n\t\t\t\t\t\t\t<\/div>\n\t\t<\/div>\n\n\t<\/div>\n\n<\/div><div class=\"modula-item effect-pufrobo\" >\n\t<div class=\"modula-item-overlay\"><\/div>\n\n\t<div class=\"modula-item-content\">\n\n\t\t\t\t\n\t\t\t\t\t<a href=\"https:\/\/astaula.com\/wp-content\/uploads\/2023\/04\/DSC_1169-2.jpg\" data-elementor-open-lightbox=\"no\" rel=\"jtg-851\" data-caption=\"Personalin\u0117 tapybos darb\u0173 paroda \u201eReg\u0117jimas&quot;. Sveikatingumo centras \u201eVidmavita&quot;, Panev\u0117\u017eys. 2020 m. rugpj\u016btis \u2013 2021 m. kovas\" class=\"tile-inner modula-item-link\"><\/a>\n\t\t\n\t\t\n\t\t<img class='pic' data-valign=\"middle\" data-halign=\"center\" alt=\"\" src=\"https:\/\/astaula.com\/wp-content\/uploads\/2023\/04\/DSC_1169-2-1024x683.jpg\" data-src=\"https:\/\/astaula.com\/wp-content\/uploads\/2023\/04\/DSC_1169-2-1024x683.jpg\"\/>\n\n\t\t\n\t\t<div class=\"figc\">\n\t\t\t<div class=\"figc-inner\">\n\t\t\t\t\t\t\t\t\t\t\t\t\t\t\t\t<div class=\"jtg-social\">\n\t\t\t\t\t\t\t\t\t\t\t\t\t\t\t\t\t\t\t\t\t\t\t\t\t\t\t\t\t<\/div>\n\t\t\t\t\t\t\t<\/div>\n\t\t<\/div>\n\n\t<\/div>\n\n<\/div><div class=\"modula-item effect-pufrobo\" >\n\t<div class=\"modula-item-overlay\"><\/div>\n\n\t<div class=\"modula-item-content\">\n\n\t\t\t\t\n\t\t\t\t\t<a href=\"https:\/\/astaula.com\/wp-content\/uploads\/2023\/04\/DSC_1169.jpg\" data-elementor-open-lightbox=\"no\" rel=\"jtg-851\" data-caption=\"Personalin\u0117 tapybos darb\u0173 paroda \u201eReg\u0117jimas&quot;. Sveikatingumo centras \u201eVidmavita&quot;, Panev\u0117\u017eys. 2020 m. rugpj\u016btis \u2013 2021 m. kovas\" class=\"tile-inner modula-item-link\"><\/a>\n\t\t\n\t\t\n\t\t<img class='pic' data-valign=\"middle\" data-halign=\"center\" alt=\"\" src=\"https:\/\/astaula.com\/wp-content\/uploads\/2023\/04\/DSC_1169-1024x683.jpg\" data-src=\"https:\/\/astaula.com\/wp-content\/uploads\/2023\/04\/DSC_1169-1024x683.jpg\"\/>\n\n\t\t\n\t\t<div class=\"figc\">\n\t\t\t<div class=\"figc-inner\">\n\t\t\t\t\t\t\t\t\t\t\t\t\t\t\t\t<div class=\"jtg-social\">\n\t\t\t\t\t\t\t\t\t\t\t\t\t\t\t\t\t\t\t\t\t\t\t\t\t\t\t\t\t<\/div>\n\t\t\t\t\t\t\t<\/div>\n\t\t<\/div>\n\n\t<\/div>\n\n<\/div><div class=\"modula-item effect-pufrobo\" >\n\t<div class=\"modula-item-overlay\"><\/div>\n\n\t<div class=\"modula-item-content\">\n\n\t\t\t\t\n\t\t\t\t\t<a href=\"https:\/\/astaula.com\/wp-content\/uploads\/2023\/04\/DSC_1178.jpg\" data-elementor-open-lightbox=\"no\" rel=\"jtg-851\" data-caption=\"Personalin\u0117 tapybos darb\u0173 paroda \u201eReg\u0117jimas&quot;. Sveikatingumo centras \u201eVidmavita&quot;, Panev\u0117\u017eys. 2020 m. rugpj\u016btis \u2013 2021 m. kovas\" class=\"tile-inner modula-item-link\"><\/a>\n\t\t\n\t\t\n\t\t<img class='pic' data-valign=\"middle\" data-halign=\"center\" alt=\"\" src=\"https:\/\/astaula.com\/wp-content\/uploads\/2023\/04\/DSC_1178-683x1024.jpg\" data-src=\"https:\/\/astaula.com\/wp-content\/uploads\/2023\/04\/DSC_1178-683x1024.jpg\"\/>\n\n\t\t\n\t\t<div class=\"figc\">\n\t\t\t<div class=\"figc-inner\">\n\t\t\t\t\t\t\t\t\t\t\t\t\t\t\t\t<div class=\"jtg-social\">\n\t\t\t\t\t\t\t\t\t\t\t\t\t\t\t\t\t\t\t\t\t\t\t\t\t\t\t\t\t<\/div>\n\t\t\t\t\t\t\t<\/div>\n\t\t<\/div>\n\n\t<\/div>\n\n<\/div>\t\t\n\t<\/div>\n\n\t\n\t\n\t<script type=\"application\/ld+json\">\n\t{\n\t\t\"@context\": \"http:\/\/schema.org\",\n\t\t\"@type\"   : \"ImageGallery\",\n\t\t\"id\"      : \"https:\/\/astaula.com\",\n\t\t\"url\"     : \"https:\/\/astaula.com\"\n\t}\n\n    <\/script>\n\n\t\n<\/div>","protected":false},"excerpt":{"rendered":"<p>Personalin\u0117 tapybos darb\u0173 paroda \u201eReg\u0117jimas\u201c surengta 2020 m. rugpj\u016bt\u012f \u2013 2021 m. kov\u0105 sveikatingumo centre \u201eVidmavita&#8221;, Panev\u0117\u017eyje. Parodoje eksponuota vienuolika paveiksl\u0173, tapyt\u0173 aliejiniais da\u017eais ant drob\u0117s nuo 2017 iki 2020 m.<\/p>\n","protected":false},"author":1,"featured_media":0,"parent":0,"menu_order":0,"comment_status":"closed","ping_status":"closed","template":"","meta":[],"_links":{"self":[{"href":"https:\/\/astaula.com\/index.php?rest_route=\/wp\/v2\/pages\/855"}],"collection":[{"href":"https:\/\/astaula.com\/index.php?rest_route=\/wp\/v2\/pages"}],"about":[{"href":"https:\/\/astaula.com\/index.php?rest_route=\/wp\/v2\/types\/page"}],"author":[{"embeddable":true,"href":"https:\/\/astaula.com\/index.php?rest_route=\/wp\/v2\/users\/1"}],"replies":[{"embeddable":true,"href":"https:\/\/astaula.com\/index.php?rest_route=%2Fwp%2Fv2%2Fcomments&post=855"}],"version-history":[{"count":12,"href":"https:\/\/astaula.com\/index.php?rest_route=\/wp\/v2\/pages\/855\/revisions"}],"predecessor-version":[{"id":2531,"href":"https:\/\/astaula.com\/index.php?rest_route=\/wp\/v2\/pages\/855\/revisions\/2531"}],"wp:attachment":[{"href":"https:\/\/astaula.com\/index.php?rest_route=%2Fwp%2Fv2%2Fmedia&parent=855"}],"curies":[{"name":"wp","href":"https:\/\/api.w.org\/{rel}","templated":true}]}}