{"id":847,"date":"2020-09-13T17:22:23","date_gmt":"2020-09-13T15:22:23","guid":{"rendered":"https:\/\/astaula.com\/?page_id=847"},"modified":"2023-04-10T17:13:22","modified_gmt":"2023-04-10T15:13:22","slug":"paroda-pabudimas-vadokliu-kulturos-centras-2020-kovas-geguze","status":"publish","type":"page","link":"https:\/\/astaula.com\/?page_id=847","title":{"rendered":"\u201ePabudimas\u201d. Vadokli\u0173 kult\u016bros centras, Panev\u0117\u017eio r. 2020 m. kovas\u2013gegu\u017e\u0117"},"content":{"rendered":"\n<p class=\"has-text-align-center\"><span class=\"has-inline-color has-white-color\">Tre\u010dioji personalin\u0117 tapybos darb\u0173 paroda \u201ePabudimas\u201c surengta 2020 m. kov\u0105\u2013gegu\u017e\u0119 Vadokli\u0173 kult\u016bros centre, Panev\u0117\u017eio rajone. \u0160is miestelis darb\u0173 eksponavimui pasirinktas neatsitiktinai, nes b\u016btent i\u0161 Vadokli\u0173 kil\u0119 abu mano t\u0117vai, taip pat \u010dia gyvena ir gausus giminai\u010di\u0173 b\u016brys. D\u0117l \u0161ios prie\u017easties paveiksl\u0173 kelion\u0117s prad\u017eia prasmingai susiejama su \u0161eimos kilme ir \u0161aknimis.<\/span><\/p>\n\n\n\n<p class=\"has-text-align-center\"><span class=\"has-inline-color has-white-color\">Kult\u016bros centre eksponuoti a\u0161tuoni paveikslai, tapyti aliejiniais da\u017eais ant drob\u0117s, kurti 2017\u20132020 metais.<\/span><\/p>\n\n\n<style>#jtg-838 .modula-item .jtg-social a, .lightbox-socials.jtg-social a{ color: #ffffff }#jtg-838 .modula-item .jtg-social svg, .lightbox-socials.jtg-social svg { height: 16px; width: 16px }#jtg-838 .modula-item .jtg-social a:not(:last-child), .lightbox-socials.jtg-social a:not(:last-child) { margin-right: 10px }#jtg-838 .modula-item .caption { background-color: #ffffff;  }#jtg-838 .modula-item .figc {color:#ffffff;}#jtg-838 .modula-item .modula-item-content { transform: scale(1) }#jtg-838 { width:100%;}#jtg-838 .modula-items .figc p.description { font-size:14px; }#jtg-838 .modula-items .figc p.description { color:#ffffff;}#jtg-838 .modula-items .figc .jtg-title { color:#ffffff; }#jtg-838 .modula-item > .modula-item-content > a { cursor:zoom-in; } @media screen and (max-width:480px){#jtg-838 .modula-item .figc .jtg-title {  font-size: 12px; }#jtg-838 .modula-items .figc p.description { color:#ffffff;font-size:10px; }}<\/style>\n<!-- Gallery Container -->\n<div  id=\"jtg-838\" class=\"modula modula-gallery modula-columns\" data-config=\"{&quot;enableTwitter&quot;:false,&quot;enableWhatsapp&quot;:false,&quot;enableFacebook&quot;:false,&quot;enablePinterest&quot;:false,&quot;enableLinkedin&quot;:false,&quot;randomFactor&quot;:0.5,&quot;type&quot;:&quot;grid&quot;,&quot;columns&quot;:12,&quot;gutter&quot;:10,&quot;enableResponsive&quot;:&quot;0&quot;,&quot;tabletColumns&quot;:&quot;2&quot;,&quot;mobileColumns&quot;:&quot;1&quot;,&quot;lazyLoad&quot;:&quot;1&quot;,&quot;lightboxOpts&quot;:{&quot;loop&quot;:false,&quot;arrows&quot;:true,&quot;toolbar&quot;:true,&quot;keyboard&quot;:false,&quot;wheel&quot;:false,&quot;buttons&quot;:[&quot;close&quot;],&quot;hash&quot;:false,&quot;lang&quot;:&quot;en&quot;,&quot;touch&quot;:false,&quot;protect&quot;:false,&quot;i18n&quot;:{&quot;en&quot;:{&quot;CLOSE&quot;:&quot;Close&quot;,&quot;NEXT&quot;:&quot;Next&quot;,&quot;PREV&quot;:&quot;Previous&quot;,&quot;Error&quot;:&quot;The requested content cannot be loaded. Please try again later.&quot;,&quot;PLAY_START&quot;:&quot;Start slideshow&quot;,&quot;PLAY_STOP&quot;:&quot;Pause slideshow&quot;,&quot;FULL_SCREEN&quot;:&quot;Full screen&quot;,&quot;THUMBS&quot;:&quot;Thumbnails&quot;,&quot;DOWNLOAD&quot;:&quot;Download&quot;,&quot;SHARE&quot;:&quot;Share&quot;,&quot;ZOOM&quot;:&quot;Zoom&quot;}},&quot;clickSlide&quot;:false,&quot;clickOutside&quot;:false,&quot;dblclickContent&quot;:false,&quot;dblclickSlide&quot;:false,&quot;dblclickOutside&quot;:false,&quot;clickContent&quot;:false},&quot;inView&quot;:false,&quot;grid_type&quot;:&quot;automatic&quot;,&quot;rowHeight&quot;:150,&quot;lastRow&quot;:&quot;justify&quot;,&quot;lightbox&quot;:&quot;fancybox&quot;}\">\n\n\t\n\t<!-- Items Container -->\n\t<div  class=\"modula-items grid-gallery\">\n\t\t<div class=\"modula-item effect-pufrobo\" >\n\t<div class=\"modula-item-overlay\"><\/div>\n\n\t<div class=\"modula-item-content\">\n\n\t\t\t\t\n\t\t\t\t\t<a href=\"https:\/\/astaula.com\/wp-content\/uploads\/2023\/04\/cdveve.jpg\" data-elementor-open-lightbox=\"no\" rel=\"jtg-838\" data-caption=\"Personalin\u0117 tapybos darb\u0173 paroda \u201ePabudimas&quot;. Vadokli\u0173 kult\u016bros centras, Panev\u0117\u017eio r. 2020 m. kovas\u2013gegu\u017e\u0117\" class=\"tile-inner modula-item-link\"><\/a>\n\t\t\n\t\t\n\t\t<img class='pic' data-valign=\"middle\" data-halign=\"center\" alt=\"\" src=\"https:\/\/astaula.com\/wp-content\/uploads\/2023\/04\/cdveve-1024x682.jpg\" data-src=\"https:\/\/astaula.com\/wp-content\/uploads\/2023\/04\/cdveve-1024x682.jpg\"\/>\n\n\t\t\n\t\t<div class=\"figc\">\n\t\t\t<div class=\"figc-inner\">\n\t\t\t\t\t\t\t\t\t\t\t\t\t\t\t\t<div class=\"jtg-social\">\n\t\t\t\t\t\t\t\t\t\t\t\t\t\t\t\t\t\t\t\t\t\t\t\t\t\t\t\t\t<\/div>\n\t\t\t\t\t\t\t<\/div>\n\t\t<\/div>\n\n\t<\/div>\n\n<\/div><div class=\"modula-item effect-pufrobo\" >\n\t<div class=\"modula-item-overlay\"><\/div>\n\n\t<div class=\"modula-item-content\">\n\n\t\t\t\t\n\t\t\t\t\t<a href=\"https:\/\/astaula.com\/wp-content\/uploads\/2023\/04\/Pabudimas-2.jpg\" data-elementor-open-lightbox=\"no\" rel=\"jtg-838\" data-caption=\"Personalin\u0117 tapybos darb\u0173 paroda \u201ePabudimas&quot;. Vadokli\u0173 kult\u016bros centras, Panev\u0117\u017eio r. 2020 m. kovas\u2013gegu\u017e\u0117\" class=\"tile-inner modula-item-link\"><\/a>\n\t\t\n\t\t\n\t\t<img class='pic' data-valign=\"middle\" data-halign=\"center\" alt=\"\" src=\"https:\/\/astaula.com\/wp-content\/uploads\/2023\/04\/Pabudimas-2-724x1024.jpg\" data-src=\"https:\/\/astaula.com\/wp-content\/uploads\/2023\/04\/Pabudimas-2-724x1024.jpg\"\/>\n\n\t\t\n\t\t<div class=\"figc\">\n\t\t\t<div class=\"figc-inner\">\n\t\t\t\t\t\t\t\t\t\t\t\t\t\t\t\t<div class=\"jtg-social\">\n\t\t\t\t\t\t\t\t\t\t\t\t\t\t\t\t\t\t\t\t\t\t\t\t\t\t\t\t\t<\/div>\n\t\t\t\t\t\t\t<\/div>\n\t\t<\/div>\n\n\t<\/div>\n\n<\/div><div class=\"modula-item effect-pufrobo\" >\n\t<div class=\"modula-item-overlay\"><\/div>\n\n\t<div class=\"modula-item-content\">\n\n\t\t\t\t\n\t\t\t\t\t<a href=\"https:\/\/astaula.com\/wp-content\/uploads\/2023\/04\/cdefefe.jpg\" data-elementor-open-lightbox=\"no\" rel=\"jtg-838\" data-caption=\"Personalin\u0117 tapybos darb\u0173 paroda \u201ePabudimas&quot;. Vadokli\u0173 kult\u016bros centras, Panev\u0117\u017eio r. 2020 m. kovas\u2013gegu\u017e\u0117\" class=\"tile-inner modula-item-link\"><\/a>\n\t\t\n\t\t\n\t\t<img class='pic' data-valign=\"middle\" data-halign=\"center\" alt=\"\" src=\"https:\/\/astaula.com\/wp-content\/uploads\/2023\/04\/cdefefe-1024x683.jpg\" data-src=\"https:\/\/astaula.com\/wp-content\/uploads\/2023\/04\/cdefefe-1024x683.jpg\"\/>\n\n\t\t\n\t\t<div class=\"figc\">\n\t\t\t<div class=\"figc-inner\">\n\t\t\t\t\t\t\t\t\t\t\t\t\t\t\t\t<div class=\"jtg-social\">\n\t\t\t\t\t\t\t\t\t\t\t\t\t\t\t\t\t\t\t\t\t\t\t\t\t\t\t\t\t<\/div>\n\t\t\t\t\t\t\t<\/div>\n\t\t<\/div>\n\n\t<\/div>\n\n<\/div><div class=\"modula-item effect-pufrobo\" >\n\t<div class=\"modula-item-overlay\"><\/div>\n\n\t<div class=\"modula-item-content\">\n\n\t\t\t\t\n\t\t\t\t\t<a href=\"https:\/\/astaula.com\/wp-content\/uploads\/2023\/04\/vevevev.jpg\" data-elementor-open-lightbox=\"no\" rel=\"jtg-838\" data-caption=\"Personalin\u0117 tapybos darb\u0173 paroda \u201ePabudimas&quot;. Vadokli\u0173 kult\u016bros centras, Panev\u0117\u017eio r. 2020 m. kovas\u2013gegu\u017e\u0117\" class=\"tile-inner modula-item-link\"><\/a>\n\t\t\n\t\t\n\t\t<img class='pic' data-valign=\"middle\" data-halign=\"center\" alt=\"\" src=\"https:\/\/astaula.com\/wp-content\/uploads\/2023\/04\/vevevev-1024x683.jpg\" data-src=\"https:\/\/astaula.com\/wp-content\/uploads\/2023\/04\/vevevev-1024x683.jpg\"\/>\n\n\t\t\n\t\t<div class=\"figc\">\n\t\t\t<div class=\"figc-inner\">\n\t\t\t\t\t\t\t\t\t\t\t\t\t\t\t\t<div class=\"jtg-social\">\n\t\t\t\t\t\t\t\t\t\t\t\t\t\t\t\t\t\t\t\t\t\t\t\t\t\t\t\t\t<\/div>\n\t\t\t\t\t\t\t<\/div>\n\t\t<\/div>\n\n\t<\/div>\n\n<\/div><div class=\"modula-item effect-pufrobo\" >\n\t<div class=\"modula-item-overlay\"><\/div>\n\n\t<div class=\"modula-item-content\">\n\n\t\t\t\t\n\t\t\t\t\t<a href=\"https:\/\/astaula.com\/wp-content\/uploads\/2023\/04\/vvve.jpg\" data-elementor-open-lightbox=\"no\" rel=\"jtg-838\" data-caption=\"Personalin\u0117 tapybos darb\u0173 paroda \u201ePabudimas&quot;. Vadokli\u0173 kult\u016bros centras, Panev\u0117\u017eio r. 2020 m. kovas\u2013gegu\u017e\u0117\" class=\"tile-inner modula-item-link\"><\/a>\n\t\t\n\t\t\n\t\t<img class='pic' data-valign=\"middle\" data-halign=\"center\" alt=\"\" src=\"https:\/\/astaula.com\/wp-content\/uploads\/2023\/04\/vvve-683x1024.jpg\" data-src=\"https:\/\/astaula.com\/wp-content\/uploads\/2023\/04\/vvve-683x1024.jpg\"\/>\n\n\t\t\n\t\t<div class=\"figc\">\n\t\t\t<div class=\"figc-inner\">\n\t\t\t\t\t\t\t\t\t\t\t\t\t\t\t\t<div class=\"jtg-social\">\n\t\t\t\t\t\t\t\t\t\t\t\t\t\t\t\t\t\t\t\t\t\t\t\t\t\t\t\t\t<\/div>\n\t\t\t\t\t\t\t<\/div>\n\t\t<\/div>\n\n\t<\/div>\n\n<\/div><div class=\"modula-item effect-pufrobo\" >\n\t<div class=\"modula-item-overlay\"><\/div>\n\n\t<div class=\"modula-item-content\">\n\n\t\t\t\t\n\t\t\t\t\t<a href=\"https:\/\/astaula.com\/wp-content\/uploads\/2023\/04\/rrreer.jpg\" data-elementor-open-lightbox=\"no\" rel=\"jtg-838\" data-caption=\"Personalin\u0117 tapybos darb\u0173 paroda \u201ePabudimas&quot;. Vadokli\u0173 kult\u016bros centras, Panev\u0117\u017eio r. 2020 m. kovas\u2013gegu\u017e\u0117\" class=\"tile-inner modula-item-link\"><\/a>\n\t\t\n\t\t\n\t\t<img class='pic' data-valign=\"middle\" data-halign=\"center\" alt=\"\" src=\"https:\/\/astaula.com\/wp-content\/uploads\/2023\/04\/rrreer-1024x683.jpg\" data-src=\"https:\/\/astaula.com\/wp-content\/uploads\/2023\/04\/rrreer-1024x683.jpg\"\/>\n\n\t\t\n\t\t<div class=\"figc\">\n\t\t\t<div class=\"figc-inner\">\n\t\t\t\t\t\t\t\t\t\t\t\t\t\t\t\t<div class=\"jtg-social\">\n\t\t\t\t\t\t\t\t\t\t\t\t\t\t\t\t\t\t\t\t\t\t\t\t\t\t\t\t\t<\/div>\n\t\t\t\t\t\t\t<\/div>\n\t\t<\/div>\n\n\t<\/div>\n\n<\/div><div class=\"modula-item effect-pufrobo\" >\n\t<div class=\"modula-item-overlay\"><\/div>\n\n\t<div class=\"modula-item-content\">\n\n\t\t\t\t\n\t\t\t\t\t<a href=\"https:\/\/astaula.com\/wp-content\/uploads\/2023\/04\/ddwd.jpg\" data-elementor-open-lightbox=\"no\" rel=\"jtg-838\" data-caption=\"Personalin\u0117 tapybos darb\u0173 paroda \u201ePabudimas&quot;. Vadokli\u0173 kult\u016bros centras, Panev\u0117\u017eio r. 2020 m. kovas\u2013gegu\u017e\u0117\" class=\"tile-inner modula-item-link\"><\/a>\n\t\t\n\t\t\n\t\t<img class='pic' data-valign=\"middle\" data-halign=\"center\" alt=\"\" src=\"https:\/\/astaula.com\/wp-content\/uploads\/2023\/04\/ddwd-1024x683.jpg\" data-src=\"https:\/\/astaula.com\/wp-content\/uploads\/2023\/04\/ddwd-1024x683.jpg\"\/>\n\n\t\t\n\t\t<div class=\"figc\">\n\t\t\t<div class=\"figc-inner\">\n\t\t\t\t\t\t\t\t\t\t\t\t\t\t\t\t<div class=\"jtg-social\">\n\t\t\t\t\t\t\t\t\t\t\t\t\t\t\t\t\t\t\t\t\t\t\t\t\t\t\t\t\t<\/div>\n\t\t\t\t\t\t\t<\/div>\n\t\t<\/div>\n\n\t<\/div>\n\n<\/div><div class=\"modula-item effect-pufrobo\" >\n\t<div class=\"modula-item-overlay\"><\/div>\n\n\t<div class=\"modula-item-content\">\n\n\t\t\t\t\n\t\t\t\t\t<a href=\"https:\/\/astaula.com\/wp-content\/uploads\/2023\/04\/eefefef.jpg\" data-elementor-open-lightbox=\"no\" rel=\"jtg-838\" data-caption=\"Personalin\u0117 tapybos darb\u0173 paroda \u201ePabudimas&quot;. Vadokli\u0173 kult\u016bros centras, Panev\u0117\u017eio r. 2020 m. kovas\u2013gegu\u017e\u0117\" class=\"tile-inner modula-item-link\"><\/a>\n\t\t\n\t\t\n\t\t<img class='pic' data-valign=\"middle\" data-halign=\"center\" alt=\"\" src=\"https:\/\/astaula.com\/wp-content\/uploads\/2023\/04\/eefefef-1024x683.jpg\" data-src=\"https:\/\/astaula.com\/wp-content\/uploads\/2023\/04\/eefefef-1024x683.jpg\"\/>\n\n\t\t\n\t\t<div class=\"figc\">\n\t\t\t<div class=\"figc-inner\">\n\t\t\t\t\t\t\t\t\t\t\t\t\t\t\t\t<div class=\"jtg-social\">\n\t\t\t\t\t\t\t\t\t\t\t\t\t\t\t\t\t\t\t\t\t\t\t\t\t\t\t\t\t<\/div>\n\t\t\t\t\t\t\t<\/div>\n\t\t<\/div>\n\n\t<\/div>\n\n<\/div><div class=\"modula-item effect-pufrobo\" >\n\t<div class=\"modula-item-overlay\"><\/div>\n\n\t<div class=\"modula-item-content\">\n\n\t\t\t\t\n\t\t\t\t\t<a href=\"https:\/\/astaula.com\/wp-content\/uploads\/2023\/04\/eveve.jpg\" data-elementor-open-lightbox=\"no\" rel=\"jtg-838\" data-caption=\"Personalin\u0117 tapybos darb\u0173 paroda \u201ePabudimas&quot;. Vadokli\u0173 kult\u016bros centras, Panev\u0117\u017eio r. 2020 m. kovas\u2013gegu\u017e\u0117\" class=\"tile-inner modula-item-link\"><\/a>\n\t\t\n\t\t\n\t\t<img class='pic' data-valign=\"middle\" data-halign=\"center\" alt=\"\" src=\"https:\/\/astaula.com\/wp-content\/uploads\/2023\/04\/eveve.jpg\" data-src=\"https:\/\/astaula.com\/wp-content\/uploads\/2023\/04\/eveve.jpg\"\/>\n\n\t\t\n\t\t<div class=\"figc\">\n\t\t\t<div class=\"figc-inner\">\n\t\t\t\t\t\t\t\t\t\t\t\t\t\t\t\t<div class=\"jtg-social\">\n\t\t\t\t\t\t\t\t\t\t\t\t\t\t\t\t\t\t\t\t\t\t\t\t\t\t\t\t\t<\/div>\n\t\t\t\t\t\t\t<\/div>\n\t\t<\/div>\n\n\t<\/div>\n\n<\/div><div class=\"modula-item effect-pufrobo\" >\n\t<div class=\"modula-item-overlay\"><\/div>\n\n\t<div class=\"modula-item-content\">\n\n\t\t\t\t\n\t\t\t\t\t<a href=\"https:\/\/astaula.com\/wp-content\/uploads\/2023\/04\/fffff.jpg\" data-elementor-open-lightbox=\"no\" rel=\"jtg-838\" data-caption=\"Personalin\u0117 tapybos darb\u0173 paroda \u201ePabudimas&quot;. Vadokli\u0173 kult\u016bros centras, Panev\u0117\u017eio r. 2020 m. kovas\u2013gegu\u017e\u0117\" class=\"tile-inner modula-item-link\"><\/a>\n\t\t\n\t\t\n\t\t<img class='pic' data-valign=\"middle\" data-halign=\"center\" alt=\"\" src=\"https:\/\/astaula.com\/wp-content\/uploads\/2023\/04\/fffff.jpg\" data-src=\"https:\/\/astaula.com\/wp-content\/uploads\/2023\/04\/fffff.jpg\"\/>\n\n\t\t\n\t\t<div class=\"figc\">\n\t\t\t<div class=\"figc-inner\">\n\t\t\t\t\t\t\t\t\t\t\t\t\t\t\t\t<div class=\"jtg-social\">\n\t\t\t\t\t\t\t\t\t\t\t\t\t\t\t\t\t\t\t\t\t\t\t\t\t\t\t\t\t<\/div>\n\t\t\t\t\t\t\t<\/div>\n\t\t<\/div>\n\n\t<\/div>\n\n<\/div>\t\t\n\t<\/div>\n\n\t\n\t\n\t<script type=\"application\/ld+json\">\n\t{\n\t\t\"@context\": \"http:\/\/schema.org\",\n\t\t\"@type\"   : \"ImageGallery\",\n\t\t\"id\"      : \"https:\/\/astaula.com\",\n\t\t\"url\"     : \"https:\/\/astaula.com\"\n\t}\n\n    <\/script>\n\n\t\n<\/div>","protected":false},"excerpt":{"rendered":"<p>Tre\u010dioji personalin\u0117 tapybos darb\u0173 paroda \u201ePabudimas\u201c surengta 2020 m. kov\u0105\u2013gegu\u017e\u0119 Vadokli\u0173 kult\u016bros centre, Panev\u0117\u017eio rajone. \u0160is miestelis darb\u0173 eksponavimui pasirinktas neatsitiktinai, nes b\u016btent i\u0161 Vadokli\u0173 kil\u0119 abu mano t\u0117vai, taip pat \u010dia gyvena ir gausus giminai\u010di\u0173 b\u016brys. D\u0117l \u0161ios prie\u017easties paveiksl\u0173 kelion\u0117s prad\u017eia prasmingai susiejama su \u0161eimos kilme ir \u0161aknimis. Kult\u016bros centre eksponuoti a\u0161tuoni paveikslai, [&hellip;]<\/p>\n","protected":false},"author":1,"featured_media":0,"parent":0,"menu_order":0,"comment_status":"closed","ping_status":"closed","template":"","meta":[],"_links":{"self":[{"href":"https:\/\/astaula.com\/index.php?rest_route=\/wp\/v2\/pages\/847"}],"collection":[{"href":"https:\/\/astaula.com\/index.php?rest_route=\/wp\/v2\/pages"}],"about":[{"href":"https:\/\/astaula.com\/index.php?rest_route=\/wp\/v2\/types\/page"}],"author":[{"embeddable":true,"href":"https:\/\/astaula.com\/index.php?rest_route=\/wp\/v2\/users\/1"}],"replies":[{"embeddable":true,"href":"https:\/\/astaula.com\/index.php?rest_route=%2Fwp%2Fv2%2Fcomments&post=847"}],"version-history":[{"count":11,"href":"https:\/\/astaula.com\/index.php?rest_route=\/wp\/v2\/pages\/847\/revisions"}],"predecessor-version":[{"id":2016,"href":"https:\/\/astaula.com\/index.php?rest_route=\/wp\/v2\/pages\/847\/revisions\/2016"}],"wp:attachment":[{"href":"https:\/\/astaula.com\/index.php?rest_route=%2Fwp%2Fv2%2Fmedia&parent=847"}],"curies":[{"name":"wp","href":"https:\/\/api.w.org\/{rel}","templated":true}]}}