{"id":41,"date":"2020-07-09T09:26:35","date_gmt":"2020-07-09T09:26:35","guid":{"rendered":"https:\/\/astaula.com\/?page_id=41"},"modified":"2024-03-07T09:04:14","modified_gmt":"2024-03-07T07:04:14","slug":"apie-mane","status":"publish","type":"page","link":"https:\/\/astaula.com\/?page_id=41","title":{"rendered":"Apie mane"},"content":{"rendered":"\t\t<div data-elementor-type=\"wp-page\" data-elementor-id=\"41\" class=\"elementor elementor-41\" data-elementor-settings=\"[]\">\n\t\t\t\t\t\t<div class=\"elementor-inner\">\n\t\t\t\t\t\t\t<div class=\"elementor-section-wrap\">\n\t\t\t\t\t\t\t<section class=\"elementor-section elementor-top-section elementor-element elementor-element-201deba2 elementor-section-boxed elementor-section-height-default elementor-section-height-default\" data-id=\"201deba2\" data-element_type=\"section\">\n\t\t\t\t\t\t<div class=\"elementor-container elementor-column-gap-default\">\n\t\t\t\t\t\t\t<div class=\"elementor-row\">\n\t\t\t\t\t<div class=\"elementor-column elementor-col-100 elementor-top-column elementor-element elementor-element-12d9ea71\" data-id=\"12d9ea71\" data-element_type=\"column\">\n\t\t\t<div class=\"elementor-column-wrap elementor-element-populated\">\n\t\t\t\t\t\t\t<div class=\"elementor-widget-wrap\">\n\t\t\t\t\t\t<div class=\"elementor-element elementor-element-6cdf4039 elementor-widget elementor-widget-text-editor\" data-id=\"6cdf4039\" data-element_type=\"widget\" data-widget_type=\"text-editor.default\">\n\t\t\t\t<div class=\"elementor-widget-container\">\n\t\t\t\t\t\t\t\t<div class=\"elementor-text-editor elementor-clearfix\">\n\t\t\t\t<p><!-- wp:image {\"align\":\"left\",\"id\":121,\"width\":254,\"height\":168,\"sizeSlug\":\"large\",\"className\":\"is-style-default\"} --><\/p>\n<p><!-- \/wp:image --><!-- wp:paragraph {\"align\":\"left\",\"textColor\":\"white\"} --><\/p>\n<p class=\"has-text-align-left has-white-color has-text-color\">Tikiu, kad prie\u0161 ateidami \u012f \u0161\u012f pasaul\u012f mes\u00a0<img decoding=\"async\" loading=\"lazy\" class=\"wp-image-2786  alignleft\" src=\"https:\/\/astaula.com\/wp-content\/uploads\/2023\/12\/DSC_6427-200x300.jpg\" alt=\"\" width=\"196\" height=\"295\" srcset=\"https:\/\/astaula.com\/wp-content\/uploads\/2023\/12\/DSC_6427-200x300.jpg 200w, https:\/\/astaula.com\/wp-content\/uploads\/2023\/12\/DSC_6427-682x1024.jpg 682w, https:\/\/astaula.com\/wp-content\/uploads\/2023\/12\/DSC_6427-768x1153.jpg 768w, https:\/\/astaula.com\/wp-content\/uploads\/2023\/12\/DSC_6427-508x763.jpg 508w, https:\/\/astaula.com\/wp-content\/uploads\/2023\/12\/DSC_6427-600x901.jpg 600w, https:\/\/astaula.com\/wp-content\/uploads\/2023\/12\/DSC_6427.jpg 999w\" sizes=\"(max-width: 196px) 100vw, 196px\" \/>patys pasirenkame, kuo jame b\u016bsime ir koki\u0173 tiksl\u0173 sieksime, kad i\u0161moktume tam tikras pamokas ir galb\u016bt pasi\u0173stume \u017einut\u0119 aplinkiniams. Niekas nevyksta be prie\u017easties, tod\u0117l gyvenimo pamok\u0173 prasm\u0119 da\u017eniausiai suprantame tik v\u0117liau, tad svarbu \u017einoti, kad n\u0117ra klaid\u0173, yra tik pamokos.<\/p>\n<p><!-- \/wp:paragraph --><!-- wp:paragraph {\"align\":\"left\",\"textColor\":\"white\"} --><\/p>\n<p class=\"has-text-align-left has-white-color has-text-color\">\u0160iandien\u0105 sud\u0117liojus savo gyvenimo \u012fvykius a\u0161 suvokiu, kad viskas mano kelyje vyko sistemingai ir tinkamu laiku. Jau nuo pat vaikyst\u0117s mane labiausiai domino dail\u0117: m\u0117gdavau pie\u0161ti, lipdyti, skaityti meno istorijos knygas ir \u017eymi\u0173 dailinink\u0173 biografijas. Studij\u0173 metais susipa\u017einau su aliejine tapyba, o po keleri\u0173 met\u0173 pertraukos prad\u0117jau tapyti savaranki\u0161kai, savo malonumui. Tematika tuo metu buvo gan\u0117tinai \u012fprasta: peiza\u017eai, portretai, g\u0117li\u0173 motyvai, ta\u010diau esminis l\u016b\u017eis mano pasaul\u0117\u017ei\u016broje \u012fvyko apie 30-tuosius gyvenimo metus, i\u0161vykus padirb\u0117ti \u012f Norvegij\u0105.<\/p>\n<p><!-- \/wp:paragraph --><!-- wp:paragraph {\"align\":\"left\",\"textColor\":\"white\"} --><\/p>\n<p class=\"has-text-align-left has-white-color has-text-color\">Nors svetur dirbti darbai nieko bendro su menais ir filosofija netur\u0117jo, bet perskaitytos knygos, sutikti \u017emon\u0117s, aplankytos galerijos bei muziejai, \u017eygiai \u012f kaln\u0173 vir\u0161\u016bnes ir u\u017eburiantis gamtos gro\u017eis prapl\u0117t\u0117 mano akirat\u012f ir suformavo \u0161iandienin\u012f suvokim\u0105 apie gyvenimo prasm\u0119. Ne veltui sakoma, kad nereikia bijoti netik\u0117t\u0173 gyvenimo pos\u016bki\u0173, nes tai \u2013 likimo \u017eenklai. Poky\u010diai po truput\u012f prad\u0117jo atsispind\u0117ti ir mano tapyboje. Atsiradusios gilesn\u0117s tematikos skirtos ne tiek pasigro\u017e\u0117ti, kiek susim\u0105styti. A\u0161 manau, kad meno paskirtis \u2013 pakelti \u017emogaus s\u0105mon\u0119 \u012f auk\u0161tesn\u012f lygmen\u012f.<\/p>\n<p><!-- \/wp:paragraph --><!-- wp:paragraph {\"align\":\"left\",\"textColor\":\"white\"} --><\/p>\n<p class=\"has-text-align-left has-white-color has-text-color\">Gyvenimas b\u0117ga ir laikas jame yra ribotas, tad visiems skaitantiems \u0161\u012f apra\u0161ym\u0105 nor\u0117\u010diau palink\u0117ti neprarasti savo vidin\u0117s laisv\u0117s ir nebijoti \u012fgyvendinti tai, k\u0105 galb\u016bt seniai nor\u0117jote, bet taip ir nesiry\u017eote. Kvie\u010diu pasi\u017evalgyti po mano darb\u0173 galerij\u0105 ir atrasti savo sielai artimiausi\u0105 paveiksl\u0105, \u012fsi\u017ei\u016br\u0117ti ir \u0161irdimi pajusti siun\u010diam\u0105 \u017einut\u0119 taip, kaip j\u0105 suprantate J\u016bs.<\/p>\n<p><!-- \/wp:paragraph --><!-- wp:paragraph {\"align\":\"right\",\"textColor\":\"white\"} --><\/p>\n<p class=\"has-text-align-right has-white-color has-text-color\">Laimingai!<\/p>\n<p><!-- \/wp:paragraph --><!-- wp:paragraph {\"align\":\"right\",\"textColor\":\"white\"} --><\/p>\n<p class=\"has-text-align-right has-white-color has-text-color\">Asta Ula<\/p>\n<p class=\"has-text-align-right has-white-color has-text-color\">\u00a0<\/p>\n<p class=\"has-text-align-right has-white-color has-text-color\" style=\"text-align: center;\">PERSONALIN\u0116S TAPYBOS DARB\u0172 PARODOS:<\/p>\n<p style=\"text-align: right;\">\u00a0<\/p>\n<ul>\n<li>\u201eReg\u0117jimas&#8221;. Pasvalio Mariaus Katili\u0161kio biblioteka, Atviras jaunimo centras. 2024 m. kovas \u2013 balandis:<\/li>\n<\/ul>\n<p style=\"text-align: right;\"><span style=\"color: #999999;\"><a style=\"color: #999999;\" href=\"https:\/\/astaula.com\/?page_id=2830\">https:\/\/astaula.com\/?page_id=2830<\/a><\/span><\/p>\n<ul>\n<li>\u201eReg\u0117jimas&#8221;. Panev\u0117\u017eio Ro\u017eyno progimnazija. 2024 m. vasaris:<\/li>\n<\/ul>\n<p style=\"text-align: right;\"><a style=\"color: #999999;\" href=\"https:\/\/astaula.com\/?page_id=2811\">https:\/\/astaula.com\/?page_id=2811<\/a><\/p>\n<ul>\n<li>\u201eReg\u0117jimas&#8221;. Respublikin\u0117 Panev\u0117\u017eio ligonin\u0117. 2023 m. gruodis \u2013 2024 m. sausis:<\/li>\n<\/ul>\n<p style=\"text-align: right;\"><span style=\"color: #999999;\"><a style=\"color: #999999;\" href=\"https:\/\/astaula.com\/?page_id=2771\">https:\/\/astaula.com\/?page_id=2771<\/a><\/span><\/p>\n<ul>\n<li>\u201eAtgimimas&#8221;. Ramygalos kult\u016bros centras, Panev\u0117\u017eio r. 2023 lapkritis \u2013 gruodis:<\/li>\n<\/ul>\n<p style=\"text-align: right;\"><span style=\"color: #999999;\"><a style=\"color: #999999;\" href=\"https:\/\/astaula.com\/?page_id=2732\">https:\/\/astaula.com\/?page_id=2732<\/a><\/span><\/p>\n<ul>\n<li>\u201eReg\u0117jimas\u201d. Nidos bendruomen\u0117s namai. 2023 m. spalis:<\/li>\n<\/ul>\n<p style=\"text-align: right;\"><span style=\"color: #999999;\"><a style=\"color: #999999;\" href=\"https:\/\/astaula.com\/?page_id=2684\">https:\/\/astaula.com\/?page_id=2684<\/a><\/span><\/p>\n<ul>\n<li>\u201eReg\u0117jimas\u201d. \u0160ilal\u0117s kult\u016bros centras. 2023 m. rugpj\u016btis\u2013rugs\u0117jis:<\/li>\n<\/ul>\n<p style=\"text-align: right;\"><span style=\"color: #999999;\"><a style=\"color: #999999;\" href=\"https:\/\/astaula.com\/?page_id=2511\">https:\/\/astaula.com\/?page_id=2511<\/a><\/span><\/p>\n<ul>\n<li>\u201eReg\u0117jimas\u201d. Vlado Statkevi\u010diaus muziejus, \u0160ilal\u0117. 2023 m. bir\u017eelis\u2013liepa:<\/li>\n<\/ul>\n<p style=\"text-align: right;\"><span style=\"color: #999999;\"><a style=\"color: #999999;\" href=\"https:\/\/astaula.com\/?page_id=2454\">https:\/\/astaula.com\/?page_id=2454<\/a><\/span><\/p>\n<ul>\n<li>\u201eReg\u0117jimas\u201d. Vainuto \u201eSen\u0173j\u0173 kaimo tradicij\u0173 kult\u016bros centras&#8221;, \u0160ilut\u0117s r. 2023 m. gegu\u017e\u0117:<\/li>\n<\/ul>\n<p style=\"text-align: right;\"><span style=\"color: #999999;\"><a style=\"color: #999999;\" href=\"https:\/\/astaula.com\/?page_id=2403\">https:\/\/astaula.com\/?page_id=2511<\/a><\/span><\/p>\n<ul>\n<li>\u201eReg\u0117jimas\u201c. LRS, Vilnius. 2023 m. kovas\u2013balandis:<\/li>\n<\/ul>\n<p style=\"text-align: right;\"><span style=\"color: #999999;\"><a style=\"color: #999999;\" href=\"https:\/\/astaula.com\/?page_id=1797\">https:\/\/astaula.com\/?page_id=1797<\/a><\/span><\/p>\n<ul>\n<li>\u201eReg\u0117jimas\u201d. Sveikatingumo centras \u201eVidmavita\u201c, Panev\u0117\u017eys. 2020 m. rugpj\u016btis \u2013 2021 m. kovas:<\/li>\n<\/ul>\n<p style=\"text-align: right;\"><span style=\"color: #999999;\"><a style=\"color: #999999;\" href=\"https:\/\/astaula.com\/?page_id=855\">https:\/\/astaula.com\/?page_id=855<\/a><\/span><\/p>\n<ul>\n<li>\u201eLiepa\u201c. Panev\u0117\u017eio rajono savivaldyb\u0117s vie\u0161oji biblioteka, Panev\u0117\u017eys. 2020 m. liepa:<\/li>\n<\/ul>\n<p style=\"text-align: right;\"><span style=\"color: #999999;\"><a style=\"color: #999999;\" href=\"https:\/\/astaula.com\/?page_id=477\">https:\/\/astaula.com\/?page_id=477<\/a><\/span><\/p>\n<ul>\n<li>\u201ePabudimas\u201d. Vadokli\u0173 kult\u016bros centras, Panev\u0117\u017eio r. 2020 m. kovas\u2013gegu\u017e\u0117:<\/li>\n<\/ul>\n<p style=\"text-align: right;\"><span style=\"color: #999999;\"><a style=\"color: #999999;\" href=\"https:\/\/astaula.com\/?page_id=847\">https:\/\/astaula.com\/?page_id=847<\/a><\/span><\/p>\n<ul>\n<li>\u201eSusitikimas\u201d. Ramygalos kult\u016bros centras, Panev\u0117\u017eio r. 2019 m. gruodis \u2013 2020 m. vasaris:<\/li>\n<\/ul>\n<p style=\"text-align: right;\"><a href=\"https:\/\/astaula.com\/?page_id=833\"><span style=\"color: #999999;\">https:\/\/astaula.com\/?page_id=833<\/span><\/a><\/p>\n<ul>\n<li class=\"has-text-align-right has-white-color has-text-color\" style=\"text-align: left;\">\u201eIndigo\u201c. Galerija\u2013baras \u201eGarinis Angelas\u201c, Vilnius. 2019 m. liepa\u2013rugpj\u016btis:<\/li>\n<\/ul>\n<p style=\"text-align: right;\"><span style=\"color: #999999;\"><a style=\"color: #999999;\" href=\"https:\/\/astaula.com\/?page_id=388\">https:\/\/astaula.com\/?page_id=388<\/a><\/span><\/p>\n<p><!-- \/wp:paragraph --><\/p>\t\t\t\t\t<\/div>\n\t\t\t\t\t\t<\/div>\n\t\t\t\t<\/div>\n\t\t\t\t\t\t<\/div>\n\t\t\t\t\t<\/div>\n\t\t<\/div>\n\t\t\t\t\t\t\t\t<\/div>\n\t\t\t\t\t<\/div>\n\t\t<\/section>\n\t\t\t\t\t\t<\/div>\n\t\t\t\t\t\t<\/div>\n\t\t\t\t\t<\/div>\n\t\t","protected":false},"excerpt":{"rendered":"<p>Tikiu, kad prie\u0161 ateidami \u012f \u0161\u012f pasaul\u012f mes\u00a0patys pasirenkame, kuo jame b\u016bsime ir koki\u0173 tiksl\u0173 sieksime, kad i\u0161moktume tam tikras pamokas ir galb\u016bt pasi\u0173stume \u017einut\u0119 aplinkiniams. Niekas nevyksta be prie\u017easties, tod\u0117l gyvenimo pamok\u0173 prasm\u0119 da\u017eniausiai suprantame tik v\u0117liau, tad svarbu \u017einoti, kad n\u0117ra klaid\u0173, yra tik pamokos. \u0160iandien\u0105 sud\u0117liojus savo gyvenimo \u012fvykius a\u0161 suvokiu, kad [&hellip;]<\/p>\n","protected":false},"author":1,"featured_media":0,"parent":0,"menu_order":0,"comment_status":"closed","ping_status":"closed","template":"","meta":[],"_links":{"self":[{"href":"https:\/\/astaula.com\/index.php?rest_route=\/wp\/v2\/pages\/41"}],"collection":[{"href":"https:\/\/astaula.com\/index.php?rest_route=\/wp\/v2\/pages"}],"about":[{"href":"https:\/\/astaula.com\/index.php?rest_route=\/wp\/v2\/types\/page"}],"author":[{"embeddable":true,"href":"https:\/\/astaula.com\/index.php?rest_route=\/wp\/v2\/users\/1"}],"replies":[{"embeddable":true,"href":"https:\/\/astaula.com\/index.php?rest_route=%2Fwp%2Fv2%2Fcomments&post=41"}],"version-history":[{"count":98,"href":"https:\/\/astaula.com\/index.php?rest_route=\/wp\/v2\/pages\/41\/revisions"}],"predecessor-version":[{"id":2875,"href":"https:\/\/astaula.com\/index.php?rest_route=\/wp\/v2\/pages\/41\/revisions\/2875"}],"wp:attachment":[{"href":"https:\/\/astaula.com\/index.php?rest_route=%2Fwp%2Fv2%2Fmedia&parent=41"}],"curies":[{"name":"wp","href":"https:\/\/api.w.org\/{rel}","templated":true}]}}