{"id":306,"date":"2020-07-12T20:57:11","date_gmt":"2020-07-12T18:57:11","guid":{"rendered":"https:\/\/astaula.com\/?page_id=306"},"modified":"2023-04-15T21:27:19","modified_gmt":"2023-04-15T19:27:19","slug":"aliejine-tapyba-ivairus-zanrai","status":"publish","type":"page","link":"https:\/\/astaula.com\/?page_id=306","title":{"rendered":"\u012evair\u016bs \u017eanrai"},"content":{"rendered":"<style>#jtg-309 .modula-item .jtg-social a, .lightbox-socials.jtg-social a{ color: #ffffff }#jtg-309 .modula-item .jtg-social svg, .lightbox-socials.jtg-social svg { height: 16px; width: 16px }#jtg-309 .modula-item .jtg-social a:not(:last-child), .lightbox-socials.jtg-social a:not(:last-child) { margin-right: 10px }#jtg-309 .modula-item .caption { background-color: #ffffff;  }#jtg-309 .modula-item .figc {color:#ffffff;}#jtg-309 .modula-item .modula-item-content { transform: scale(1) }#jtg-309 { width:100%;}#jtg-309 .modula-items .figc p.description { font-size:14px; }#jtg-309 .modula-items .figc p.description { color:#ffffff;}#jtg-309 .modula-items .figc .jtg-title { color:#ffffff; }#jtg-309 .modula-item > .modula-item-content > a { cursor:zoom-in; } @media screen and (max-width:480px){#jtg-309 .modula-item .figc .jtg-title {  font-size: 12px; }#jtg-309 .modula-items .figc p.description { color:#ffffff;font-size:10px; }}<\/style>\n<!-- Gallery Container -->\n<div  id=\"jtg-309\" class=\"modula modula-gallery modula-columns\" data-config=\"{&quot;enableTwitter&quot;:false,&quot;enableWhatsapp&quot;:false,&quot;enableFacebook&quot;:false,&quot;enablePinterest&quot;:false,&quot;enableLinkedin&quot;:false,&quot;randomFactor&quot;:0.5,&quot;type&quot;:&quot;grid&quot;,&quot;columns&quot;:12,&quot;gutter&quot;:10,&quot;enableResponsive&quot;:&quot;0&quot;,&quot;tabletColumns&quot;:&quot;2&quot;,&quot;mobileColumns&quot;:&quot;1&quot;,&quot;lazyLoad&quot;:&quot;1&quot;,&quot;lightboxOpts&quot;:{&quot;loop&quot;:false,&quot;arrows&quot;:true,&quot;toolbar&quot;:true,&quot;keyboard&quot;:false,&quot;wheel&quot;:false,&quot;buttons&quot;:[&quot;close&quot;],&quot;hash&quot;:false,&quot;lang&quot;:&quot;en&quot;,&quot;touch&quot;:false,&quot;protect&quot;:false,&quot;i18n&quot;:{&quot;en&quot;:{&quot;CLOSE&quot;:&quot;Close&quot;,&quot;NEXT&quot;:&quot;Next&quot;,&quot;PREV&quot;:&quot;Previous&quot;,&quot;Error&quot;:&quot;The requested content cannot be loaded. Please try again later.&quot;,&quot;PLAY_START&quot;:&quot;Start slideshow&quot;,&quot;PLAY_STOP&quot;:&quot;Pause slideshow&quot;,&quot;FULL_SCREEN&quot;:&quot;Full screen&quot;,&quot;THUMBS&quot;:&quot;Thumbnails&quot;,&quot;DOWNLOAD&quot;:&quot;Download&quot;,&quot;SHARE&quot;:&quot;Share&quot;,&quot;ZOOM&quot;:&quot;Zoom&quot;}},&quot;clickSlide&quot;:false,&quot;clickOutside&quot;:false,&quot;dblclickContent&quot;:false,&quot;dblclickSlide&quot;:false,&quot;dblclickOutside&quot;:false,&quot;clickContent&quot;:false},&quot;inView&quot;:false,&quot;grid_type&quot;:&quot;automatic&quot;,&quot;rowHeight&quot;:150,&quot;lastRow&quot;:&quot;justify&quot;,&quot;lightbox&quot;:&quot;fancybox&quot;}\">\n\n\t\n\t<!-- Items Container -->\n\t<div  class=\"modula-items grid-gallery\">\n\t\t<div class=\"modula-item effect-pufrobo\" >\n\t<div class=\"modula-item-overlay\"><\/div>\n\n\t<div class=\"modula-item-content\">\n\n\t\t\t\t\n\t\t\t\t\t<a href=\"https:\/\/astaula.com\/wp-content\/uploads\/2023\/04\/Kylantys-pauksciai.-Aliejusdrobe.-80x150cm-2023-1.jpg\" data-elementor-open-lightbox=\"no\" rel=\"jtg-309\" data-caption=\"Pavadinimas: ,,Kylantys pauk\u0161\u010diai&quot;. Technika: aliejus, drob\u0117. Dydis: 80x150 cm. Suk\u016brimo metai: 2023\" class=\"tile-inner modula-item-link\"><\/a>\n\t\t\n\t\t\n\t\t<img class='pic' data-valign=\"middle\" data-halign=\"center\" alt=\"\" src=\"https:\/\/astaula.com\/wp-content\/uploads\/2023\/04\/Kylantys-pauksciai.-Aliejusdrobe.-80x150cm-2023-1-1024x559.jpg\" data-src=\"https:\/\/astaula.com\/wp-content\/uploads\/2023\/04\/Kylantys-pauksciai.-Aliejusdrobe.-80x150cm-2023-1-1024x559.jpg\"\/>\n\n\t\t\n\t\t<div class=\"figc\">\n\t\t\t<div class=\"figc-inner\">\n\t\t\t\t\t\t\t\t\t\t\t\t\t\t\t\t<div class=\"jtg-social\">\n\t\t\t\t\t\t\t\t\t\t\t\t\t\t\t\t\t\t\t\t\t\t\t\t\t\t\t\t\t<\/div>\n\t\t\t\t\t\t\t<\/div>\n\t\t<\/div>\n\n\t<\/div>\n\n<\/div><div class=\"modula-item effect-pufrobo\" >\n\t<div class=\"modula-item-overlay\"><\/div>\n\n\t<div class=\"modula-item-content\">\n\n\t\t\t\t\n\t\t\t\t\t<a href=\"https:\/\/astaula.com\/wp-content\/uploads\/2023\/04\/Aukstaitija.-Aliejusdrobe.-50x40cm-2018-2.jpg\" data-elementor-open-lightbox=\"no\" rel=\"jtg-309\" data-caption=\"Pavadinimas: \u201eAuk\u0161taitija II&quot;. Technika: aliejus, drob\u0117. Dydis: 50x40 cm. Suk\u016brimo metai: 2018\" class=\"tile-inner modula-item-link\"><\/a>\n\t\t\n\t\t\n\t\t<img class='pic' data-valign=\"middle\" data-halign=\"center\" alt=\"\" src=\"https:\/\/astaula.com\/wp-content\/uploads\/2023\/04\/Aukstaitija.-Aliejusdrobe.-50x40cm-2018-2-823x1024.jpg\" data-src=\"https:\/\/astaula.com\/wp-content\/uploads\/2023\/04\/Aukstaitija.-Aliejusdrobe.-50x40cm-2018-2-823x1024.jpg\"\/>\n\n\t\t\n\t\t<div class=\"figc\">\n\t\t\t<div class=\"figc-inner\">\n\t\t\t\t\t\t\t\t\t\t\t\t\t\t\t\t<div class=\"jtg-social\">\n\t\t\t\t\t\t\t\t\t\t\t\t\t\t\t\t\t\t\t\t\t\t\t\t\t\t\t\t\t<\/div>\n\t\t\t\t\t\t\t<\/div>\n\t\t<\/div>\n\n\t<\/div>\n\n<\/div><div class=\"modula-item effect-pufrobo\" >\n\t<div class=\"modula-item-overlay\"><\/div>\n\n\t<div class=\"modula-item-content\">\n\n\t\t\t\t\n\t\t\t\t\t<a href=\"https:\/\/astaula.com\/wp-content\/uploads\/2023\/04\/B.-R.-sodyba.-Aliejusdrobe.-50x100cm-2020.jpg\" data-elementor-open-lightbox=\"no\" rel=\"jtg-309\" data-caption=\"Pavadinimas: \u201ePavasaris sodyboje&quot;. Technika: aliejus, drob\u0117. Dydis: 50x100 cm. Suk\u016brimo metai: 2020\" class=\"tile-inner modula-item-link\"><\/a>\n\t\t\n\t\t\n\t\t<img class='pic' data-valign=\"middle\" data-halign=\"center\" alt=\"\" src=\"https:\/\/astaula.com\/wp-content\/uploads\/2023\/04\/B.-R.-sodyba.-Aliejusdrobe.-50x100cm-2020-1024x507.jpg\" data-src=\"https:\/\/astaula.com\/wp-content\/uploads\/2023\/04\/B.-R.-sodyba.-Aliejusdrobe.-50x100cm-2020-1024x507.jpg\"\/>\n\n\t\t\n\t\t<div class=\"figc\">\n\t\t\t<div class=\"figc-inner\">\n\t\t\t\t\t\t\t\t\t\t\t\t\t\t\t\t<div class=\"jtg-social\">\n\t\t\t\t\t\t\t\t\t\t\t\t\t\t\t\t\t\t\t\t\t\t\t\t\t\t\t\t\t<\/div>\n\t\t\t\t\t\t\t<\/div>\n\t\t<\/div>\n\n\t<\/div>\n\n<\/div><div class=\"modula-item effect-pufrobo\" >\n\t<div class=\"modula-item-overlay\"><\/div>\n\n\t<div class=\"modula-item-content\">\n\n\t\t\t\t\n\t\t\t\t\t<a href=\"https:\/\/astaula.com\/wp-content\/uploads\/2023\/04\/Emigracija.-Aliejusdrobe.-50x100cm-2014-1.jpg\" data-elementor-open-lightbox=\"no\" rel=\"jtg-309\" data-caption=\"Pavadinimas: \u201eEmigracija&quot;. Technika: aliejus, drob\u0117. Dydis: 50x100 cm. Suk\u016brimo metai: 2014\" class=\"tile-inner modula-item-link\"><\/a>\n\t\t\n\t\t\n\t\t<img class='pic' data-valign=\"middle\" data-halign=\"center\" alt=\"\" src=\"https:\/\/astaula.com\/wp-content\/uploads\/2023\/04\/Emigracija.-Aliejusdrobe.-50x100cm-2014-1-1024x513.jpg\" data-src=\"https:\/\/astaula.com\/wp-content\/uploads\/2023\/04\/Emigracija.-Aliejusdrobe.-50x100cm-2014-1-1024x513.jpg\"\/>\n\n\t\t\n\t\t<div class=\"figc\">\n\t\t\t<div class=\"figc-inner\">\n\t\t\t\t\t\t\t\t\t\t\t\t\t\t\t\t<div class=\"jtg-social\">\n\t\t\t\t\t\t\t\t\t\t\t\t\t\t\t\t\t\t\t\t\t\t\t\t\t\t\t\t\t<\/div>\n\t\t\t\t\t\t\t<\/div>\n\t\t<\/div>\n\n\t<\/div>\n\n<\/div><div class=\"modula-item effect-pufrobo\" >\n\t<div class=\"modula-item-overlay\"><\/div>\n\n\t<div class=\"modula-item-content\">\n\n\t\t\t\t\n\t\t\t\t\t<a href=\"https:\/\/astaula.com\/wp-content\/uploads\/2023\/04\/Lubinu-lauke.-Aliejusdrobe.-50x100cm-2013.jpg\" data-elementor-open-lightbox=\"no\" rel=\"jtg-309\" data-caption=\"Pavadinimas: \u201eLubin\u0173 lauke&quot;. Technika: aliejus, drob\u0117. Dydis: 50x100 cm. Suk\u016brimo metai: 2013\" class=\"tile-inner modula-item-link\"><\/a>\n\t\t\n\t\t\n\t\t<img class='pic' data-valign=\"middle\" data-halign=\"center\" alt=\"\" src=\"https:\/\/astaula.com\/wp-content\/uploads\/2023\/04\/Lubinu-lauke.-Aliejusdrobe.-50x100cm-2013-1024x502.jpg\" data-src=\"https:\/\/astaula.com\/wp-content\/uploads\/2023\/04\/Lubinu-lauke.-Aliejusdrobe.-50x100cm-2013-1024x502.jpg\"\/>\n\n\t\t\n\t\t<div class=\"figc\">\n\t\t\t<div class=\"figc-inner\">\n\t\t\t\t\t\t\t\t\t\t\t\t\t\t\t\t<div class=\"jtg-social\">\n\t\t\t\t\t\t\t\t\t\t\t\t\t\t\t\t\t\t\t\t\t\t\t\t\t\t\t\t\t<\/div>\n\t\t\t\t\t\t\t<\/div>\n\t\t<\/div>\n\n\t<\/div>\n\n<\/div><div class=\"modula-item effect-pufrobo\" >\n\t<div class=\"modula-item-overlay\"><\/div>\n\n\t<div class=\"modula-item-content\">\n\n\t\t\t\t\n\t\t\t\t\t<a href=\"https:\/\/astaula.com\/wp-content\/uploads\/2023\/04\/Pirmoji-Jura.-Aliejusdrobe.-50x70cm-2011.jpg\" data-elementor-open-lightbox=\"no\" rel=\"jtg-309\" data-caption=\"Pavadinimas: \u201ePirmoji j\u016bra&quot;. Technika: aliejus, drob\u0117. Dydis: 50x70 cm\nSuk\u016brimo metai: 2011\" class=\"tile-inner modula-item-link\"><\/a>\n\t\t\n\t\t\n\t\t<img class='pic' data-valign=\"middle\" data-halign=\"center\" alt=\"\" src=\"https:\/\/astaula.com\/wp-content\/uploads\/2023\/04\/Pirmoji-Jura.-Aliejusdrobe.-50x70cm-2011-1024x728.jpg\" data-src=\"https:\/\/astaula.com\/wp-content\/uploads\/2023\/04\/Pirmoji-Jura.-Aliejusdrobe.-50x70cm-2011-1024x728.jpg\"\/>\n\n\t\t\n\t\t<div class=\"figc\">\n\t\t\t<div class=\"figc-inner\">\n\t\t\t\t\t\t\t\t\t\t\t\t\t\t\t\t<div class=\"jtg-social\">\n\t\t\t\t\t\t\t\t\t\t\t\t\t\t\t\t\t\t\t\t\t\t\t\t\t\t\t\t\t<\/div>\n\t\t\t\t\t\t\t<\/div>\n\t\t<\/div>\n\n\t<\/div>\n\n<\/div><div class=\"modula-item effect-pufrobo\" >\n\t<div class=\"modula-item-overlay\"><\/div>\n\n\t<div class=\"modula-item-content\">\n\n\t\t\t\t\n\t\t\t\t\t<a href=\"https:\/\/astaula.com\/wp-content\/uploads\/2023\/04\/AktasII.-Aliejusdrobe.-60x80cm-2011.jpg\" data-elementor-open-lightbox=\"no\" rel=\"jtg-309\" data-caption=\"Pavadinimas: ,,Aktas II&quot;. Technika: aliejus, drob\u0117. Dydis: 60x80 cm. Suk\u016brimo metai: 2011\" class=\"tile-inner modula-item-link\"><\/a>\n\t\t\n\t\t\n\t\t<img class='pic' data-valign=\"middle\" data-halign=\"center\" alt=\"\" src=\"https:\/\/astaula.com\/wp-content\/uploads\/2023\/04\/AktasII.-Aliejusdrobe.-60x80cm-2011-1024x749.jpg\" data-src=\"https:\/\/astaula.com\/wp-content\/uploads\/2023\/04\/AktasII.-Aliejusdrobe.-60x80cm-2011-1024x749.jpg\"\/>\n\n\t\t\n\t\t<div class=\"figc\">\n\t\t\t<div class=\"figc-inner\">\n\t\t\t\t\t\t\t\t\t\t\t\t\t\t\t\t<div class=\"jtg-social\">\n\t\t\t\t\t\t\t\t\t\t\t\t\t\t\t\t\t\t\t\t\t\t\t\t\t\t\t\t\t<\/div>\n\t\t\t\t\t\t\t<\/div>\n\t\t<\/div>\n\n\t<\/div>\n\n<\/div><div class=\"modula-item effect-pufrobo\" >\n\t<div class=\"modula-item-overlay\"><\/div>\n\n\t<div class=\"modula-item-content\">\n\n\t\t\t\t\n\t\t\t\t\t<a href=\"https:\/\/astaula.com\/wp-content\/uploads\/2023\/04\/Sugrizimas.-Aliejusdrobe.-50x100cm-2018.jpg\" data-elementor-open-lightbox=\"no\" rel=\"jtg-309\" data-caption=\"Pavadinimas: ,,Sugr\u012f\u017eimas&quot;. Technika: aliejus, drob\u0117. Dydis: 50x100 cm. Suk\u016brimo metai: 2018\" class=\"tile-inner modula-item-link\"><\/a>\n\t\t\n\t\t\n\t\t<img class='pic' data-valign=\"middle\" data-halign=\"center\" alt=\"\" src=\"https:\/\/astaula.com\/wp-content\/uploads\/2023\/04\/Sugrizimas.-Aliejusdrobe.-50x100cm-2018-1024x513.jpg\" data-src=\"https:\/\/astaula.com\/wp-content\/uploads\/2023\/04\/Sugrizimas.-Aliejusdrobe.-50x100cm-2018-1024x513.jpg\"\/>\n\n\t\t\n\t\t<div class=\"figc\">\n\t\t\t<div class=\"figc-inner\">\n\t\t\t\t\t\t\t\t\t\t\t\t\t\t\t\t<div class=\"jtg-social\">\n\t\t\t\t\t\t\t\t\t\t\t\t\t\t\t\t\t\t\t\t\t\t\t\t\t\t\t\t\t<\/div>\n\t\t\t\t\t\t\t<\/div>\n\t\t<\/div>\n\n\t<\/div>\n\n<\/div><div class=\"modula-item effect-pufrobo\" >\n\t<div class=\"modula-item-overlay\"><\/div>\n\n\t<div class=\"modula-item-content\">\n\n\t\t\t\t\n\t\t\t\t\t<a href=\"https:\/\/astaula.com\/wp-content\/uploads\/2023\/04\/Mon-Ami.-Aliejusdrobe.-40x50cm-2020.jpg\" data-elementor-open-lightbox=\"no\" rel=\"jtg-309\" data-caption=\"Pavadinimas: \u201eMon Ami&quot;. Technika: aliejus, drob\u0117. Dydis: 40x50 cm. Suk\u016brimo metai: 2020\" class=\"tile-inner modula-item-link\"><\/a>\n\t\t\n\t\t\n\t\t<img class='pic' data-valign=\"middle\" data-halign=\"center\" alt=\"\" src=\"https:\/\/astaula.com\/wp-content\/uploads\/2023\/04\/Mon-Ami.-Aliejusdrobe.-40x50cm-2020-1024x816.jpg\" data-src=\"https:\/\/astaula.com\/wp-content\/uploads\/2023\/04\/Mon-Ami.-Aliejusdrobe.-40x50cm-2020-1024x816.jpg\"\/>\n\n\t\t\n\t\t<div class=\"figc\">\n\t\t\t<div class=\"figc-inner\">\n\t\t\t\t\t\t\t\t\t\t\t\t\t\t\t\t<div class=\"jtg-social\">\n\t\t\t\t\t\t\t\t\t\t\t\t\t\t\t\t\t\t\t\t\t\t\t\t\t\t\t\t\t<\/div>\n\t\t\t\t\t\t\t<\/div>\n\t\t<\/div>\n\n\t<\/div>\n\n<\/div><div class=\"modula-item effect-pufrobo\" >\n\t<div class=\"modula-item-overlay\"><\/div>\n\n\t<div class=\"modula-item-content\">\n\n\t\t\t\t\n\t\t\t\t\t<a href=\"https:\/\/astaula.com\/wp-content\/uploads\/2023\/04\/Murklyte.-Aliejusdrobe.-60x50cm-2020.jpg\" data-elementor-open-lightbox=\"no\" rel=\"jtg-309\" data-caption=\"Pavadinimas: \u201eMurklyt\u0117&quot;. Technika: aliejus, drob\u0117. Dydis: 60x50 cm. Suk\u016brimo metai: 2020\" class=\"tile-inner modula-item-link\"><\/a>\n\t\t\n\t\t\n\t\t<img class='pic' data-valign=\"middle\" data-halign=\"center\" alt=\"\" src=\"https:\/\/astaula.com\/wp-content\/uploads\/2023\/04\/Murklyte.-Aliejusdrobe.-60x50cm-2020-849x1024.jpg\" data-src=\"https:\/\/astaula.com\/wp-content\/uploads\/2023\/04\/Murklyte.-Aliejusdrobe.-60x50cm-2020-849x1024.jpg\"\/>\n\n\t\t\n\t\t<div class=\"figc\">\n\t\t\t<div class=\"figc-inner\">\n\t\t\t\t\t\t\t\t\t\t\t\t\t\t\t\t<div class=\"jtg-social\">\n\t\t\t\t\t\t\t\t\t\t\t\t\t\t\t\t\t\t\t\t\t\t\t\t\t\t\t\t\t<\/div>\n\t\t\t\t\t\t\t<\/div>\n\t\t<\/div>\n\n\t<\/div>\n\n<\/div><div class=\"modula-item effect-pufrobo\" >\n\t<div class=\"modula-item-overlay\"><\/div>\n\n\t<div class=\"modula-item-content\">\n\n\t\t\t\t\n\t\t\t\t\t<a href=\"https:\/\/astaula.com\/wp-content\/uploads\/2023\/04\/Marmozel.-100x70cm-2020.jpg\" data-elementor-open-lightbox=\"no\" rel=\"jtg-309\" data-caption=\"Pavadinimas: \u201eMarmozel&quot;. Technika: aliejus, drob\u0117. Dydis: 100x70 cm. Suk\u016brimo metai: 2020\" class=\"tile-inner modula-item-link\"><\/a>\n\t\t\n\t\t\n\t\t<img class='pic' data-valign=\"middle\" data-halign=\"center\" alt=\"\" src=\"https:\/\/astaula.com\/wp-content\/uploads\/2023\/04\/Marmozel.-100x70cm-2020-711x1024.jpg\" data-src=\"https:\/\/astaula.com\/wp-content\/uploads\/2023\/04\/Marmozel.-100x70cm-2020-711x1024.jpg\"\/>\n\n\t\t\n\t\t<div class=\"figc\">\n\t\t\t<div class=\"figc-inner\">\n\t\t\t\t\t\t\t\t\t\t\t\t\t\t\t\t<div class=\"jtg-social\">\n\t\t\t\t\t\t\t\t\t\t\t\t\t\t\t\t\t\t\t\t\t\t\t\t\t\t\t\t\t<\/div>\n\t\t\t\t\t\t\t<\/div>\n\t\t<\/div>\n\n\t<\/div>\n\n<\/div><div class=\"modula-item effect-pufrobo\" >\n\t<div class=\"modula-item-overlay\"><\/div>\n\n\t<div class=\"modula-item-content\">\n\n\t\t\t\t\n\t\t\t\t\t<a href=\"https:\/\/astaula.com\/wp-content\/uploads\/2023\/04\/Retriveris.-Aliejusdrobe.-50x40cm-2020.jpg\" data-elementor-open-lightbox=\"no\" rel=\"jtg-309\" data-caption=\"Pavadinimas: \u201eRetriveris&quot;. Technika: aliejus, drob\u0117. Dydis: 50x40 cm. Suk\u016brimo metai: 2020\" class=\"tile-inner modula-item-link\"><\/a>\n\t\t\n\t\t\n\t\t<img class='pic' data-valign=\"middle\" data-halign=\"center\" alt=\"\" src=\"https:\/\/astaula.com\/wp-content\/uploads\/2023\/04\/Retriveris.-Aliejusdrobe.-50x40cm-2020-815x1024.jpg\" data-src=\"https:\/\/astaula.com\/wp-content\/uploads\/2023\/04\/Retriveris.-Aliejusdrobe.-50x40cm-2020-815x1024.jpg\"\/>\n\n\t\t\n\t\t<div class=\"figc\">\n\t\t\t<div class=\"figc-inner\">\n\t\t\t\t\t\t\t\t\t\t\t\t\t\t\t\t<div class=\"jtg-social\">\n\t\t\t\t\t\t\t\t\t\t\t\t\t\t\t\t\t\t\t\t\t\t\t\t\t\t\t\t\t<\/div>\n\t\t\t\t\t\t\t<\/div>\n\t\t<\/div>\n\n\t<\/div>\n\n<\/div><div class=\"modula-item effect-pufrobo\" >\n\t<div class=\"modula-item-overlay\"><\/div>\n\n\t<div class=\"modula-item-content\">\n\n\t\t\t\t\n\t\t\t\t\t<a href=\"https:\/\/astaula.com\/wp-content\/uploads\/2023\/04\/Lubinu-lauke.-Aliejusdrobe.-50x100cm-2013-1.jpg\" data-elementor-open-lightbox=\"no\" rel=\"jtg-309\" data-caption=\"Pavadinimas: \u201eLubin\u0173 lauke&quot;. Technika: aliejus, drob\u0117. Dydis: 50x100 cm. Suk\u016brimo metai: 2013\" class=\"tile-inner modula-item-link\"><\/a>\n\t\t\n\t\t\n\t\t<img class='pic' data-valign=\"middle\" data-halign=\"center\" alt=\"\" src=\"https:\/\/astaula.com\/wp-content\/uploads\/2023\/04\/Lubinu-lauke.-Aliejusdrobe.-50x100cm-2013-1-1024x502.jpg\" data-src=\"https:\/\/astaula.com\/wp-content\/uploads\/2023\/04\/Lubinu-lauke.-Aliejusdrobe.-50x100cm-2013-1-1024x502.jpg\"\/>\n\n\t\t\n\t\t<div class=\"figc\">\n\t\t\t<div class=\"figc-inner\">\n\t\t\t\t\t\t\t\t\t\t\t\t\t\t\t\t<div class=\"jtg-social\">\n\t\t\t\t\t\t\t\t\t\t\t\t\t\t\t\t\t\t\t\t\t\t\t\t\t\t\t\t\t<\/div>\n\t\t\t\t\t\t\t<\/div>\n\t\t<\/div>\n\n\t<\/div>\n\n<\/div><div class=\"modula-item effect-pufrobo\" >\n\t<div class=\"modula-item-overlay\"><\/div>\n\n\t<div class=\"modula-item-content\">\n\n\t\t\t\t\n\t\t\t\t\t<a href=\"https:\/\/astaula.com\/wp-content\/uploads\/2023\/04\/Panevezio-priemiescio-namai-1916-m.-Aliejus-drobe.-50x60cm-2020-2.jpg\" data-elementor-open-lightbox=\"no\" rel=\"jtg-309\" data-caption=\"Pavadinimas: \u201ePanev\u0117\u017eio priemies\u010dio namai 1916 m.&quot;. Technika: aliejus, drob\u0117. Dydis: 50x60 cm. Suk\u016brimo metai: 2020\" class=\"tile-inner modula-item-link\"><\/a>\n\t\t\n\t\t\n\t\t<img class='pic' data-valign=\"middle\" data-halign=\"center\" alt=\"\" src=\"https:\/\/astaula.com\/wp-content\/uploads\/2023\/04\/Panevezio-priemiescio-namai-1916-m.-Aliejus-drobe.-50x60cm-2020-2-1024x728.jpg\" data-src=\"https:\/\/astaula.com\/wp-content\/uploads\/2023\/04\/Panevezio-priemiescio-namai-1916-m.-Aliejus-drobe.-50x60cm-2020-2-1024x728.jpg\"\/>\n\n\t\t\n\t\t<div class=\"figc\">\n\t\t\t<div class=\"figc-inner\">\n\t\t\t\t\t\t\t\t\t\t\t\t\t\t\t\t<div class=\"jtg-social\">\n\t\t\t\t\t\t\t\t\t\t\t\t\t\t\t\t\t\t\t\t\t\t\t\t\t\t\t\t\t<\/div>\n\t\t\t\t\t\t\t<\/div>\n\t\t<\/div>\n\n\t<\/div>\n\n<\/div><div class=\"modula-item effect-pufrobo\" >\n\t<div class=\"modula-item-overlay\"><\/div>\n\n\t<div class=\"modula-item-content\">\n\n\t\t\t\t\n\t\t\t\t\t<a href=\"https:\/\/astaula.com\/wp-content\/uploads\/2023\/04\/Jaunavedziai-su-palyda.-XX-a.-3-des.-Aliejusdrobe.-50x60cm-2020-2.jpg\" data-elementor-open-lightbox=\"no\" rel=\"jtg-309\" data-caption=\"Pavadinimas: \u201eJaunaved\u017eiai su palyda. XX a. 3 de\u0161.&quot;. Technika: aliejus, drob\u0117. Dydis: 50x60 cm. Suk\u016brimo metai: 2020\" class=\"tile-inner modula-item-link\"><\/a>\n\t\t\n\t\t\n\t\t<img class='pic' data-valign=\"middle\" data-halign=\"center\" alt=\"\" src=\"https:\/\/astaula.com\/wp-content\/uploads\/2023\/04\/Jaunavedziai-su-palyda.-XX-a.-3-des.-Aliejusdrobe.-50x60cm-2020-2-1024x733.jpg\" data-src=\"https:\/\/astaula.com\/wp-content\/uploads\/2023\/04\/Jaunavedziai-su-palyda.-XX-a.-3-des.-Aliejusdrobe.-50x60cm-2020-2-1024x733.jpg\"\/>\n\n\t\t\n\t\t<div class=\"figc\">\n\t\t\t<div class=\"figc-inner\">\n\t\t\t\t\t\t\t\t\t\t\t\t\t\t\t\t<div class=\"jtg-social\">\n\t\t\t\t\t\t\t\t\t\t\t\t\t\t\t\t\t\t\t\t\t\t\t\t\t\t\t\t\t<\/div>\n\t\t\t\t\t\t\t<\/div>\n\t\t<\/div>\n\n\t<\/div>\n\n<\/div>\t\t\n\t<\/div>\n\n\t\n\t\n\t<script type=\"application\/ld+json\">\n\t{\n\t\t\"@context\": \"http:\/\/schema.org\",\n\t\t\"@type\"   : \"ImageGallery\",\n\t\t\"id\"      : \"https:\/\/astaula.com\",\n\t\t\"url\"     : \"https:\/\/astaula.com\"\n\t}\n\n    <\/script>\n\n\t\n<\/div>\n\n\n<figure class=\"wp-block-gallery columns-0 is-cropped wp-block-gallery-1 is-layout-flex\"><ul class=\"blocks-gallery-grid\"><\/ul><\/figure>\n","protected":false},"excerpt":{"rendered":"","protected":false},"author":1,"featured_media":0,"parent":0,"menu_order":0,"comment_status":"closed","ping_status":"closed","template":"","meta":[],"_links":{"self":[{"href":"https:\/\/astaula.com\/index.php?rest_route=\/wp\/v2\/pages\/306"}],"collection":[{"href":"https:\/\/astaula.com\/index.php?rest_route=\/wp\/v2\/pages"}],"about":[{"href":"https:\/\/astaula.com\/index.php?rest_route=\/wp\/v2\/types\/page"}],"author":[{"embeddable":true,"href":"https:\/\/astaula.com\/index.php?rest_route=\/wp\/v2\/users\/1"}],"replies":[{"embeddable":true,"href":"https:\/\/astaula.com\/index.php?rest_route=%2Fwp%2Fv2%2Fcomments&post=306"}],"version-history":[{"count":6,"href":"https:\/\/astaula.com\/index.php?rest_route=\/wp\/v2\/pages\/306\/revisions"}],"predecessor-version":[{"id":2271,"href":"https:\/\/astaula.com\/index.php?rest_route=\/wp\/v2\/pages\/306\/revisions\/2271"}],"wp:attachment":[{"href":"https:\/\/astaula.com\/index.php?rest_route=%2Fwp%2Fv2%2Fmedia&parent=306"}],"curies":[{"name":"wp","href":"https:\/\/api.w.org\/{rel}","templated":true}]}}