{"id":2732,"date":"2023-11-25T18:34:06","date_gmt":"2023-11-25T16:34:06","guid":{"rendered":"https:\/\/astaula.com\/?page_id=2732"},"modified":"2023-11-25T18:53:39","modified_gmt":"2023-11-25T16:53:39","slug":"atgimimas-ramygalos-kulturos-centras-panevezio-r-2023-m-lapkritis-gruodis","status":"publish","type":"page","link":"https:\/\/astaula.com\/?page_id=2732","title":{"rendered":"\u201eAtgimimas\u201c. Ramygalos kult\u016bros centras, Panev\u0117\u017eio r. 2023 m. lapkritis \u2013 gruodis"},"content":{"rendered":"\n<p class=\"has-text-align-center\"><mark style=\"background-color:rgba(0, 0, 0, 0)\" class=\"has-inline-color has-white-color\">Personalin\u0117 tapybos darb\u0173 paroda \u201eAtgimimas&#8221;, surengta 2023 m. lapkrit\u012f \u2013 gruod\u012f, Ramygalos kult\u016bros centre, Panev\u0117\u017eio r.<\/mark><\/p>\n\n\n\n<p class=\"has-text-align-center\"><mark style=\"background-color:rgba(0, 0, 0, 0)\" class=\"has-inline-color has-white-color\">Parodoje eksponuota de\u0161imt paveiksl\u0173, tapyt\u0173 aliejiniais da\u017eais ant drob\u0117s nuo 2019 iki 2023 m.<\/mark><\/p>\n\n\n<style>#jtg-2716 .modula-item .jtg-social a, .lightbox-socials.jtg-social a{ color: #ffffff }#jtg-2716 .modula-item .jtg-social svg, .lightbox-socials.jtg-social svg { height: 16px; width: 16px }#jtg-2716 .modula-item .jtg-social a:not(:last-child), .lightbox-socials.jtg-social a:not(:last-child) { margin-right: 10px }#jtg-2716 .modula-item .caption { background-color: #ffffff;  }#jtg-2716 .modula-item .figc {color:#ffffff;}#jtg-2716 .modula-item .modula-item-content { transform: scale(1) }#jtg-2716 { width:100%;}#jtg-2716 .modula-items .figc p.description { font-size:14px; }#jtg-2716 .modula-items .figc p.description { color:#ffffff;}#jtg-2716 .modula-items .figc .jtg-title { color:#ffffff; }#jtg-2716 .modula-item > .modula-item-content > a { cursor:zoom-in; } @media screen and (max-width:480px){#jtg-2716 .modula-item .figc .jtg-title {  font-size: 12px; }#jtg-2716 .modula-items .figc p.description { color:#ffffff;font-size:10px; }}<\/style>\n<!-- Gallery Container -->\n<div  id=\"jtg-2716\" class=\"modula modula-gallery modula-columns\" data-config=\"{&quot;enableTwitter&quot;:true,&quot;enableWhatsapp&quot;:true,&quot;enableFacebook&quot;:true,&quot;enablePinterest&quot;:true,&quot;enableLinkedin&quot;:true,&quot;randomFactor&quot;:0.5,&quot;type&quot;:&quot;grid&quot;,&quot;columns&quot;:12,&quot;gutter&quot;:10,&quot;enableResponsive&quot;:&quot;0&quot;,&quot;tabletColumns&quot;:&quot;2&quot;,&quot;mobileColumns&quot;:&quot;1&quot;,&quot;lazyLoad&quot;:&quot;1&quot;,&quot;lightboxOpts&quot;:{&quot;loop&quot;:false,&quot;arrows&quot;:true,&quot;toolbar&quot;:true,&quot;keyboard&quot;:false,&quot;wheel&quot;:false,&quot;buttons&quot;:[&quot;close&quot;],&quot;hash&quot;:false,&quot;lang&quot;:&quot;en&quot;,&quot;touch&quot;:false,&quot;protect&quot;:false,&quot;i18n&quot;:{&quot;en&quot;:{&quot;CLOSE&quot;:&quot;Close&quot;,&quot;NEXT&quot;:&quot;Next&quot;,&quot;PREV&quot;:&quot;Previous&quot;,&quot;Error&quot;:&quot;The requested content cannot be loaded. Please try again later.&quot;,&quot;PLAY_START&quot;:&quot;Start slideshow&quot;,&quot;PLAY_STOP&quot;:&quot;Pause slideshow&quot;,&quot;FULL_SCREEN&quot;:&quot;Full screen&quot;,&quot;THUMBS&quot;:&quot;Thumbnails&quot;,&quot;DOWNLOAD&quot;:&quot;Download&quot;,&quot;SHARE&quot;:&quot;Share&quot;,&quot;ZOOM&quot;:&quot;Zoom&quot;}},&quot;clickSlide&quot;:false,&quot;clickOutside&quot;:false,&quot;dblclickContent&quot;:false,&quot;dblclickSlide&quot;:false,&quot;dblclickOutside&quot;:false,&quot;clickContent&quot;:false},&quot;inView&quot;:false,&quot;grid_type&quot;:&quot;automatic&quot;,&quot;rowHeight&quot;:150,&quot;lastRow&quot;:&quot;justify&quot;,&quot;lightbox&quot;:&quot;fancybox&quot;}\">\n\n\t\n\t<!-- Items Container -->\n\t<div  class=\"modula-items grid-gallery\">\n\t\t<div class=\"modula-item effect-pufrobo\" >\n\t<div class=\"modula-item-overlay\"><\/div>\n\n\t<div class=\"modula-item-content\">\n\n\t\t\t\t\n\t\t\t\t\t<a href=\"https:\/\/astaula.com\/wp-content\/uploads\/2023\/11\/DSC_6466.jpg\" data-elementor-open-lightbox=\"no\" rel=\"jtg-2716\" data-caption=\"Ramygalos kult\u016bros centras. 2023 m. lapkritis\" class=\"tile-inner modula-item-link\"><\/a>\n\t\t\n\t\t\n\t\t<img class='pic' data-valign=\"middle\" data-halign=\"center\" alt=\"\" src=\"https:\/\/astaula.com\/wp-content\/uploads\/2023\/11\/DSC_6466-1024x681.jpg\" data-src=\"https:\/\/astaula.com\/wp-content\/uploads\/2023\/11\/DSC_6466-1024x681.jpg\"\/>\n\n\t\t\n\t\t<div class=\"figc\">\n\t\t\t<div class=\"figc-inner\">\n\t\t\t\t\t\t\t\t\t\t\t\t\t\t\t<\/div>\n\t\t<\/div>\n\n\t<\/div>\n\n<\/div><div class=\"modula-item effect-pufrobo\" >\n\t<div class=\"modula-item-overlay\"><\/div>\n\n\t<div class=\"modula-item-content\">\n\n\t\t\t\t\n\t\t\t\t\t<a href=\"https:\/\/astaula.com\/wp-content\/uploads\/2023\/11\/DSC_6427.jpg\" data-elementor-open-lightbox=\"no\" rel=\"jtg-2716\" data-caption=\"Personalin\u0117 tapybos darb\u0173 paroda \u201eAtgimimas&quot;. Ramygalos kult\u016bros centras. 2023 m. lapkritis\" class=\"tile-inner modula-item-link\"><\/a>\n\t\t\n\t\t\n\t\t<img class='pic' data-valign=\"middle\" data-halign=\"center\" alt=\"\" src=\"https:\/\/astaula.com\/wp-content\/uploads\/2023\/11\/DSC_6427-682x1024.jpg\" data-src=\"https:\/\/astaula.com\/wp-content\/uploads\/2023\/11\/DSC_6427-682x1024.jpg\"\/>\n\n\t\t\n\t\t<div class=\"figc\">\n\t\t\t<div class=\"figc-inner\">\n\t\t\t\t\t\t\t\t\t\t\t\t\t\t\t<\/div>\n\t\t<\/div>\n\n\t<\/div>\n\n<\/div><div class=\"modula-item effect-pufrobo\" >\n\t<div class=\"modula-item-overlay\"><\/div>\n\n\t<div class=\"modula-item-content\">\n\n\t\t\t\t\n\t\t\t\t\t<a href=\"https:\/\/astaula.com\/wp-content\/uploads\/2023\/11\/DSC_2855.jpg\" data-elementor-open-lightbox=\"no\" rel=\"jtg-2716\" data-caption=\"Personalin\u0117 tapybos darb\u0173 paroda \u201eAtgimimas&quot;. Ramygalos kult\u016bros centras. 2023 m. lapkritis \u2013 gruodis\" class=\"tile-inner modula-item-link\"><\/a>\n\t\t\n\t\t\n\t\t<img class='pic' data-valign=\"middle\" data-halign=\"center\" alt=\"\" src=\"https:\/\/astaula.com\/wp-content\/uploads\/2023\/11\/DSC_2855-1024x681.jpg\" data-src=\"https:\/\/astaula.com\/wp-content\/uploads\/2023\/11\/DSC_2855-1024x681.jpg\"\/>\n\n\t\t\n\t\t<div class=\"figc\">\n\t\t\t<div class=\"figc-inner\">\n\t\t\t\t\t\t\t\t\t\t\t\t\t\t\t<\/div>\n\t\t<\/div>\n\n\t<\/div>\n\n<\/div><div class=\"modula-item effect-pufrobo\" >\n\t<div class=\"modula-item-overlay\"><\/div>\n\n\t<div class=\"modula-item-content\">\n\n\t\t\t\t\n\t\t\t\t\t<a href=\"https:\/\/astaula.com\/wp-content\/uploads\/2023\/11\/DSC_6444.jpg\" data-elementor-open-lightbox=\"no\" rel=\"jtg-2716\" data-caption=\"Personalin\u0117 tapybos darb\u0173 paroda \u201eAtgimimas&quot;. Ramygalos kult\u016bros centras. 2023 m. lapkritis \u2013 gruodis\" class=\"tile-inner modula-item-link\"><\/a>\n\t\t\n\t\t\n\t\t<img class='pic' data-valign=\"middle\" data-halign=\"center\" alt=\"\" src=\"https:\/\/astaula.com\/wp-content\/uploads\/2023\/11\/DSC_6444-1024x682.jpg\" data-src=\"https:\/\/astaula.com\/wp-content\/uploads\/2023\/11\/DSC_6444-1024x682.jpg\"\/>\n\n\t\t\n\t\t<div class=\"figc\">\n\t\t\t<div class=\"figc-inner\">\n\t\t\t\t\t\t\t\t\t\t\t\t\t\t\t<\/div>\n\t\t<\/div>\n\n\t<\/div>\n\n<\/div><div class=\"modula-item effect-pufrobo\" >\n\t<div class=\"modula-item-overlay\"><\/div>\n\n\t<div class=\"modula-item-content\">\n\n\t\t\t\t\n\t\t\t\t\t<a href=\"https:\/\/astaula.com\/wp-content\/uploads\/2023\/11\/DSC_6445.jpg\" data-elementor-open-lightbox=\"no\" rel=\"jtg-2716\" data-caption=\"Personalin\u0117 tapybos darb\u0173 paroda \u201eAtgimimas&quot;. Ramygalos kult\u016bros centras. 2023 m. lapkritis \u2013 gruodis\" class=\"tile-inner modula-item-link\"><\/a>\n\t\t\n\t\t\n\t\t<img class='pic' data-valign=\"middle\" data-halign=\"center\" alt=\"\" src=\"https:\/\/astaula.com\/wp-content\/uploads\/2023\/11\/DSC_6445-1024x681.jpg\" data-src=\"https:\/\/astaula.com\/wp-content\/uploads\/2023\/11\/DSC_6445-1024x681.jpg\"\/>\n\n\t\t\n\t\t<div class=\"figc\">\n\t\t\t<div class=\"figc-inner\">\n\t\t\t\t\t\t\t\t\t\t\t\t\t\t\t<\/div>\n\t\t<\/div>\n\n\t<\/div>\n\n<\/div><div class=\"modula-item effect-pufrobo\" >\n\t<div class=\"modula-item-overlay\"><\/div>\n\n\t<div class=\"modula-item-content\">\n\n\t\t\t\t\n\t\t\t\t\t<a href=\"https:\/\/astaula.com\/wp-content\/uploads\/2023\/11\/DSC_6449.jpg\" data-elementor-open-lightbox=\"no\" rel=\"jtg-2716\" data-caption=\"Personalin\u0117 tapybos darb\u0173 paroda \u201eAtgimimas&quot;. Ramygalos kult\u016bros centras. 2023 m. lapkritis \u2013 gruodis\" class=\"tile-inner modula-item-link\"><\/a>\n\t\t\n\t\t\n\t\t<img class='pic' data-valign=\"middle\" data-halign=\"center\" alt=\"\" src=\"https:\/\/astaula.com\/wp-content\/uploads\/2023\/11\/DSC_6449-1024x681.jpg\" data-src=\"https:\/\/astaula.com\/wp-content\/uploads\/2023\/11\/DSC_6449-1024x681.jpg\"\/>\n\n\t\t\n\t\t<div class=\"figc\">\n\t\t\t<div class=\"figc-inner\">\n\t\t\t\t\t\t\t\t\t\t\t\t\t\t\t<\/div>\n\t\t<\/div>\n\n\t<\/div>\n\n<\/div><div class=\"modula-item effect-pufrobo\" >\n\t<div class=\"modula-item-overlay\"><\/div>\n\n\t<div class=\"modula-item-content\">\n\n\t\t\t\t\n\t\t\t\t\t<a href=\"https:\/\/astaula.com\/wp-content\/uploads\/2023\/11\/DSC_6450.jpg\" data-elementor-open-lightbox=\"no\" rel=\"jtg-2716\" data-caption=\"Personalin\u0117 tapybos darb\u0173 paroda \u201eAtgimimas&quot;. Ramygalos kult\u016bros centras. 2023 m. lapkritis \u2013 gruodis\" class=\"tile-inner modula-item-link\"><\/a>\n\t\t\n\t\t\n\t\t<img class='pic' data-valign=\"middle\" data-halign=\"center\" alt=\"\" src=\"https:\/\/astaula.com\/wp-content\/uploads\/2023\/11\/DSC_6450-1024x682.jpg\" data-src=\"https:\/\/astaula.com\/wp-content\/uploads\/2023\/11\/DSC_6450-1024x682.jpg\"\/>\n\n\t\t\n\t\t<div class=\"figc\">\n\t\t\t<div class=\"figc-inner\">\n\t\t\t\t\t\t\t\t\t\t\t\t\t\t\t<\/div>\n\t\t<\/div>\n\n\t<\/div>\n\n<\/div><div class=\"modula-item effect-pufrobo\" >\n\t<div class=\"modula-item-overlay\"><\/div>\n\n\t<div class=\"modula-item-content\">\n\n\t\t\t\t\n\t\t\t\t\t<a href=\"https:\/\/astaula.com\/wp-content\/uploads\/2023\/11\/DSC_6451.jpg\" data-elementor-open-lightbox=\"no\" rel=\"jtg-2716\" data-caption=\"Personalin\u0117 tapybos darb\u0173 paroda \u201eAtgimimas&quot;. Ramygalos kult\u016bros centras. 2023 m. lapkritis \u2013 gruodis\" class=\"tile-inner modula-item-link\"><\/a>\n\t\t\n\t\t\n\t\t<img class='pic' data-valign=\"middle\" data-halign=\"center\" alt=\"\" src=\"https:\/\/astaula.com\/wp-content\/uploads\/2023\/11\/DSC_6451-1024x681.jpg\" data-src=\"https:\/\/astaula.com\/wp-content\/uploads\/2023\/11\/DSC_6451-1024x681.jpg\"\/>\n\n\t\t\n\t\t<div class=\"figc\">\n\t\t\t<div class=\"figc-inner\">\n\t\t\t\t\t\t\t\t\t\t\t\t\t\t\t<\/div>\n\t\t<\/div>\n\n\t<\/div>\n\n<\/div><div class=\"modula-item effect-pufrobo\" >\n\t<div class=\"modula-item-overlay\"><\/div>\n\n\t<div class=\"modula-item-content\">\n\n\t\t\t\t\n\t\t\t\t\t<a href=\"https:\/\/astaula.com\/wp-content\/uploads\/2023\/11\/DSC_6452.jpg\" data-elementor-open-lightbox=\"no\" rel=\"jtg-2716\" data-caption=\"Personalin\u0117 tapybos darb\u0173 paroda \u201eAtgimimas&quot;. Ramygalos kult\u016bros centras. 2023 m. lapkritis \u2013 gruodis\" class=\"tile-inner modula-item-link\"><\/a>\n\t\t\n\t\t\n\t\t<img class='pic' data-valign=\"middle\" data-halign=\"center\" alt=\"\" src=\"https:\/\/astaula.com\/wp-content\/uploads\/2023\/11\/DSC_6452-1024x681.jpg\" data-src=\"https:\/\/astaula.com\/wp-content\/uploads\/2023\/11\/DSC_6452-1024x681.jpg\"\/>\n\n\t\t\n\t\t<div class=\"figc\">\n\t\t\t<div class=\"figc-inner\">\n\t\t\t\t\t\t\t\t\t\t\t\t\t\t\t<\/div>\n\t\t<\/div>\n\n\t<\/div>\n\n<\/div><div class=\"modula-item effect-pufrobo\" >\n\t<div class=\"modula-item-overlay\"><\/div>\n\n\t<div class=\"modula-item-content\">\n\n\t\t\t\t\n\t\t\t\t\t<a href=\"https:\/\/astaula.com\/wp-content\/uploads\/2023\/11\/DSC_6462.jpg\" data-elementor-open-lightbox=\"no\" rel=\"jtg-2716\" data-caption=\"Personalin\u0117 tapybos darb\u0173 paroda \u201eAtgimimas&quot;. Ramygalos kult\u016bros centras. 2023 m. lapkritis \u2013 gruodis\" class=\"tile-inner modula-item-link\"><\/a>\n\t\t\n\t\t\n\t\t<img class='pic' data-valign=\"middle\" data-halign=\"center\" alt=\"\" src=\"https:\/\/astaula.com\/wp-content\/uploads\/2023\/11\/DSC_6462-1024x682.jpg\" data-src=\"https:\/\/astaula.com\/wp-content\/uploads\/2023\/11\/DSC_6462-1024x682.jpg\"\/>\n\n\t\t\n\t\t<div class=\"figc\">\n\t\t\t<div class=\"figc-inner\">\n\t\t\t\t\t\t\t\t\t\t\t\t\t\t\t<\/div>\n\t\t<\/div>\n\n\t<\/div>\n\n<\/div><div class=\"modula-item effect-pufrobo\" >\n\t<div class=\"modula-item-overlay\"><\/div>\n\n\t<div class=\"modula-item-content\">\n\n\t\t\t\t\n\t\t\t\t\t<a href=\"https:\/\/astaula.com\/wp-content\/uploads\/2023\/11\/DSC_6476.jpg\" data-elementor-open-lightbox=\"no\" rel=\"jtg-2716\" data-caption=\"Personalin\u0117 tapybos darb\u0173 paroda \u201eAtgimimas&quot;. Ramygalos kult\u016bros centras. 2023 m. lapkritis \u2013 gruodis\" class=\"tile-inner modula-item-link\"><\/a>\n\t\t\n\t\t\n\t\t<img class='pic' data-valign=\"middle\" data-halign=\"center\" alt=\"\" src=\"https:\/\/astaula.com\/wp-content\/uploads\/2023\/11\/DSC_6476-681x1024.jpg\" data-src=\"https:\/\/astaula.com\/wp-content\/uploads\/2023\/11\/DSC_6476-681x1024.jpg\"\/>\n\n\t\t\n\t\t<div class=\"figc\">\n\t\t\t<div class=\"figc-inner\">\n\t\t\t\t\t\t\t\t\t\t\t\t\t\t\t<\/div>\n\t\t<\/div>\n\n\t<\/div>\n\n<\/div><div class=\"modula-item effect-pufrobo\" >\n\t<div class=\"modula-item-overlay\"><\/div>\n\n\t<div class=\"modula-item-content\">\n\n\t\t\t\t\n\t\t\t\t\t<a href=\"https:\/\/astaula.com\/wp-content\/uploads\/2023\/11\/DSC_6477.jpg\" data-elementor-open-lightbox=\"no\" rel=\"jtg-2716\" data-caption=\"Personalin\u0117 tapybos darb\u0173 paroda \u201eAtgimimas&quot;. Ramygalos kult\u016bros centras. 2023 m. lapkritis \u2013 gruodis\" class=\"tile-inner modula-item-link\"><\/a>\n\t\t\n\t\t\n\t\t<img class='pic' data-valign=\"middle\" data-halign=\"center\" alt=\"\" src=\"https:\/\/astaula.com\/wp-content\/uploads\/2023\/11\/DSC_6477-682x1024.jpg\" data-src=\"https:\/\/astaula.com\/wp-content\/uploads\/2023\/11\/DSC_6477-682x1024.jpg\"\/>\n\n\t\t\n\t\t<div class=\"figc\">\n\t\t\t<div class=\"figc-inner\">\n\t\t\t\t\t\t\t\t\t\t\t\t\t\t\t<\/div>\n\t\t<\/div>\n\n\t<\/div>\n\n<\/div><div class=\"modula-item effect-pufrobo\" >\n\t<div class=\"modula-item-overlay\"><\/div>\n\n\t<div class=\"modula-item-content\">\n\n\t\t\t\t\n\t\t\t\t\t<a href=\"https:\/\/astaula.com\/wp-content\/uploads\/2023\/12\/405769361_346010784736756_8450600199386774754_n.jpg\" data-elementor-open-lightbox=\"no\" rel=\"jtg-2716\" data-caption=\"Personalin\u0117 tapybos darb\u0173 paroda \u201eAtgimimas&quot;. Ramygalos kult\u016bros centras. 2023 m. lapkritis\" class=\"tile-inner modula-item-link\"><\/a>\n\t\t\n\t\t\n\t\t<img class='pic' data-valign=\"middle\" data-halign=\"center\" alt=\"\" src=\"https:\/\/astaula.com\/wp-content\/uploads\/2023\/12\/405769361_346010784736756_8450600199386774754_n-1024x662.jpg\" data-src=\"https:\/\/astaula.com\/wp-content\/uploads\/2023\/12\/405769361_346010784736756_8450600199386774754_n-1024x662.jpg\"\/>\n\n\t\t\n\t\t<div class=\"figc\">\n\t\t\t<div class=\"figc-inner\">\n\t\t\t\t\t\t\t\t\t\t\t\t\t\t\t<\/div>\n\t\t<\/div>\n\n\t<\/div>\n\n<\/div><div class=\"modula-item effect-pufrobo\" >\n\t<div class=\"modula-item-overlay\"><\/div>\n\n\t<div class=\"modula-item-content\">\n\n\t\t\t\t\n\t\t\t\t\t<a href=\"https:\/\/astaula.com\/wp-content\/uploads\/2023\/12\/406568058_347996361204865_6438205127635142729_n.jpg\" data-elementor-open-lightbox=\"no\" rel=\"jtg-2716\" data-caption=\"Personalin\u0117 tapybos darb\u0173 paroda \u201eAtgimimas&quot;. Ramygalos kult\u016bros centras. 2023 m. lapkritis\" class=\"tile-inner modula-item-link\"><\/a>\n\t\t\n\t\t\n\t\t<img class='pic' data-valign=\"middle\" data-halign=\"center\" alt=\"\" src=\"https:\/\/astaula.com\/wp-content\/uploads\/2023\/12\/406568058_347996361204865_6438205127635142729_n-724x1024.jpg\" data-src=\"https:\/\/astaula.com\/wp-content\/uploads\/2023\/12\/406568058_347996361204865_6438205127635142729_n-724x1024.jpg\"\/>\n\n\t\t\n\t\t<div class=\"figc\">\n\t\t\t<div class=\"figc-inner\">\n\t\t\t\t\t\t\t\t\t\t\t\t\t\t\t<\/div>\n\t\t<\/div>\n\n\t<\/div>\n\n<\/div><div class=\"modula-item effect-pufrobo\" >\n\t<div class=\"modula-item-overlay\"><\/div>\n\n\t<div class=\"modula-item-content\">\n\n\t\t\t\t\n\t\t\t\t\t<a href=\"https:\/\/astaula.com\/wp-content\/uploads\/2023\/12\/406579526_347996407871527_1062014800972935647_n.jpg\" data-elementor-open-lightbox=\"no\" rel=\"jtg-2716\" data-caption=\"Personalin\u0117 tapybos darb\u0173 paroda \u201eAtgimimas&quot;. Ramygalos kult\u016bros centras. 2023 m. lapkritis\" class=\"tile-inner modula-item-link\"><\/a>\n\t\t\n\t\t\n\t\t<img class='pic' data-valign=\"middle\" data-halign=\"center\" alt=\"\" src=\"https:\/\/astaula.com\/wp-content\/uploads\/2023\/12\/406579526_347996407871527_1062014800972935647_n-1024x683.jpg\" data-src=\"https:\/\/astaula.com\/wp-content\/uploads\/2023\/12\/406579526_347996407871527_1062014800972935647_n-1024x683.jpg\"\/>\n\n\t\t\n\t\t<div class=\"figc\">\n\t\t\t<div class=\"figc-inner\">\n\t\t\t\t\t\t\t\t\t\t\t\t\t\t\t<\/div>\n\t\t<\/div>\n\n\t<\/div>\n\n<\/div><div class=\"modula-item effect-pufrobo\" >\n\t<div class=\"modula-item-overlay\"><\/div>\n\n\t<div class=\"modula-item-content\">\n\n\t\t\t\t\n\t\t\t\t\t<a href=\"https:\/\/astaula.com\/wp-content\/uploads\/2023\/11\/DSC_6479.jpg\" data-elementor-open-lightbox=\"no\" rel=\"jtg-2716\" data-caption=\"Personalin\u0117 tapybos darb\u0173 paroda \u201eAtgimimas&quot;. Ramygalos kult\u016bros centras. 2023 m. lapkritis \u2013 gruodis\" class=\"tile-inner modula-item-link\"><\/a>\n\t\t\n\t\t\n\t\t<img class='pic' data-valign=\"middle\" data-halign=\"center\" alt=\"\" src=\"https:\/\/astaula.com\/wp-content\/uploads\/2023\/11\/DSC_6479-682x1024.jpg\" data-src=\"https:\/\/astaula.com\/wp-content\/uploads\/2023\/11\/DSC_6479-682x1024.jpg\"\/>\n\n\t\t\n\t\t<div class=\"figc\">\n\t\t\t<div class=\"figc-inner\">\n\t\t\t\t\t\t\t\t\t\t\t\t\t\t\t<\/div>\n\t\t<\/div>\n\n\t<\/div>\n\n<\/div><div class=\"modula-item effect-pufrobo\" >\n\t<div class=\"modula-item-overlay\"><\/div>\n\n\t<div class=\"modula-item-content\">\n\n\t\t\t\t\n\t\t\t\t\t<a href=\"https:\/\/astaula.com\/wp-content\/uploads\/2023\/11\/DSC_6469.jpg\" data-elementor-open-lightbox=\"no\" rel=\"jtg-2716\" data-caption=\"Ramygala. 2023 m. lapkritis\" class=\"tile-inner modula-item-link\"><\/a>\n\t\t\n\t\t\n\t\t<img class='pic' data-valign=\"middle\" data-halign=\"center\" alt=\"\" src=\"https:\/\/astaula.com\/wp-content\/uploads\/2023\/11\/DSC_6469-1024x682.jpg\" data-src=\"https:\/\/astaula.com\/wp-content\/uploads\/2023\/11\/DSC_6469-1024x682.jpg\"\/>\n\n\t\t\n\t\t<div class=\"figc\">\n\t\t\t<div class=\"figc-inner\">\n\t\t\t\t\t\t\t\t\t\t\t\t\t\t\t<\/div>\n\t\t<\/div>\n\n\t<\/div>\n\n<\/div><div class=\"modula-item effect-pufrobo\" >\n\t<div class=\"modula-item-overlay\"><\/div>\n\n\t<div class=\"modula-item-content\">\n\n\t\t\t\t\n\t\t\t\t\t<a href=\"https:\/\/astaula.com\/wp-content\/uploads\/2023\/11\/DSC_6500.jpg\" data-elementor-open-lightbox=\"no\" rel=\"jtg-2716\" data-caption=\"A\u010di\u016b! Ramygalos kult\u016bros centras. 2023 m. lapkritis\" class=\"tile-inner modula-item-link\"><\/a>\n\t\t\n\t\t\n\t\t<img class='pic' data-valign=\"middle\" data-halign=\"center\" alt=\"\" src=\"https:\/\/astaula.com\/wp-content\/uploads\/2023\/11\/DSC_6500-1024x682.jpg\" data-src=\"https:\/\/astaula.com\/wp-content\/uploads\/2023\/11\/DSC_6500-1024x682.jpg\"\/>\n\n\t\t\n\t\t<div class=\"figc\">\n\t\t\t<div class=\"figc-inner\">\n\t\t\t\t\t\t\t\t\t\t\t\t\t\t\t<\/div>\n\t\t<\/div>\n\n\t<\/div>\n\n<\/div>\t\t\n\t<\/div>\n\n\t\n\t\n\t<script type=\"application\/ld+json\">\n\t{\n\t\t\"@context\": \"http:\/\/schema.org\",\n\t\t\"@type\"   : \"ImageGallery\",\n\t\t\"id\"      : \"https:\/\/astaula.com\",\n\t\t\"url\"     : \"https:\/\/astaula.com\"\n\t}\n\n    <\/script>\n\n\t\n<\/div>","protected":false},"excerpt":{"rendered":"<p>Personalin\u0117 tapybos darb\u0173 paroda \u201eAtgimimas&#8221;, surengta 2023 m. lapkrit\u012f \u2013 gruod\u012f, Ramygalos kult\u016bros centre, Panev\u0117\u017eio r. Parodoje eksponuota de\u0161imt paveiksl\u0173, tapyt\u0173 aliejiniais da\u017eais ant drob\u0117s nuo 2019 iki 2023 m.<\/p>\n","protected":false},"author":1,"featured_media":0,"parent":0,"menu_order":0,"comment_status":"closed","ping_status":"closed","template":"","meta":[],"_links":{"self":[{"href":"https:\/\/astaula.com\/index.php?rest_route=\/wp\/v2\/pages\/2732"}],"collection":[{"href":"https:\/\/astaula.com\/index.php?rest_route=\/wp\/v2\/pages"}],"about":[{"href":"https:\/\/astaula.com\/index.php?rest_route=\/wp\/v2\/types\/page"}],"author":[{"embeddable":true,"href":"https:\/\/astaula.com\/index.php?rest_route=\/wp\/v2\/users\/1"}],"replies":[{"embeddable":true,"href":"https:\/\/astaula.com\/index.php?rest_route=%2Fwp%2Fv2%2Fcomments&post=2732"}],"version-history":[{"count":4,"href":"https:\/\/astaula.com\/index.php?rest_route=\/wp\/v2\/pages\/2732\/revisions"}],"predecessor-version":[{"id":2741,"href":"https:\/\/astaula.com\/index.php?rest_route=\/wp\/v2\/pages\/2732\/revisions\/2741"}],"wp:attachment":[{"href":"https:\/\/astaula.com\/index.php?rest_route=%2Fwp%2Fv2%2Fmedia&parent=2732"}],"curies":[{"name":"wp","href":"https:\/\/api.w.org\/{rel}","templated":true}]}}