{"id":2454,"date":"2023-06-05T07:21:35","date_gmt":"2023-06-05T05:21:35","guid":{"rendered":"https:\/\/astaula.com\/?page_id=2454"},"modified":"2023-06-05T07:29:04","modified_gmt":"2023-06-05T05:29:04","slug":"regejimas-vlado-statkeviciaus-muziejus-silale-2023-m-birzelis-liepa","status":"publish","type":"page","link":"https:\/\/astaula.com\/?page_id=2454","title":{"rendered":"\u201eReg\u0117jimas\u201c. Vlado Statkevi\u010diaus muziejus, \u0160ilal\u0117. 2023 m. bir\u017eelis\u2013liepa"},"content":{"rendered":"\n<p class=\"has-text-align-center\"><span class=\"has-inline-color has-white-color\">Personalin\u0117 tapybos darb\u0173 paroda \u201eReg\u0117jimas\u201c surengta 2023 m. bir\u017eel\u012f\u2013liep\u0105 Vlado Statkevi\u010diaus muziejuje, \u0160ilal\u0117je.<\/span><\/p>\n\n\n\n<p class=\"has-text-align-center\"><span class=\"has-inline-color has-white-color\">Parodoje eksponuota \u0161e\u0161iolika paveiksl\u0173, tapyt\u0173 aliejiniais da\u017eais ant drob\u0117s nuo 2014 iki 2023 m.<\/span><\/p>\n\n\n<style>#jtg-2440 .modula-item .jtg-social a, .lightbox-socials.jtg-social a{ color: #ffffff }#jtg-2440 .modula-item .jtg-social svg, .lightbox-socials.jtg-social svg { height: 16px; width: 16px }#jtg-2440 .modula-item .jtg-social a:not(:last-child), .lightbox-socials.jtg-social a:not(:last-child) { margin-right: 10px }#jtg-2440 .modula-item .caption { background-color: #ffffff;  }#jtg-2440 .modula-item .figc {color:#ffffff;}#jtg-2440 .modula-item .modula-item-content { transform: scale(1) }#jtg-2440 { width:100%;}#jtg-2440 .modula-items .figc p.description { font-size:14px; }#jtg-2440 .modula-items .figc p.description { color:#ffffff;}#jtg-2440 .modula-items .figc .jtg-title { color:#ffffff; }#jtg-2440 .modula-item > .modula-item-content > a { cursor:zoom-in; } @media screen and (max-width:480px){#jtg-2440 .modula-item .figc .jtg-title {  font-size: 12px; }#jtg-2440 .modula-items .figc p.description { color:#ffffff;font-size:10px; }}<\/style>\n<!-- Gallery Container -->\n<div  id=\"jtg-2440\" class=\"modula modula-gallery modula-columns\" data-config=\"{&quot;enableTwitter&quot;:true,&quot;enableWhatsapp&quot;:true,&quot;enableFacebook&quot;:true,&quot;enablePinterest&quot;:true,&quot;enableLinkedin&quot;:true,&quot;randomFactor&quot;:0.5,&quot;type&quot;:&quot;grid&quot;,&quot;columns&quot;:12,&quot;gutter&quot;:10,&quot;enableResponsive&quot;:&quot;0&quot;,&quot;tabletColumns&quot;:&quot;2&quot;,&quot;mobileColumns&quot;:&quot;1&quot;,&quot;lazyLoad&quot;:&quot;1&quot;,&quot;lightboxOpts&quot;:{&quot;loop&quot;:false,&quot;arrows&quot;:true,&quot;toolbar&quot;:true,&quot;keyboard&quot;:false,&quot;wheel&quot;:false,&quot;buttons&quot;:[&quot;close&quot;],&quot;hash&quot;:false,&quot;lang&quot;:&quot;en&quot;,&quot;touch&quot;:false,&quot;protect&quot;:false,&quot;i18n&quot;:{&quot;en&quot;:{&quot;CLOSE&quot;:&quot;Close&quot;,&quot;NEXT&quot;:&quot;Next&quot;,&quot;PREV&quot;:&quot;Previous&quot;,&quot;Error&quot;:&quot;The requested content cannot be loaded. Please try again later.&quot;,&quot;PLAY_START&quot;:&quot;Start slideshow&quot;,&quot;PLAY_STOP&quot;:&quot;Pause slideshow&quot;,&quot;FULL_SCREEN&quot;:&quot;Full screen&quot;,&quot;THUMBS&quot;:&quot;Thumbnails&quot;,&quot;DOWNLOAD&quot;:&quot;Download&quot;,&quot;SHARE&quot;:&quot;Share&quot;,&quot;ZOOM&quot;:&quot;Zoom&quot;}},&quot;clickSlide&quot;:false,&quot;clickOutside&quot;:false,&quot;dblclickContent&quot;:false,&quot;dblclickSlide&quot;:false,&quot;dblclickOutside&quot;:false,&quot;clickContent&quot;:false},&quot;inView&quot;:false,&quot;grid_type&quot;:&quot;automatic&quot;,&quot;rowHeight&quot;:150,&quot;lastRow&quot;:&quot;justify&quot;,&quot;lightbox&quot;:&quot;fancybox&quot;}\">\n\n\t\n\t<!-- Items Container -->\n\t<div  class=\"modula-items grid-gallery\">\n\t\t<div class=\"modula-item effect-pufrobo\" >\n\t<div class=\"modula-item-overlay\"><\/div>\n\n\t<div class=\"modula-item-content\">\n\n\t\t\t\t\n\t\t\t\t\t<a href=\"https:\/\/astaula.com\/wp-content\/uploads\/2023\/06\/DSC_8776.jpg\" data-elementor-open-lightbox=\"no\" rel=\"jtg-2440\" data-caption=\"Personalin\u0117 tapybos darb\u0173 paroda \u201eReg\u0117jimas&quot;. Vlado Statkevi\u010diaus muziejus, \u0160ilal\u0117. 2023 m. bir\u017eelis\u2013liepa\" class=\"tile-inner modula-item-link\"><\/a>\n\t\t\n\t\t\n\t\t<img class='pic' data-valign=\"middle\" data-halign=\"center\" alt=\"\" src=\"https:\/\/astaula.com\/wp-content\/uploads\/2023\/06\/DSC_8776-1024x683.jpg\" data-src=\"https:\/\/astaula.com\/wp-content\/uploads\/2023\/06\/DSC_8776-1024x683.jpg\"\/>\n\n\t\t\n\t\t<div class=\"figc\">\n\t\t\t<div class=\"figc-inner\">\n\t\t\t\t\t\t\t\t\t\t\t\t\t\t\t<\/div>\n\t\t<\/div>\n\n\t<\/div>\n\n<\/div><div class=\"modula-item effect-pufrobo\" >\n\t<div class=\"modula-item-overlay\"><\/div>\n\n\t<div class=\"modula-item-content\">\n\n\t\t\t\t\n\t\t\t\t\t<a href=\"https:\/\/astaula.com\/wp-content\/uploads\/2023\/06\/DSC_8773.jpg\" data-elementor-open-lightbox=\"no\" rel=\"jtg-2440\" data-caption=\"Personalin\u0117 tapybos darb\u0173 paroda \u201eReg\u0117jimas&quot;. Vlado Statkevi\u010diaus muziejus, \u0160ilal\u0117. 2023 m. bir\u017eelis\u2013liepa\" class=\"tile-inner modula-item-link\"><\/a>\n\t\t\n\t\t\n\t\t<img class='pic' data-valign=\"middle\" data-halign=\"center\" alt=\"\" src=\"https:\/\/astaula.com\/wp-content\/uploads\/2023\/06\/DSC_8773-1024x683.jpg\" data-src=\"https:\/\/astaula.com\/wp-content\/uploads\/2023\/06\/DSC_8773-1024x683.jpg\"\/>\n\n\t\t\n\t\t<div class=\"figc\">\n\t\t\t<div class=\"figc-inner\">\n\t\t\t\t\t\t\t\t\t\t\t\t\t\t\t<\/div>\n\t\t<\/div>\n\n\t<\/div>\n\n<\/div><div class=\"modula-item effect-pufrobo\" >\n\t<div class=\"modula-item-overlay\"><\/div>\n\n\t<div class=\"modula-item-content\">\n\n\t\t\t\t\n\t\t\t\t\t<a href=\"https:\/\/astaula.com\/wp-content\/uploads\/2023\/06\/Plakatas-sumazintas-dydis.jpg\" data-elementor-open-lightbox=\"no\" rel=\"jtg-2440\" data-caption=\"Personalin\u0117 tapybos darb\u0173 paroda \u201eReg\u0117jimas&quot;. Vlado Statkevi\u010diaus muziejus, \u0160ilal\u0117. 2023 m. bir\u017eelis\u2013liepa\" class=\"tile-inner modula-item-link\"><\/a>\n\t\t\n\t\t\n\t\t<img class='pic' data-valign=\"middle\" data-halign=\"center\" alt=\"\" src=\"https:\/\/astaula.com\/wp-content\/uploads\/2023\/06\/Plakatas-sumazintas-dydis-724x1024.jpg\" data-src=\"https:\/\/astaula.com\/wp-content\/uploads\/2023\/06\/Plakatas-sumazintas-dydis-724x1024.jpg\"\/>\n\n\t\t\n\t\t<div class=\"figc\">\n\t\t\t<div class=\"figc-inner\">\n\t\t\t\t\t\t\t\t\t\t\t\t\t\t\t<\/div>\n\t\t<\/div>\n\n\t<\/div>\n\n<\/div><div class=\"modula-item effect-pufrobo\" >\n\t<div class=\"modula-item-overlay\"><\/div>\n\n\t<div class=\"modula-item-content\">\n\n\t\t\t\t\n\t\t\t\t\t<a href=\"https:\/\/astaula.com\/wp-content\/uploads\/2023\/06\/DSC_8726.jpg\" data-elementor-open-lightbox=\"no\" rel=\"jtg-2440\" data-caption=\"Personalin\u0117 tapybos darb\u0173 paroda \u201eReg\u0117jimas&quot;. Vlado Statkevi\u010diaus muziejus, \u0160ilal\u0117. 2023 m. bir\u017eelis\u2013liepa\" class=\"tile-inner modula-item-link\"><\/a>\n\t\t\n\t\t\n\t\t<img class='pic' data-valign=\"middle\" data-halign=\"center\" alt=\"\" src=\"https:\/\/astaula.com\/wp-content\/uploads\/2023\/06\/DSC_8726-1024x683.jpg\" data-src=\"https:\/\/astaula.com\/wp-content\/uploads\/2023\/06\/DSC_8726-1024x683.jpg\"\/>\n\n\t\t\n\t\t<div class=\"figc\">\n\t\t\t<div class=\"figc-inner\">\n\t\t\t\t\t\t\t\t\t\t\t\t\t\t\t<\/div>\n\t\t<\/div>\n\n\t<\/div>\n\n<\/div><div class=\"modula-item effect-pufrobo\" >\n\t<div class=\"modula-item-overlay\"><\/div>\n\n\t<div class=\"modula-item-content\">\n\n\t\t\t\t\n\t\t\t\t\t<a href=\"https:\/\/astaula.com\/wp-content\/uploads\/2023\/06\/DSC_8723.jpg\" data-elementor-open-lightbox=\"no\" rel=\"jtg-2440\" data-caption=\"Personalin\u0117 tapybos darb\u0173 paroda \u201eReg\u0117jimas&quot;. Vlado Statkevi\u010diaus muziejus, \u0160ilal\u0117. 2023 m. bir\u017eelis\u2013liepa\" class=\"tile-inner modula-item-link\"><\/a>\n\t\t\n\t\t\n\t\t<img class='pic' data-valign=\"middle\" data-halign=\"center\" alt=\"\" src=\"https:\/\/astaula.com\/wp-content\/uploads\/2023\/06\/DSC_8723-1024x683.jpg\" data-src=\"https:\/\/astaula.com\/wp-content\/uploads\/2023\/06\/DSC_8723-1024x683.jpg\"\/>\n\n\t\t\n\t\t<div class=\"figc\">\n\t\t\t<div class=\"figc-inner\">\n\t\t\t\t\t\t\t\t\t\t\t\t\t\t\t<\/div>\n\t\t<\/div>\n\n\t<\/div>\n\n<\/div><div class=\"modula-item effect-pufrobo\" >\n\t<div class=\"modula-item-overlay\"><\/div>\n\n\t<div class=\"modula-item-content\">\n\n\t\t\t\t\n\t\t\t\t\t<a href=\"https:\/\/astaula.com\/wp-content\/uploads\/2023\/06\/DSC_8752.jpg\" data-elementor-open-lightbox=\"no\" rel=\"jtg-2440\" data-caption=\"Personalin\u0117 tapybos darb\u0173 paroda \u201eReg\u0117jimas&quot;. Vlado Statkevi\u010diaus muziejus, \u0160ilal\u0117. 2023 m. bir\u017eelis\u2013liepa\" class=\"tile-inner modula-item-link\"><\/a>\n\t\t\n\t\t\n\t\t<img class='pic' data-valign=\"middle\" data-halign=\"center\" alt=\"\" src=\"https:\/\/astaula.com\/wp-content\/uploads\/2023\/06\/DSC_8752-1024x683.jpg\" data-src=\"https:\/\/astaula.com\/wp-content\/uploads\/2023\/06\/DSC_8752-1024x683.jpg\"\/>\n\n\t\t\n\t\t<div class=\"figc\">\n\t\t\t<div class=\"figc-inner\">\n\t\t\t\t\t\t\t\t\t\t\t\t\t\t\t<\/div>\n\t\t<\/div>\n\n\t<\/div>\n\n<\/div><div class=\"modula-item effect-pufrobo\" >\n\t<div class=\"modula-item-overlay\"><\/div>\n\n\t<div class=\"modula-item-content\">\n\n\t\t\t\t\n\t\t\t\t\t<a href=\"https:\/\/astaula.com\/wp-content\/uploads\/2023\/06\/DSC_8729.jpg\" data-elementor-open-lightbox=\"no\" rel=\"jtg-2440\" data-caption=\"Personalin\u0117 tapybos darb\u0173 paroda \u201eReg\u0117jimas&quot;. Vlado Statkevi\u010diaus muziejus, \u0160ilal\u0117. 2023 m. bir\u017eelis\u2013liepa\" class=\"tile-inner modula-item-link\"><\/a>\n\t\t\n\t\t\n\t\t<img class='pic' data-valign=\"middle\" data-halign=\"center\" alt=\"\" src=\"https:\/\/astaula.com\/wp-content\/uploads\/2023\/06\/DSC_8729-1024x683.jpg\" data-src=\"https:\/\/astaula.com\/wp-content\/uploads\/2023\/06\/DSC_8729-1024x683.jpg\"\/>\n\n\t\t\n\t\t<div class=\"figc\">\n\t\t\t<div class=\"figc-inner\">\n\t\t\t\t\t\t\t\t\t\t\t\t\t\t\t<\/div>\n\t\t<\/div>\n\n\t<\/div>\n\n<\/div><div class=\"modula-item effect-pufrobo\" >\n\t<div class=\"modula-item-overlay\"><\/div>\n\n\t<div class=\"modula-item-content\">\n\n\t\t\t\t\n\t\t\t\t\t<a href=\"https:\/\/astaula.com\/wp-content\/uploads\/2023\/06\/DSC_8731.jpg\" data-elementor-open-lightbox=\"no\" rel=\"jtg-2440\" data-caption=\"Personalin\u0117 tapybos darb\u0173 paroda \u201eReg\u0117jimas&quot;. Vlado Statkevi\u010diaus muziejus, \u0160ilal\u0117. 2023 m. bir\u017eelis\u2013liepa\" class=\"tile-inner modula-item-link\"><\/a>\n\t\t\n\t\t\n\t\t<img class='pic' data-valign=\"middle\" data-halign=\"center\" alt=\"\" src=\"https:\/\/astaula.com\/wp-content\/uploads\/2023\/06\/DSC_8731-1024x683.jpg\" data-src=\"https:\/\/astaula.com\/wp-content\/uploads\/2023\/06\/DSC_8731-1024x683.jpg\"\/>\n\n\t\t\n\t\t<div class=\"figc\">\n\t\t\t<div class=\"figc-inner\">\n\t\t\t\t\t\t\t\t\t\t\t\t\t\t\t<\/div>\n\t\t<\/div>\n\n\t<\/div>\n\n<\/div><div class=\"modula-item effect-pufrobo\" >\n\t<div class=\"modula-item-overlay\"><\/div>\n\n\t<div class=\"modula-item-content\">\n\n\t\t\t\t\n\t\t\t\t\t<a href=\"https:\/\/astaula.com\/wp-content\/uploads\/2023\/06\/DSC_8741.jpg\" data-elementor-open-lightbox=\"no\" rel=\"jtg-2440\" data-caption=\"Personalin\u0117 tapybos darb\u0173 paroda \u201eReg\u0117jimas&quot;. Vlado Statkevi\u010diaus muziejus, \u0160ilal\u0117. 2023 m. bir\u017eelis\u2013liepa\" class=\"tile-inner modula-item-link\"><\/a>\n\t\t\n\t\t\n\t\t<img class='pic' data-valign=\"middle\" data-halign=\"center\" alt=\"\" src=\"https:\/\/astaula.com\/wp-content\/uploads\/2023\/06\/DSC_8741-1024x683.jpg\" data-src=\"https:\/\/astaula.com\/wp-content\/uploads\/2023\/06\/DSC_8741-1024x683.jpg\"\/>\n\n\t\t\n\t\t<div class=\"figc\">\n\t\t\t<div class=\"figc-inner\">\n\t\t\t\t\t\t\t\t\t\t\t\t\t\t\t<\/div>\n\t\t<\/div>\n\n\t<\/div>\n\n<\/div><div class=\"modula-item effect-pufrobo\" >\n\t<div class=\"modula-item-overlay\"><\/div>\n\n\t<div class=\"modula-item-content\">\n\n\t\t\t\t\n\t\t\t\t\t<a href=\"https:\/\/astaula.com\/wp-content\/uploads\/2023\/06\/DSC_8732.jpg\" data-elementor-open-lightbox=\"no\" rel=\"jtg-2440\" data-caption=\"Personalin\u0117 tapybos darb\u0173 paroda \u201eReg\u0117jimas&quot;. Vlado Statkevi\u010diaus muziejus, \u0160ilal\u0117. 2023 m. bir\u017eelis\u2013liepa\" class=\"tile-inner modula-item-link\"><\/a>\n\t\t\n\t\t\n\t\t<img class='pic' data-valign=\"middle\" data-halign=\"center\" alt=\"\" src=\"https:\/\/astaula.com\/wp-content\/uploads\/2023\/06\/DSC_8732-1024x683.jpg\" data-src=\"https:\/\/astaula.com\/wp-content\/uploads\/2023\/06\/DSC_8732-1024x683.jpg\"\/>\n\n\t\t\n\t\t<div class=\"figc\">\n\t\t\t<div class=\"figc-inner\">\n\t\t\t\t\t\t\t\t\t\t\t\t\t\t\t<\/div>\n\t\t<\/div>\n\n\t<\/div>\n\n<\/div><div class=\"modula-item effect-pufrobo\" >\n\t<div class=\"modula-item-overlay\"><\/div>\n\n\t<div class=\"modula-item-content\">\n\n\t\t\t\t\n\t\t\t\t\t<a href=\"https:\/\/astaula.com\/wp-content\/uploads\/2023\/06\/DSC_8744.jpg\" data-elementor-open-lightbox=\"no\" rel=\"jtg-2440\" data-caption=\"Personalin\u0117 tapybos darb\u0173 paroda \u201eReg\u0117jimas&quot;. Vlado Statkevi\u010diaus muziejus, \u0160ilal\u0117. 2023 m. bir\u017eelis\u2013liepa\" class=\"tile-inner modula-item-link\"><\/a>\n\t\t\n\t\t\n\t\t<img class='pic' data-valign=\"middle\" data-halign=\"center\" alt=\"\" src=\"https:\/\/astaula.com\/wp-content\/uploads\/2023\/06\/DSC_8744-1024x683.jpg\" data-src=\"https:\/\/astaula.com\/wp-content\/uploads\/2023\/06\/DSC_8744-1024x683.jpg\"\/>\n\n\t\t\n\t\t<div class=\"figc\">\n\t\t\t<div class=\"figc-inner\">\n\t\t\t\t\t\t\t\t\t\t\t\t\t\t\t<\/div>\n\t\t<\/div>\n\n\t<\/div>\n\n<\/div><div class=\"modula-item effect-pufrobo\" >\n\t<div class=\"modula-item-overlay\"><\/div>\n\n\t<div class=\"modula-item-content\">\n\n\t\t\t\t\n\t\t\t\t\t<a href=\"https:\/\/astaula.com\/wp-content\/uploads\/2023\/06\/DSC_8728.jpg\" data-elementor-open-lightbox=\"no\" rel=\"jtg-2440\" data-caption=\"Personalin\u0117 tapybos darb\u0173 paroda \u201eReg\u0117jimas&quot;. Vlado Statkevi\u010diaus muziejus, \u0160ilal\u0117. 2023 m. bir\u017eelis\u2013liepa\" class=\"tile-inner modula-item-link\"><\/a>\n\t\t\n\t\t\n\t\t<img class='pic' data-valign=\"middle\" data-halign=\"center\" alt=\"\" src=\"https:\/\/astaula.com\/wp-content\/uploads\/2023\/06\/DSC_8728-1024x683.jpg\" data-src=\"https:\/\/astaula.com\/wp-content\/uploads\/2023\/06\/DSC_8728-1024x683.jpg\"\/>\n\n\t\t\n\t\t<div class=\"figc\">\n\t\t\t<div class=\"figc-inner\">\n\t\t\t\t\t\t\t\t\t\t\t\t\t\t\t<\/div>\n\t\t<\/div>\n\n\t<\/div>\n\n<\/div><div class=\"modula-item effect-pufrobo\" >\n\t<div class=\"modula-item-overlay\"><\/div>\n\n\t<div class=\"modula-item-content\">\n\n\t\t\t\t\n\t\t\t\t\t<a href=\"https:\/\/astaula.com\/wp-content\/uploads\/2023\/06\/DSC_8782.jpg\" data-elementor-open-lightbox=\"no\" rel=\"jtg-2440\" data-caption=\"Personalin\u0117 tapybos darb\u0173 paroda \u201eReg\u0117jimas&quot;. Vlado Statkevi\u010diaus muziejus, \u0160ilal\u0117. 2023 m. bir\u017eelis\u2013liepa\" class=\"tile-inner modula-item-link\"><\/a>\n\t\t\n\t\t\n\t\t<img class='pic' data-valign=\"middle\" data-halign=\"center\" alt=\"\" src=\"https:\/\/astaula.com\/wp-content\/uploads\/2023\/06\/DSC_8782-1024x683.jpg\" data-src=\"https:\/\/astaula.com\/wp-content\/uploads\/2023\/06\/DSC_8782-1024x683.jpg\"\/>\n\n\t\t\n\t\t<div class=\"figc\">\n\t\t\t<div class=\"figc-inner\">\n\t\t\t\t\t\t\t\t\t\t\t\t\t\t\t<\/div>\n\t\t<\/div>\n\n\t<\/div>\n\n<\/div>\t\t\n\t<\/div>\n\n\t\n\t\n\t<script type=\"application\/ld+json\">\n\t{\n\t\t\"@context\": \"http:\/\/schema.org\",\n\t\t\"@type\"   : \"ImageGallery\",\n\t\t\"id\"      : \"https:\/\/astaula.com\",\n\t\t\"url\"     : \"https:\/\/astaula.com\"\n\t}\n\n    <\/script>\n\n\t\n<\/div>","protected":false},"excerpt":{"rendered":"<p>Personalin\u0117 tapybos darb\u0173 paroda \u201eReg\u0117jimas\u201c surengta 2023 m. bir\u017eel\u012f\u2013liep\u0105 Vlado Statkevi\u010diaus muziejuje, \u0160ilal\u0117je. Parodoje eksponuota \u0161e\u0161iolika paveiksl\u0173, tapyt\u0173 aliejiniais da\u017eais ant drob\u0117s nuo 2014 iki 2023 m.<\/p>\n","protected":false},"author":1,"featured_media":0,"parent":0,"menu_order":0,"comment_status":"closed","ping_status":"closed","template":"","meta":[],"_links":{"self":[{"href":"https:\/\/astaula.com\/index.php?rest_route=\/wp\/v2\/pages\/2454"}],"collection":[{"href":"https:\/\/astaula.com\/index.php?rest_route=\/wp\/v2\/pages"}],"about":[{"href":"https:\/\/astaula.com\/index.php?rest_route=\/wp\/v2\/types\/page"}],"author":[{"embeddable":true,"href":"https:\/\/astaula.com\/index.php?rest_route=\/wp\/v2\/users\/1"}],"replies":[{"embeddable":true,"href":"https:\/\/astaula.com\/index.php?rest_route=%2Fwp%2Fv2%2Fcomments&post=2454"}],"version-history":[{"count":2,"href":"https:\/\/astaula.com\/index.php?rest_route=\/wp\/v2\/pages\/2454\/revisions"}],"predecessor-version":[{"id":2458,"href":"https:\/\/astaula.com\/index.php?rest_route=\/wp\/v2\/pages\/2454\/revisions\/2458"}],"wp:attachment":[{"href":"https:\/\/astaula.com\/index.php?rest_route=%2Fwp%2Fv2%2Fmedia&parent=2454"}],"curies":[{"name":"wp","href":"https:\/\/api.w.org\/{rel}","templated":true}]}}