{"id":2325,"date":"2023-04-16T17:42:30","date_gmt":"2023-04-16T15:42:30","guid":{"rendered":"https:\/\/astaula.com\/?page_id=2325"},"modified":"2024-03-07T08:58:25","modified_gmt":"2024-03-07T06:58:25","slug":"personalines-parodos-2","status":"publish","type":"page","link":"https:\/\/astaula.com\/?page_id=2325","title":{"rendered":"Personalin\u0117s parodos"},"content":{"rendered":"\t\t<div data-elementor-type=\"wp-page\" data-elementor-id=\"2325\" class=\"elementor elementor-2325\" data-elementor-settings=\"[]\">\n\t\t\t\t\t\t<div class=\"elementor-inner\">\n\t\t\t\t\t\t\t<div class=\"elementor-section-wrap\">\n\t\t\t\t\t\t\t<section class=\"elementor-section elementor-top-section elementor-element elementor-element-62a4993 elementor-section-boxed elementor-section-height-default elementor-section-height-default\" data-id=\"62a4993\" data-element_type=\"section\">\n\t\t\t\t\t\t<div class=\"elementor-container elementor-column-gap-default\">\n\t\t\t\t\t\t\t<div class=\"elementor-row\">\n\t\t\t\t\t<div class=\"elementor-column elementor-col-50 elementor-top-column elementor-element elementor-element-08ee32b\" data-id=\"08ee32b\" data-element_type=\"column\">\n\t\t\t<div class=\"elementor-column-wrap elementor-element-populated\">\n\t\t\t\t\t\t\t<div class=\"elementor-widget-wrap\">\n\t\t\t\t\t\t<div class=\"elementor-element elementor-element-69b703d elementor-widget elementor-widget-image\" data-id=\"69b703d\" data-element_type=\"widget\" data-widget_type=\"image.default\">\n\t\t\t\t<div class=\"elementor-widget-container\">\n\t\t\t\t\t\t\t\t<div class=\"elementor-image\">\n\t\t\t\t\t\t\t\t\t<figure class=\"wp-caption\">\n\t\t\t\t\t\t\t\t\t\t\t<a href=\"https:\/\/astaula.com\/?page_id=2830\">\n\t\t\t\t\t\t\t<img decoding=\"async\" width=\"600\" height=\"400\" src=\"https:\/\/astaula.com\/wp-content\/uploads\/2024\/03\/DSC_7905-1-1024x682.jpg\" class=\"attachment-large size-large\" alt=\"\" loading=\"lazy\" srcset=\"https:\/\/astaula.com\/wp-content\/uploads\/2024\/03\/DSC_7905-1-1024x682.jpg 1024w, https:\/\/astaula.com\/wp-content\/uploads\/2024\/03\/DSC_7905-1-300x200.jpg 300w, https:\/\/astaula.com\/wp-content\/uploads\/2024\/03\/DSC_7905-1-768x511.jpg 768w, https:\/\/astaula.com\/wp-content\/uploads\/2024\/03\/DSC_7905-1-1240x826.jpg 1240w, https:\/\/astaula.com\/wp-content\/uploads\/2024\/03\/DSC_7905-1-508x338.jpg 508w, https:\/\/astaula.com\/wp-content\/uploads\/2024\/03\/DSC_7905-1-600x400.jpg 600w, https:\/\/astaula.com\/wp-content\/uploads\/2024\/03\/DSC_7905-1.jpg 1500w\" sizes=\"(max-width: 600px) 100vw, 600px\" \/>\t\t\t\t\t\t\t\t<\/a>\n\t\t\t\t\t\t\t\t\t\t\t<figcaption class=\"widget-image-caption wp-caption-text\">\u201eReg\u0117jimas\u201d. Pasvalio Mariaus Katili\u0161kio biblioteka, Atviras jaunimo centras. 2024 m. kovas \u2013 balandis<\/figcaption>\n\t\t\t\t\t\t\t\t\t\t<\/figure>\n\t\t\t\t\t\t\t\t<\/div>\n\t\t\t\t\t\t<\/div>\n\t\t\t\t<\/div>\n\t\t\t\t<div class=\"elementor-element elementor-element-63ed852 elementor-widget elementor-widget-image\" data-id=\"63ed852\" data-element_type=\"widget\" data-widget_type=\"image.default\">\n\t\t\t\t<div class=\"elementor-widget-container\">\n\t\t\t\t\t\t\t\t<div class=\"elementor-image\">\n\t\t\t\t\t\t\t\t\t<figure class=\"wp-caption\">\n\t\t\t\t\t\t\t\t\t\t\t<a href=\"https:\/\/astaula.com\/?page_id=2811\">\n\t\t\t\t\t\t\t<img decoding=\"async\" width=\"600\" height=\"400\" src=\"https:\/\/astaula.com\/wp-content\/uploads\/2024\/02\/DSC_7313-1-1024x682.jpg\" class=\"attachment-large size-large\" alt=\"\" loading=\"lazy\" srcset=\"https:\/\/astaula.com\/wp-content\/uploads\/2024\/02\/DSC_7313-1-1024x682.jpg 1024w, https:\/\/astaula.com\/wp-content\/uploads\/2024\/02\/DSC_7313-1-300x200.jpg 300w, https:\/\/astaula.com\/wp-content\/uploads\/2024\/02\/DSC_7313-1-768x511.jpg 768w, https:\/\/astaula.com\/wp-content\/uploads\/2024\/02\/DSC_7313-1-1240x826.jpg 1240w, https:\/\/astaula.com\/wp-content\/uploads\/2024\/02\/DSC_7313-1-508x338.jpg 508w, https:\/\/astaula.com\/wp-content\/uploads\/2024\/02\/DSC_7313-1-600x400.jpg 600w, https:\/\/astaula.com\/wp-content\/uploads\/2024\/02\/DSC_7313-1.jpg 1500w\" sizes=\"(max-width: 600px) 100vw, 600px\" \/>\t\t\t\t\t\t\t\t<\/a>\n\t\t\t\t\t\t\t\t\t\t\t<figcaption class=\"widget-image-caption wp-caption-text\">\u201eReg\u0117jimas\u201d. Panev\u0117\u017eio Ro\u017eyno progimnazija. 2024 m. vasaris<\/figcaption>\n\t\t\t\t\t\t\t\t\t\t<\/figure>\n\t\t\t\t\t\t\t\t<\/div>\n\t\t\t\t\t\t<\/div>\n\t\t\t\t<\/div>\n\t\t\t\t<div class=\"elementor-element elementor-element-358d4e1 elementor-widget elementor-widget-image\" data-id=\"358d4e1\" data-element_type=\"widget\" data-widget_type=\"image.default\">\n\t\t\t\t<div class=\"elementor-widget-container\">\n\t\t\t\t\t\t\t\t<div class=\"elementor-image\">\n\t\t\t\t\t\t\t\t\t<figure class=\"wp-caption\">\n\t\t\t\t\t\t\t\t\t\t\t<a href=\"https:\/\/astaula.com\/?page_id=2771\">\n\t\t\t\t\t\t\t<img decoding=\"async\" width=\"600\" height=\"399\" src=\"https:\/\/astaula.com\/wp-content\/uploads\/2023\/12\/DSC_6869-1-1024x681.jpg\" class=\"attachment-large size-large\" alt=\"\" loading=\"lazy\" srcset=\"https:\/\/astaula.com\/wp-content\/uploads\/2023\/12\/DSC_6869-1-1024x681.jpg 1024w, https:\/\/astaula.com\/wp-content\/uploads\/2023\/12\/DSC_6869-1-300x200.jpg 300w, https:\/\/astaula.com\/wp-content\/uploads\/2023\/12\/DSC_6869-1-768x511.jpg 768w, https:\/\/astaula.com\/wp-content\/uploads\/2023\/12\/DSC_6869-1-1240x825.jpg 1240w, https:\/\/astaula.com\/wp-content\/uploads\/2023\/12\/DSC_6869-1-508x338.jpg 508w, https:\/\/astaula.com\/wp-content\/uploads\/2023\/12\/DSC_6869-1-600x399.jpg 600w, https:\/\/astaula.com\/wp-content\/uploads\/2023\/12\/DSC_6869-1.jpg 1500w\" sizes=\"(max-width: 600px) 100vw, 600px\" \/>\t\t\t\t\t\t\t\t<\/a>\n\t\t\t\t\t\t\t\t\t\t\t<figcaption class=\"widget-image-caption wp-caption-text\">\u201eReg\u0117jimas\u201d. Respublikin\u0117 Panev\u0117\u017eio ligonin\u0117. 2023 m. gruodis \u2013 2024 m. sausis<\/figcaption>\n\t\t\t\t\t\t\t\t\t\t<\/figure>\n\t\t\t\t\t\t\t\t<\/div>\n\t\t\t\t\t\t<\/div>\n\t\t\t\t<\/div>\n\t\t\t\t<div class=\"elementor-element elementor-element-e01e8c4 elementor-widget elementor-widget-image\" data-id=\"e01e8c4\" data-element_type=\"widget\" data-widget_type=\"image.default\">\n\t\t\t\t<div class=\"elementor-widget-container\">\n\t\t\t\t\t\t\t\t<div class=\"elementor-image\">\n\t\t\t\t\t\t\t\t\t<figure class=\"wp-caption\">\n\t\t\t\t\t\t\t\t\t\t\t<a href=\"https:\/\/astaula.com\/?page_id=2732\">\n\t\t\t\t\t\t\t<img decoding=\"async\" width=\"600\" height=\"901\" src=\"https:\/\/astaula.com\/wp-content\/uploads\/2023\/12\/DSC_6427-682x1024.jpg\" class=\"attachment-large size-large\" alt=\"\" loading=\"lazy\" srcset=\"https:\/\/astaula.com\/wp-content\/uploads\/2023\/12\/DSC_6427-682x1024.jpg 682w, https:\/\/astaula.com\/wp-content\/uploads\/2023\/12\/DSC_6427-200x300.jpg 200w, https:\/\/astaula.com\/wp-content\/uploads\/2023\/12\/DSC_6427-768x1153.jpg 768w, https:\/\/astaula.com\/wp-content\/uploads\/2023\/12\/DSC_6427-508x763.jpg 508w, https:\/\/astaula.com\/wp-content\/uploads\/2023\/12\/DSC_6427-600x901.jpg 600w, https:\/\/astaula.com\/wp-content\/uploads\/2023\/12\/DSC_6427.jpg 999w\" sizes=\"(max-width: 600px) 100vw, 600px\" \/>\t\t\t\t\t\t\t\t<\/a>\n\t\t\t\t\t\t\t\t\t\t\t<figcaption class=\"widget-image-caption wp-caption-text\">\u201eAtgimimas\u201d. Ramygalos kult\u016bros centras, Panev\u0117\u017eio r. 2023 m. lapkritis<\/figcaption>\n\t\t\t\t\t\t\t\t\t\t<\/figure>\n\t\t\t\t\t\t\t\t<\/div>\n\t\t\t\t\t\t<\/div>\n\t\t\t\t<\/div>\n\t\t\t\t<div class=\"elementor-element elementor-element-4700007 elementor-widget elementor-widget-image\" data-id=\"4700007\" data-element_type=\"widget\" data-widget_type=\"image.default\">\n\t\t\t\t<div class=\"elementor-widget-container\">\n\t\t\t\t\t\t\t\t<div class=\"elementor-image\">\n\t\t\t\t\t\t\t\t\t<figure class=\"wp-caption\">\n\t\t\t\t\t\t\t\t\t\t\t<a href=\"https:\/\/astaula.com\/?page_id=2684\">\n\t\t\t\t\t\t\t<img decoding=\"async\" width=\"600\" height=\"400\" src=\"https:\/\/astaula.com\/wp-content\/uploads\/2023\/10\/DSC_2936-2-1024x682.jpg\" class=\"attachment-large size-large\" alt=\"\" loading=\"lazy\" srcset=\"https:\/\/astaula.com\/wp-content\/uploads\/2023\/10\/DSC_2936-2-1024x682.jpg 1024w, https:\/\/astaula.com\/wp-content\/uploads\/2023\/10\/DSC_2936-2-300x200.jpg 300w, https:\/\/astaula.com\/wp-content\/uploads\/2023\/10\/DSC_2936-2-768x511.jpg 768w, https:\/\/astaula.com\/wp-content\/uploads\/2023\/10\/DSC_2936-2-1240x826.jpg 1240w, https:\/\/astaula.com\/wp-content\/uploads\/2023\/10\/DSC_2936-2-508x338.jpg 508w, https:\/\/astaula.com\/wp-content\/uploads\/2023\/10\/DSC_2936-2-600x400.jpg 600w, https:\/\/astaula.com\/wp-content\/uploads\/2023\/10\/DSC_2936-2.jpg 1500w\" sizes=\"(max-width: 600px) 100vw, 600px\" \/>\t\t\t\t\t\t\t\t<\/a>\n\t\t\t\t\t\t\t\t\t\t\t<figcaption class=\"widget-image-caption wp-caption-text\">\u201eReg\u0117jimas\u201d. Nidos bendruomen\u0117s namai. 2023 m. spalis<\/figcaption>\n\t\t\t\t\t\t\t\t\t\t<\/figure>\n\t\t\t\t\t\t\t\t<\/div>\n\t\t\t\t\t\t<\/div>\n\t\t\t\t<\/div>\n\t\t\t\t<div class=\"elementor-element elementor-element-9ac565e elementor-widget elementor-widget-image\" data-id=\"9ac565e\" data-element_type=\"widget\" data-widget_type=\"image.default\">\n\t\t\t\t<div class=\"elementor-widget-container\">\n\t\t\t\t\t\t\t\t<div class=\"elementor-image\">\n\t\t\t\t\t\t\t\t\t<figure class=\"wp-caption\">\n\t\t\t\t\t\t\t\t\t\t\t<a href=\"https:\/\/astaula.com\/?page_id=2511\">\n\t\t\t\t\t\t\t<img decoding=\"async\" width=\"600\" height=\"400\" src=\"https:\/\/astaula.com\/wp-content\/uploads\/2023\/08\/1-1-1024x682.jpg\" class=\"attachment-large size-large\" alt=\"\" loading=\"lazy\" srcset=\"https:\/\/astaula.com\/wp-content\/uploads\/2023\/08\/1-1-1024x682.jpg 1024w, https:\/\/astaula.com\/wp-content\/uploads\/2023\/08\/1-1-600x400.jpg 600w, https:\/\/astaula.com\/wp-content\/uploads\/2023\/08\/1-1-300x200.jpg 300w, https:\/\/astaula.com\/wp-content\/uploads\/2023\/08\/1-1-768x511.jpg 768w, https:\/\/astaula.com\/wp-content\/uploads\/2023\/08\/1-1-1240x826.jpg 1240w, https:\/\/astaula.com\/wp-content\/uploads\/2023\/08\/1-1-508x338.jpg 508w, https:\/\/astaula.com\/wp-content\/uploads\/2023\/08\/1-1.jpg 1500w\" sizes=\"(max-width: 600px) 100vw, 600px\" \/>\t\t\t\t\t\t\t\t<\/a>\n\t\t\t\t\t\t\t\t\t\t\t<figcaption class=\"widget-image-caption wp-caption-text\">\u201eReg\u0117jimas\u201d. \u0160ilal\u0117s kult\u016bros centras. 2023 m. rugpj\u016btis\u2013rugs\u0117jis<\/figcaption>\n\t\t\t\t\t\t\t\t\t\t<\/figure>\n\t\t\t\t\t\t\t\t<\/div>\n\t\t\t\t\t\t<\/div>\n\t\t\t\t<\/div>\n\t\t\t\t\t\t<\/div>\n\t\t\t\t\t<\/div>\n\t\t<\/div>\n\t\t\t\t<div class=\"elementor-column elementor-col-50 elementor-top-column elementor-element elementor-element-349eb6b\" data-id=\"349eb6b\" data-element_type=\"column\">\n\t\t\t<div class=\"elementor-column-wrap elementor-element-populated\">\n\t\t\t\t\t\t\t<div class=\"elementor-widget-wrap\">\n\t\t\t\t\t\t<div class=\"elementor-element elementor-element-219a037 elementor-widget elementor-widget-image\" data-id=\"219a037\" data-element_type=\"widget\" data-widget_type=\"image.default\">\n\t\t\t\t<div class=\"elementor-widget-container\">\n\t\t\t\t\t\t\t\t<div class=\"elementor-image\">\n\t\t\t\t\t\t\t\t\t<figure class=\"wp-caption\">\n\t\t\t\t\t\t\t\t\t\t\t<a href=\"https:\/\/astaula.com\/?page_id=2454\">\n\t\t\t\t\t\t\t<img decoding=\"async\" width=\"600\" height=\"400\" src=\"https:\/\/astaula.com\/wp-content\/uploads\/2023\/06\/DSC_8782-2-1024x683.jpg\" class=\"attachment-large size-large\" alt=\"\" loading=\"lazy\" srcset=\"https:\/\/astaula.com\/wp-content\/uploads\/2023\/06\/DSC_8782-2-1024x683.jpg 1024w, https:\/\/astaula.com\/wp-content\/uploads\/2023\/06\/DSC_8782-2-600x400.jpg 600w, https:\/\/astaula.com\/wp-content\/uploads\/2023\/06\/DSC_8782-2-300x200.jpg 300w, https:\/\/astaula.com\/wp-content\/uploads\/2023\/06\/DSC_8782-2-768x512.jpg 768w, https:\/\/astaula.com\/wp-content\/uploads\/2023\/06\/DSC_8782-2-1240x827.jpg 1240w, https:\/\/astaula.com\/wp-content\/uploads\/2023\/06\/DSC_8782-2-508x339.jpg 508w, https:\/\/astaula.com\/wp-content\/uploads\/2023\/06\/DSC_8782-2.jpg 1500w\" sizes=\"(max-width: 600px) 100vw, 600px\" \/>\t\t\t\t\t\t\t\t<\/a>\n\t\t\t\t\t\t\t\t\t\t\t<figcaption class=\"widget-image-caption wp-caption-text\">\u201eReg\u0117jimas\u201d. Vlado Statkevi\u010diaus muziejus, \u0160ilal\u0117. 2023 m. bir\u017eelis\u2013liepa<\/figcaption>\n\t\t\t\t\t\t\t\t\t\t<\/figure>\n\t\t\t\t\t\t\t\t<\/div>\n\t\t\t\t\t\t<\/div>\n\t\t\t\t<\/div>\n\t\t\t\t<div class=\"elementor-element elementor-element-6b4c577 elementor-widget elementor-widget-image\" data-id=\"6b4c577\" data-element_type=\"widget\" data-widget_type=\"image.default\">\n\t\t\t\t<div class=\"elementor-widget-container\">\n\t\t\t\t\t\t\t\t<div class=\"elementor-image\">\n\t\t\t\t\t\t\t\t\t<figure class=\"wp-caption\">\n\t\t\t\t\t\t\t\t\t\t\t<a href=\"https:\/\/astaula.com\/?page_id=2403\">\n\t\t\t\t\t\t\t<img decoding=\"async\" width=\"600\" height=\"400\" src=\"https:\/\/astaula.com\/wp-content\/uploads\/2023\/05\/DSC_8376-1-1024x683.jpg\" class=\"attachment-large size-large\" alt=\"\" loading=\"lazy\" srcset=\"https:\/\/astaula.com\/wp-content\/uploads\/2023\/05\/DSC_8376-1-1024x683.jpg 1024w, https:\/\/astaula.com\/wp-content\/uploads\/2023\/05\/DSC_8376-1-600x400.jpg 600w, https:\/\/astaula.com\/wp-content\/uploads\/2023\/05\/DSC_8376-1-300x200.jpg 300w, https:\/\/astaula.com\/wp-content\/uploads\/2023\/05\/DSC_8376-1-768x512.jpg 768w, https:\/\/astaula.com\/wp-content\/uploads\/2023\/05\/DSC_8376-1-1240x827.jpg 1240w, https:\/\/astaula.com\/wp-content\/uploads\/2023\/05\/DSC_8376-1-508x339.jpg 508w, https:\/\/astaula.com\/wp-content\/uploads\/2023\/05\/DSC_8376-1.jpg 1500w\" sizes=\"(max-width: 600px) 100vw, 600px\" \/>\t\t\t\t\t\t\t\t<\/a>\n\t\t\t\t\t\t\t\t\t\t\t<figcaption class=\"widget-image-caption wp-caption-text\">\u201eReg\u0117jimas\u201d. Vainuto Sen\u0173j\u0173 kaimo tradicij\u0173 kult\u016bros centras, \u0160ilut\u0117s r. 2023 m. gegu\u017e\u0117<\/figcaption>\n\t\t\t\t\t\t\t\t\t\t<\/figure>\n\t\t\t\t\t\t\t\t<\/div>\n\t\t\t\t\t\t<\/div>\n\t\t\t\t<\/div>\n\t\t\t\t<div class=\"elementor-element elementor-element-d559a4b elementor-widget elementor-widget-image\" data-id=\"d559a4b\" data-element_type=\"widget\" data-widget_type=\"image.default\">\n\t\t\t\t<div class=\"elementor-widget-container\">\n\t\t\t\t\t\t\t\t<div class=\"elementor-image\">\n\t\t\t\t\t\t\t\t\t<figure class=\"wp-caption\">\n\t\t\t\t\t\t\t\t\t\t\t<a href=\"https:\/\/astaula.com\/?page_id=1797\">\n\t\t\t\t\t\t\t<img decoding=\"async\" width=\"600\" height=\"400\" src=\"https:\/\/astaula.com\/wp-content\/uploads\/2023\/04\/DSC_7684-1-1024x683.jpg\" class=\"attachment-large size-large\" alt=\"\" loading=\"lazy\" srcset=\"https:\/\/astaula.com\/wp-content\/uploads\/2023\/04\/DSC_7684-1-1024x683.jpg 1024w, https:\/\/astaula.com\/wp-content\/uploads\/2023\/04\/DSC_7684-1-600x400.jpg 600w, https:\/\/astaula.com\/wp-content\/uploads\/2023\/04\/DSC_7684-1-300x200.jpg 300w, https:\/\/astaula.com\/wp-content\/uploads\/2023\/04\/DSC_7684-1-768x512.jpg 768w, https:\/\/astaula.com\/wp-content\/uploads\/2023\/04\/DSC_7684-1-1240x827.jpg 1240w, https:\/\/astaula.com\/wp-content\/uploads\/2023\/04\/DSC_7684-1-508x339.jpg 508w, https:\/\/astaula.com\/wp-content\/uploads\/2023\/04\/DSC_7684-1.jpg 1500w\" sizes=\"(max-width: 600px) 100vw, 600px\" \/>\t\t\t\t\t\t\t\t<\/a>\n\t\t\t\t\t\t\t\t\t\t\t<figcaption class=\"widget-image-caption wp-caption-text\">\u201eReg\u0117jimas\u201c. LRS, Vilnius. 2023 m. kovas\u2013balandis<\/figcaption>\n\t\t\t\t\t\t\t\t\t\t<\/figure>\n\t\t\t\t\t\t\t\t<\/div>\n\t\t\t\t\t\t<\/div>\n\t\t\t\t<\/div>\n\t\t\t\t<div class=\"elementor-element elementor-element-6f0fcc7 elementor-widget elementor-widget-image\" data-id=\"6f0fcc7\" data-element_type=\"widget\" data-widget_type=\"image.default\">\n\t\t\t\t<div class=\"elementor-widget-container\">\n\t\t\t\t\t\t\t\t<div class=\"elementor-image\">\n\t\t\t\t\t\t\t\t\t<figure class=\"wp-caption\">\n\t\t\t\t\t\t\t\t\t\t\t<a href=\"https:\/\/astaula.com\/?page_id=855\">\n\t\t\t\t\t\t\t<img decoding=\"async\" width=\"600\" height=\"400\" src=\"https:\/\/astaula.com\/wp-content\/uploads\/2023\/04\/DSC_1169-2-1-1024x683.jpg\" class=\"attachment-large size-large\" alt=\"\" loading=\"lazy\" srcset=\"https:\/\/astaula.com\/wp-content\/uploads\/2023\/04\/DSC_1169-2-1-1024x683.jpg 1024w, https:\/\/astaula.com\/wp-content\/uploads\/2023\/04\/DSC_1169-2-1-600x400.jpg 600w, https:\/\/astaula.com\/wp-content\/uploads\/2023\/04\/DSC_1169-2-1-300x200.jpg 300w, https:\/\/astaula.com\/wp-content\/uploads\/2023\/04\/DSC_1169-2-1-768x513.jpg 768w, https:\/\/astaula.com\/wp-content\/uploads\/2023\/04\/DSC_1169-2-1-1240x827.jpg 1240w, https:\/\/astaula.com\/wp-content\/uploads\/2023\/04\/DSC_1169-2-1-508x339.jpg 508w, https:\/\/astaula.com\/wp-content\/uploads\/2023\/04\/DSC_1169-2-1.jpg 1500w\" sizes=\"(max-width: 600px) 100vw, 600px\" \/>\t\t\t\t\t\t\t\t<\/a>\n\t\t\t\t\t\t\t\t\t\t\t<figcaption class=\"widget-image-caption wp-caption-text\">\u201eReg\u0117jimas\u201d. Sveikatingumo centras \u201eVidmavita\u201c, Panev\u0117\u017eys. 2020 m. rugpj\u016btis \u2013 2021 m. kovas<\/figcaption>\n\t\t\t\t\t\t\t\t\t\t<\/figure>\n\t\t\t\t\t\t\t\t<\/div>\n\t\t\t\t\t\t<\/div>\n\t\t\t\t<\/div>\n\t\t\t\t<div class=\"elementor-element elementor-element-a9b72b1 elementor-widget elementor-widget-image\" data-id=\"a9b72b1\" data-element_type=\"widget\" data-widget_type=\"image.default\">\n\t\t\t\t<div class=\"elementor-widget-container\">\n\t\t\t\t\t\t\t\t<div class=\"elementor-image\">\n\t\t\t\t\t\t\t\t\t<figure class=\"wp-caption\">\n\t\t\t\t\t\t\t\t\t\t\t<a href=\"https:\/\/astaula.com\/?page_id=477\">\n\t\t\t\t\t\t\t<img decoding=\"async\" width=\"600\" height=\"400\" src=\"https:\/\/astaula.com\/wp-content\/uploads\/2023\/04\/DSC_1573-1-1024x683.jpg\" class=\"attachment-large size-large\" alt=\"\" loading=\"lazy\" srcset=\"https:\/\/astaula.com\/wp-content\/uploads\/2023\/04\/DSC_1573-1-1024x683.jpg 1024w, https:\/\/astaula.com\/wp-content\/uploads\/2023\/04\/DSC_1573-1-600x400.jpg 600w, https:\/\/astaula.com\/wp-content\/uploads\/2023\/04\/DSC_1573-1-300x200.jpg 300w, https:\/\/astaula.com\/wp-content\/uploads\/2023\/04\/DSC_1573-1-768x512.jpg 768w, https:\/\/astaula.com\/wp-content\/uploads\/2023\/04\/DSC_1573-1-1240x827.jpg 1240w, https:\/\/astaula.com\/wp-content\/uploads\/2023\/04\/DSC_1573-1-508x339.jpg 508w, https:\/\/astaula.com\/wp-content\/uploads\/2023\/04\/DSC_1573-1.jpg 1500w\" sizes=\"(max-width: 600px) 100vw, 600px\" \/>\t\t\t\t\t\t\t\t<\/a>\n\t\t\t\t\t\t\t\t\t\t\t<figcaption class=\"widget-image-caption wp-caption-text\">\u201eLiepa\u201c. Panev\u0117\u017eio rajono savivaldyb\u0117s vie\u0161oji biblioteka, Panev\u0117\u017eys. 2020 m. liepa<\/figcaption>\n\t\t\t\t\t\t\t\t\t\t<\/figure>\n\t\t\t\t\t\t\t\t<\/div>\n\t\t\t\t\t\t<\/div>\n\t\t\t\t<\/div>\n\t\t\t\t<div class=\"elementor-element elementor-element-5365d8a elementor-widget elementor-widget-image\" data-id=\"5365d8a\" data-element_type=\"widget\" data-widget_type=\"image.default\">\n\t\t\t\t<div class=\"elementor-widget-container\">\n\t\t\t\t\t\t\t\t<div class=\"elementor-image\">\n\t\t\t\t\t\t\t\t\t<figure class=\"wp-caption\">\n\t\t\t\t\t\t\t\t\t\t\t<a href=\"https:\/\/astaula.com\/?page_id=847\">\n\t\t\t\t\t\t\t<img decoding=\"async\" width=\"600\" height=\"400\" src=\"https:\/\/astaula.com\/wp-content\/uploads\/2023\/04\/vevevev-1-1024x683.jpg\" class=\"attachment-large size-large\" alt=\"\" loading=\"lazy\" srcset=\"https:\/\/astaula.com\/wp-content\/uploads\/2023\/04\/vevevev-1-1024x683.jpg 1024w, https:\/\/astaula.com\/wp-content\/uploads\/2023\/04\/vevevev-1-600x400.jpg 600w, https:\/\/astaula.com\/wp-content\/uploads\/2023\/04\/vevevev-1-300x200.jpg 300w, https:\/\/astaula.com\/wp-content\/uploads\/2023\/04\/vevevev-1-768x512.jpg 768w, https:\/\/astaula.com\/wp-content\/uploads\/2023\/04\/vevevev-1-1240x827.jpg 1240w, https:\/\/astaula.com\/wp-content\/uploads\/2023\/04\/vevevev-1-508x339.jpg 508w, https:\/\/astaula.com\/wp-content\/uploads\/2023\/04\/vevevev-1.jpg 1500w\" sizes=\"(max-width: 600px) 100vw, 600px\" \/>\t\t\t\t\t\t\t\t<\/a>\n\t\t\t\t\t\t\t\t\t\t\t<figcaption class=\"widget-image-caption wp-caption-text\">\u201ePabudimas\u201d. Vadokli\u0173 kult\u016bros centras, Panev\u0117\u017eio r. 2020 m. kovas\u2013gegu\u017e\u0117<\/figcaption>\n\t\t\t\t\t\t\t\t\t\t<\/figure>\n\t\t\t\t\t\t\t\t<\/div>\n\t\t\t\t\t\t<\/div>\n\t\t\t\t<\/div>\n\t\t\t\t<div class=\"elementor-element elementor-element-19d00d5 elementor-widget elementor-widget-image\" data-id=\"19d00d5\" data-element_type=\"widget\" data-widget_type=\"image.default\">\n\t\t\t\t<div class=\"elementor-widget-container\">\n\t\t\t\t\t\t\t\t<div class=\"elementor-image\">\n\t\t\t\t\t\t\t\t\t<figure class=\"wp-caption\">\n\t\t\t\t\t\t\t\t\t\t\t<a href=\"https:\/\/astaula.com\/?page_id=833\">\n\t\t\t\t\t\t\t<img decoding=\"async\" width=\"600\" height=\"900\" src=\"https:\/\/astaula.com\/wp-content\/uploads\/2023\/04\/DSC_4153-1-683x1024.jpg\" class=\"attachment-large size-large\" alt=\"\" loading=\"lazy\" srcset=\"https:\/\/astaula.com\/wp-content\/uploads\/2023\/04\/DSC_4153-1-683x1024.jpg 683w, https:\/\/astaula.com\/wp-content\/uploads\/2023\/04\/DSC_4153-1-600x900.jpg 600w, https:\/\/astaula.com\/wp-content\/uploads\/2023\/04\/DSC_4153-1-200x300.jpg 200w, https:\/\/astaula.com\/wp-content\/uploads\/2023\/04\/DSC_4153-1-768x1152.jpg 768w, https:\/\/astaula.com\/wp-content\/uploads\/2023\/04\/DSC_4153-1-508x762.jpg 508w, https:\/\/astaula.com\/wp-content\/uploads\/2023\/04\/DSC_4153-1.jpg 1000w\" sizes=\"(max-width: 600px) 100vw, 600px\" \/>\t\t\t\t\t\t\t\t<\/a>\n\t\t\t\t\t\t\t\t\t\t\t<figcaption class=\"widget-image-caption wp-caption-text\">\u201eSusitikimas\u201d. Ramygalos kult\u016bros centras, Panev\u0117\u017eio r. 2019 m. gruodis \u2013 2020 m. vasaris<\/figcaption>\n\t\t\t\t\t\t\t\t\t\t<\/figure>\n\t\t\t\t\t\t\t\t<\/div>\n\t\t\t\t\t\t<\/div>\n\t\t\t\t<\/div>\n\t\t\t\t<div class=\"elementor-element elementor-element-0b78b1e elementor-widget elementor-widget-image\" data-id=\"0b78b1e\" data-element_type=\"widget\" data-widget_type=\"image.default\">\n\t\t\t\t<div class=\"elementor-widget-container\">\n\t\t\t\t\t\t\t\t<div class=\"elementor-image\">\n\t\t\t\t\t\t\t\t\t<figure class=\"wp-caption\">\n\t\t\t\t\t\t\t\t\t\t\t<a href=\"https:\/\/astaula.com\/?page_id=388\">\n\t\t\t\t\t\t\t<img decoding=\"async\" width=\"600\" height=\"399\" src=\"https:\/\/astaula.com\/wp-content\/uploads\/2023\/04\/3-2-1024x681.jpg\" class=\"attachment-large size-large\" alt=\"\" loading=\"lazy\" srcset=\"https:\/\/astaula.com\/wp-content\/uploads\/2023\/04\/3-2-1024x681.jpg 1024w, https:\/\/astaula.com\/wp-content\/uploads\/2023\/04\/3-2-600x399.jpg 600w, https:\/\/astaula.com\/wp-content\/uploads\/2023\/04\/3-2-300x199.jpg 300w, https:\/\/astaula.com\/wp-content\/uploads\/2023\/04\/3-2-768x510.jpg 768w, https:\/\/astaula.com\/wp-content\/uploads\/2023\/04\/3-2-1240x824.jpg 1240w, https:\/\/astaula.com\/wp-content\/uploads\/2023\/04\/3-2-508x338.jpg 508w, https:\/\/astaula.com\/wp-content\/uploads\/2023\/04\/3-2.jpg 1500w\" sizes=\"(max-width: 600px) 100vw, 600px\" \/>\t\t\t\t\t\t\t\t<\/a>\n\t\t\t\t\t\t\t\t\t\t\t<figcaption class=\"widget-image-caption wp-caption-text\">\u201eIndigo\u201c. Galerija \u201eGarinis Angelas\u201c, Vilnius. 2019 m. liepa\u2013rugpj\u016btis<\/figcaption>\n\t\t\t\t\t\t\t\t\t\t<\/figure>\n\t\t\t\t\t\t\t\t<\/div>\n\t\t\t\t\t\t<\/div>\n\t\t\t\t<\/div>\n\t\t\t\t<div class=\"elementor-element elementor-element-55f4584 elementor-widget elementor-widget-image\" data-id=\"55f4584\" data-element_type=\"widget\" data-widget_type=\"image.default\">\n\t\t\t\t<div class=\"elementor-widget-container\">\n\t\t\t\t\t\t\t\t<div class=\"elementor-image\">\n\t\t\t\t\t\t\t\t\t<figure class=\"wp-caption\">\n\t\t\t\t\t\t\t\t\t\t\t<a href=\"https:\/\/astaula.com\/?page_id=869\">\n\t\t\t\t\t\t\t<img decoding=\"async\" width=\"600\" height=\"400\" src=\"https:\/\/astaula.com\/wp-content\/uploads\/2023\/04\/vrvvev-1-1024x683.jpg\" class=\"attachment-large size-large\" alt=\"\" loading=\"lazy\" srcset=\"https:\/\/astaula.com\/wp-content\/uploads\/2023\/04\/vrvvev-1-1024x683.jpg 1024w, https:\/\/astaula.com\/wp-content\/uploads\/2023\/04\/vrvvev-1-600x400.jpg 600w, https:\/\/astaula.com\/wp-content\/uploads\/2023\/04\/vrvvev-1-300x200.jpg 300w, https:\/\/astaula.com\/wp-content\/uploads\/2023\/04\/vrvvev-1-768x512.jpg 768w, https:\/\/astaula.com\/wp-content\/uploads\/2023\/04\/vrvvev-1-1240x827.jpg 1240w, https:\/\/astaula.com\/wp-content\/uploads\/2023\/04\/vrvvev-1-508x339.jpg 508w, https:\/\/astaula.com\/wp-content\/uploads\/2023\/04\/vrvvev-1.jpg 1500w\" sizes=\"(max-width: 600px) 100vw, 600px\" \/>\t\t\t\t\t\t\t\t<\/a>\n\t\t\t\t\t\t\t\t\t\t\t<figcaption class=\"widget-image-caption wp-caption-text\">Jungtin\u0117s parodos<\/figcaption>\n\t\t\t\t\t\t\t\t\t\t<\/figure>\n\t\t\t\t\t\t\t\t<\/div>\n\t\t\t\t\t\t<\/div>\n\t\t\t\t<\/div>\n\t\t\t\t\t\t<\/div>\n\t\t\t\t\t<\/div>\n\t\t<\/div>\n\t\t\t\t\t\t\t\t<\/div>\n\t\t\t\t\t<\/div>\n\t\t<\/section>\n\t\t\t\t\t\t<\/div>\n\t\t\t\t\t\t<\/div>\n\t\t\t\t\t<\/div>\n\t\t","protected":false},"excerpt":{"rendered":"<p>\u201eReg\u0117jimas\u201d. Pasvalio Mariaus Katili\u0161kio biblioteka, Atviras jaunimo centras. 2024 m. kovas \u2013 balandis \u201eReg\u0117jimas\u201d. Panev\u0117\u017eio Ro\u017eyno progimnazija. 2024 m. vasaris \u201eReg\u0117jimas\u201d. Respublikin\u0117 Panev\u0117\u017eio ligonin\u0117. 2023 m. gruodis \u2013 2024 m. sausis \u201eAtgimimas\u201d. Ramygalos kult\u016bros centras, Panev\u0117\u017eio r. 2023 m. lapkritis \u201eReg\u0117jimas\u201d. Nidos bendruomen\u0117s namai. 2023 m. spalis \u201eReg\u0117jimas\u201d. \u0160ilal\u0117s kult\u016bros centras. 2023 m. rugpj\u016btis\u2013rugs\u0117jis \u201eReg\u0117jimas\u201d. [&hellip;]<\/p>\n","protected":false},"author":1,"featured_media":0,"parent":0,"menu_order":0,"comment_status":"closed","ping_status":"closed","template":"","meta":[],"_links":{"self":[{"href":"https:\/\/astaula.com\/index.php?rest_route=\/wp\/v2\/pages\/2325"}],"collection":[{"href":"https:\/\/astaula.com\/index.php?rest_route=\/wp\/v2\/pages"}],"about":[{"href":"https:\/\/astaula.com\/index.php?rest_route=\/wp\/v2\/types\/page"}],"author":[{"embeddable":true,"href":"https:\/\/astaula.com\/index.php?rest_route=\/wp\/v2\/users\/1"}],"replies":[{"embeddable":true,"href":"https:\/\/astaula.com\/index.php?rest_route=%2Fwp%2Fv2%2Fcomments&post=2325"}],"version-history":[{"count":71,"href":"https:\/\/astaula.com\/index.php?rest_route=\/wp\/v2\/pages\/2325\/revisions"}],"predecessor-version":[{"id":2869,"href":"https:\/\/astaula.com\/index.php?rest_route=\/wp\/v2\/pages\/2325\/revisions\/2869"}],"wp:attachment":[{"href":"https:\/\/astaula.com\/index.php?rest_route=%2Fwp%2Fv2%2Fmedia&parent=2325"}],"curies":[{"name":"wp","href":"https:\/\/api.w.org\/{rel}","templated":true}]}}