{"id":2066,"date":"2023-04-13T06:40:54","date_gmt":"2023-04-13T04:40:54","guid":{"rendered":"https:\/\/astaula.com\/?page_id=2066"},"modified":"2023-04-15T20:29:33","modified_gmt":"2023-04-15T18:29:33","slug":"galerija-2","status":"publish","type":"page","link":"https:\/\/astaula.com\/?page_id=2066","title":{"rendered":"GALERIJA"},"content":{"rendered":"\t\t<div data-elementor-type=\"wp-page\" data-elementor-id=\"2066\" class=\"elementor elementor-2066\" data-elementor-settings=\"[]\">\n\t\t\t\t\t\t<div class=\"elementor-inner\">\n\t\t\t\t\t\t\t<div class=\"elementor-section-wrap\">\n\t\t\t\t\t\t\t<section class=\"elementor-section elementor-inner-section elementor-element elementor-element-8ef39cf elementor-section-boxed elementor-section-height-default elementor-section-height-default\" data-id=\"8ef39cf\" data-element_type=\"section\">\n\t\t\t\t\t\t<div class=\"elementor-container elementor-column-gap-default\">\n\t\t\t\t\t\t\t<div class=\"elementor-row\">\n\t\t\t\t\t<div class=\"elementor-column elementor-col-50 elementor-inner-column elementor-element elementor-element-ea9ceaa\" data-id=\"ea9ceaa\" data-element_type=\"column\">\n\t\t\t<div class=\"elementor-column-wrap elementor-element-populated\">\n\t\t\t\t\t\t\t<div class=\"elementor-widget-wrap\">\n\t\t\t\t\t\t<div class=\"elementor-element elementor-element-04a7510 elementor-widget elementor-widget-image\" data-id=\"04a7510\" data-element_type=\"widget\" data-widget_type=\"image.default\">\n\t\t\t\t<div class=\"elementor-widget-container\">\n\t\t\t\t\t\t\t\t<div class=\"elementor-image\">\n\t\t\t\t\t\t\t\t\t<figure class=\"wp-caption\">\n\t\t\t\t\t\t\t\t\t\t\t<a href=\"https:\/\/astaula.com\/?page_id=1583\">\n\t\t\t\t\t\t\t<img decoding=\"async\" width=\"600\" height=\"504\" src=\"https:\/\/astaula.com\/wp-content\/uploads\/2023\/04\/Regejimas-II.-Aliejusdrobe.-100x120cm-2022-2023-2-1024x861.jpg\" class=\"attachment-large size-large\" alt=\"\" loading=\"lazy\" srcset=\"https:\/\/astaula.com\/wp-content\/uploads\/2023\/04\/Regejimas-II.-Aliejusdrobe.-100x120cm-2022-2023-2-1024x861.jpg 1024w, https:\/\/astaula.com\/wp-content\/uploads\/2023\/04\/Regejimas-II.-Aliejusdrobe.-100x120cm-2022-2023-2-600x504.jpg 600w, https:\/\/astaula.com\/wp-content\/uploads\/2023\/04\/Regejimas-II.-Aliejusdrobe.-100x120cm-2022-2023-2-300x252.jpg 300w, https:\/\/astaula.com\/wp-content\/uploads\/2023\/04\/Regejimas-II.-Aliejusdrobe.-100x120cm-2022-2023-2-768x646.jpg 768w, https:\/\/astaula.com\/wp-content\/uploads\/2023\/04\/Regejimas-II.-Aliejusdrobe.-100x120cm-2022-2023-2-1240x1042.jpg 1240w, https:\/\/astaula.com\/wp-content\/uploads\/2023\/04\/Regejimas-II.-Aliejusdrobe.-100x120cm-2022-2023-2-508x427.jpg 508w, https:\/\/astaula.com\/wp-content\/uploads\/2023\/04\/Regejimas-II.-Aliejusdrobe.-100x120cm-2022-2023-2.jpg 1500w\" sizes=\"(max-width: 600px) 100vw, 600px\" \/>\t\t\t\t\t\t\t\t<\/a>\n\t\t\t\t\t\t\t\t\t\t\t<figcaption class=\"widget-image-caption wp-caption-text\">Aliejin\u0117 tapyba (mistinis \/ fantastinis stilius) 2023 m.<\/figcaption>\n\t\t\t\t\t\t\t\t\t\t<\/figure>\n\t\t\t\t\t\t\t\t<\/div>\n\t\t\t\t\t\t<\/div>\n\t\t\t\t<\/div>\n\t\t\t\t<div class=\"elementor-element elementor-element-c1a0128 elementor-widget elementor-widget-image\" data-id=\"c1a0128\" data-element_type=\"widget\" data-widget_type=\"image.default\">\n\t\t\t\t<div class=\"elementor-widget-container\">\n\t\t\t\t\t\t\t\t<div class=\"elementor-image\">\n\t\t\t\t\t\t\t\t\t<figure class=\"wp-caption\">\n\t\t\t\t\t\t\t\t\t\t\t<a href=\"https:\/\/astaula.com\/?page_id=100\">\n\t\t\t\t\t\t\t<img decoding=\"async\" width=\"600\" height=\"420\" src=\"https:\/\/astaula.com\/wp-content\/uploads\/2023\/04\/Ryto-zvaigzdziu-snaresys.-Aliejusdrobe.-70x100cm-2019-2023-2-1024x717.jpg\" class=\"attachment-large size-large\" alt=\"\" loading=\"lazy\" srcset=\"https:\/\/astaula.com\/wp-content\/uploads\/2023\/04\/Ryto-zvaigzdziu-snaresys.-Aliejusdrobe.-70x100cm-2019-2023-2-1024x717.jpg 1024w, https:\/\/astaula.com\/wp-content\/uploads\/2023\/04\/Ryto-zvaigzdziu-snaresys.-Aliejusdrobe.-70x100cm-2019-2023-2-600x420.jpg 600w, https:\/\/astaula.com\/wp-content\/uploads\/2023\/04\/Ryto-zvaigzdziu-snaresys.-Aliejusdrobe.-70x100cm-2019-2023-2-300x210.jpg 300w, https:\/\/astaula.com\/wp-content\/uploads\/2023\/04\/Ryto-zvaigzdziu-snaresys.-Aliejusdrobe.-70x100cm-2019-2023-2-768x538.jpg 768w, https:\/\/astaula.com\/wp-content\/uploads\/2023\/04\/Ryto-zvaigzdziu-snaresys.-Aliejusdrobe.-70x100cm-2019-2023-2-1240x868.jpg 1240w, https:\/\/astaula.com\/wp-content\/uploads\/2023\/04\/Ryto-zvaigzdziu-snaresys.-Aliejusdrobe.-70x100cm-2019-2023-2-508x356.jpg 508w, https:\/\/astaula.com\/wp-content\/uploads\/2023\/04\/Ryto-zvaigzdziu-snaresys.-Aliejusdrobe.-70x100cm-2019-2023-2.jpg 1500w\" sizes=\"(max-width: 600px) 100vw, 600px\" \/>\t\t\t\t\t\t\t\t<\/a>\n\t\t\t\t\t\t\t\t\t\t\t<figcaption class=\"widget-image-caption wp-caption-text\">Aliejin\u0117 tapyba (mistinis \/ fantastinis stilius) 2012\u20132022 m.<\/figcaption>\n\t\t\t\t\t\t\t\t\t\t<\/figure>\n\t\t\t\t\t\t\t\t<\/div>\n\t\t\t\t\t\t<\/div>\n\t\t\t\t<\/div>\n\t\t\t\t<div class=\"elementor-element elementor-element-fee2153 elementor-widget elementor-widget-image\" data-id=\"fee2153\" data-element_type=\"widget\" data-widget_type=\"image.default\">\n\t\t\t\t<div class=\"elementor-widget-container\">\n\t\t\t\t\t\t\t\t<div class=\"elementor-image\">\n\t\t\t\t\t\t\t\t\t<figure class=\"wp-caption\">\n\t\t\t\t\t\t\t\t\t\t\t<a href=\"https:\/\/astaula.com\/?page_id=306\">\n\t\t\t\t\t\t\t<img decoding=\"async\" width=\"600\" height=\"328\" src=\"https:\/\/astaula.com\/wp-content\/uploads\/2023\/04\/Kylantys-pauksciai.-Aliejusdrobe.-80x150cm-2023-2-1024x559.jpg\" class=\"attachment-large size-large\" alt=\"\" loading=\"lazy\" srcset=\"https:\/\/astaula.com\/wp-content\/uploads\/2023\/04\/Kylantys-pauksciai.-Aliejusdrobe.-80x150cm-2023-2-1024x559.jpg 1024w, https:\/\/astaula.com\/wp-content\/uploads\/2023\/04\/Kylantys-pauksciai.-Aliejusdrobe.-80x150cm-2023-2-600x328.jpg 600w, https:\/\/astaula.com\/wp-content\/uploads\/2023\/04\/Kylantys-pauksciai.-Aliejusdrobe.-80x150cm-2023-2-300x164.jpg 300w, https:\/\/astaula.com\/wp-content\/uploads\/2023\/04\/Kylantys-pauksciai.-Aliejusdrobe.-80x150cm-2023-2-768x419.jpg 768w, https:\/\/astaula.com\/wp-content\/uploads\/2023\/04\/Kylantys-pauksciai.-Aliejusdrobe.-80x150cm-2023-2-1240x677.jpg 1240w, https:\/\/astaula.com\/wp-content\/uploads\/2023\/04\/Kylantys-pauksciai.-Aliejusdrobe.-80x150cm-2023-2-508x277.jpg 508w, https:\/\/astaula.com\/wp-content\/uploads\/2023\/04\/Kylantys-pauksciai.-Aliejusdrobe.-80x150cm-2023-2.jpg 1500w\" sizes=\"(max-width: 600px) 100vw, 600px\" \/>\t\t\t\t\t\t\t\t<\/a>\n\t\t\t\t\t\t\t\t\t\t\t<figcaption class=\"widget-image-caption wp-caption-text\">Aliejin\u0117 tapyba (\u012fvair\u016bs \u017eanrai)<\/figcaption>\n\t\t\t\t\t\t\t\t\t\t<\/figure>\n\t\t\t\t\t\t\t\t<\/div>\n\t\t\t\t\t\t<\/div>\n\t\t\t\t<\/div>\n\t\t\t\t\t\t<\/div>\n\t\t\t\t\t<\/div>\n\t\t<\/div>\n\t\t\t\t<div class=\"elementor-column elementor-col-50 elementor-inner-column elementor-element elementor-element-c8744f5\" data-id=\"c8744f5\" data-element_type=\"column\">\n\t\t\t<div class=\"elementor-column-wrap elementor-element-populated\">\n\t\t\t\t\t\t\t<div class=\"elementor-widget-wrap\">\n\t\t\t\t\t\t<div class=\"elementor-element elementor-element-4ead2f6 elementor-widget elementor-widget-image\" data-id=\"4ead2f6\" data-element_type=\"widget\" data-widget_type=\"image.default\">\n\t\t\t\t<div class=\"elementor-widget-container\">\n\t\t\t\t\t\t\t\t<div class=\"elementor-image\">\n\t\t\t\t\t\t\t\t\t<figure class=\"wp-caption\">\n\t\t\t\t\t\t\t\t\t\t\t<a href=\"https:\/\/astaula.com\/?page_id=439\">\n\t\t\t\t\t\t\t<img decoding=\"async\" width=\"600\" height=\"812\" src=\"https:\/\/astaula.com\/wp-content\/uploads\/2023\/04\/Karolis.-Aliejusdrobe.-80x60cm-2021-2-757x1024.jpg\" class=\"attachment-large size-large\" alt=\"\" loading=\"lazy\" srcset=\"https:\/\/astaula.com\/wp-content\/uploads\/2023\/04\/Karolis.-Aliejusdrobe.-80x60cm-2021-2-757x1024.jpg 757w, https:\/\/astaula.com\/wp-content\/uploads\/2023\/04\/Karolis.-Aliejusdrobe.-80x60cm-2021-2-600x812.jpg 600w, https:\/\/astaula.com\/wp-content\/uploads\/2023\/04\/Karolis.-Aliejusdrobe.-80x60cm-2021-2-222x300.jpg 222w, https:\/\/astaula.com\/wp-content\/uploads\/2023\/04\/Karolis.-Aliejusdrobe.-80x60cm-2021-2-768x1039.jpg 768w, https:\/\/astaula.com\/wp-content\/uploads\/2023\/04\/Karolis.-Aliejusdrobe.-80x60cm-2021-2-508x687.jpg 508w, https:\/\/astaula.com\/wp-content\/uploads\/2023\/04\/Karolis.-Aliejusdrobe.-80x60cm-2021-2.jpg 1109w\" sizes=\"(max-width: 600px) 100vw, 600px\" \/>\t\t\t\t\t\t\t\t<\/a>\n\t\t\t\t\t\t\t\t\t\t\t<figcaption class=\"widget-image-caption wp-caption-text\">Portret\u0173 tapyba (aliejus \/ drob\u0117) 2011\u20132021 m.<\/figcaption>\n\t\t\t\t\t\t\t\t\t\t<\/figure>\n\t\t\t\t\t\t\t\t<\/div>\n\t\t\t\t\t\t<\/div>\n\t\t\t\t<\/div>\n\t\t\t\t<div class=\"elementor-element elementor-element-f490b11 elementor-widget elementor-widget-image\" data-id=\"f490b11\" data-element_type=\"widget\" data-widget_type=\"image.default\">\n\t\t\t\t<div class=\"elementor-widget-container\">\n\t\t\t\t\t\t\t\t<div class=\"elementor-image\">\n\t\t\t\t\t\t\t\t\t<figure class=\"wp-caption\">\n\t\t\t\t\t\t\t\t\t\t\t<a href=\"https:\/\/astaula.com\/?page_id=106\">\n\t\t\t\t\t\t\t<img decoding=\"async\" width=\"600\" height=\"881\" src=\"https:\/\/astaula.com\/wp-content\/uploads\/2023\/04\/Karaliskas-Tigras-175x120-cm-2021-3-697x1024.jpg\" class=\"attachment-large size-large\" alt=\"\" loading=\"lazy\" srcset=\"https:\/\/astaula.com\/wp-content\/uploads\/2023\/04\/Karaliskas-Tigras-175x120-cm-2021-3-697x1024.jpg 697w, https:\/\/astaula.com\/wp-content\/uploads\/2023\/04\/Karaliskas-Tigras-175x120-cm-2021-3-600x881.jpg 600w, https:\/\/astaula.com\/wp-content\/uploads\/2023\/04\/Karaliskas-Tigras-175x120-cm-2021-3-204x300.jpg 204w, https:\/\/astaula.com\/wp-content\/uploads\/2023\/04\/Karaliskas-Tigras-175x120-cm-2021-3-768x1128.jpg 768w, https:\/\/astaula.com\/wp-content\/uploads\/2023\/04\/Karaliskas-Tigras-175x120-cm-2021-3-508x746.jpg 508w, https:\/\/astaula.com\/wp-content\/uploads\/2023\/04\/Karaliskas-Tigras-175x120-cm-2021-3.jpg 1021w\" sizes=\"(max-width: 600px) 100vw, 600px\" \/>\t\t\t\t\t\t\t\t<\/a>\n\t\t\t\t\t\t\t\t\t\t\t<figcaption class=\"widget-image-caption wp-caption-text\">Abstrakti minimalistin\u0117 tapyba<\/figcaption>\n\t\t\t\t\t\t\t\t\t\t<\/figure>\n\t\t\t\t\t\t\t\t<\/div>\n\t\t\t\t\t\t<\/div>\n\t\t\t\t<\/div>\n\t\t\t\t\t\t<\/div>\n\t\t\t\t\t<\/div>\n\t\t<\/div>\n\t\t\t\t\t\t\t\t<\/div>\n\t\t\t\t\t<\/div>\n\t\t<\/section>\n\t\t\t\t<section class=\"elementor-section elementor-inner-section elementor-element elementor-element-35011c3 elementor-section-boxed elementor-section-height-default elementor-section-height-default\" data-id=\"35011c3\" data-element_type=\"section\">\n\t\t\t\t\t\t<div class=\"elementor-container elementor-column-gap-default\">\n\t\t\t\t\t\t\t<div class=\"elementor-row\">\n\t\t\t\t\t<div class=\"elementor-column elementor-col-50 elementor-inner-column elementor-element elementor-element-84cdef0\" data-id=\"84cdef0\" data-element_type=\"column\">\n\t\t\t<div class=\"elementor-column-wrap\">\n\t\t\t\t\t\t\t<div class=\"elementor-widget-wrap\">\n\t\t\t\t\t\t\t\t<\/div>\n\t\t\t\t\t<\/div>\n\t\t<\/div>\n\t\t\t\t<div class=\"elementor-column elementor-col-50 elementor-inner-column elementor-element elementor-element-dac176d\" data-id=\"dac176d\" data-element_type=\"column\">\n\t\t\t<div class=\"elementor-column-wrap\">\n\t\t\t\t\t\t\t<div class=\"elementor-widget-wrap\">\n\t\t\t\t\t\t\t\t<\/div>\n\t\t\t\t\t<\/div>\n\t\t<\/div>\n\t\t\t\t\t\t\t\t<\/div>\n\t\t\t\t\t<\/div>\n\t\t<\/section>\n\t\t\t\t\t\t<\/div>\n\t\t\t\t\t\t<\/div>\n\t\t\t\t\t<\/div>\n\t\t","protected":false},"excerpt":{"rendered":"<p>Aliejin\u0117 tapyba (mistinis \/ fantastinis stilius) 2023 m. Aliejin\u0117 tapyba (mistinis \/ fantastinis stilius) 2012\u20132022 m. Aliejin\u0117 tapyba (\u012fvair\u016bs \u017eanrai) Portret\u0173 tapyba (aliejus \/ drob\u0117) 2011\u20132021 m. Abstrakti minimalistin\u0117 tapyba<\/p>\n","protected":false},"author":1,"featured_media":0,"parent":0,"menu_order":0,"comment_status":"closed","ping_status":"closed","template":"","meta":[],"_links":{"self":[{"href":"https:\/\/astaula.com\/index.php?rest_route=\/wp\/v2\/pages\/2066"}],"collection":[{"href":"https:\/\/astaula.com\/index.php?rest_route=\/wp\/v2\/pages"}],"about":[{"href":"https:\/\/astaula.com\/index.php?rest_route=\/wp\/v2\/types\/page"}],"author":[{"embeddable":true,"href":"https:\/\/astaula.com\/index.php?rest_route=\/wp\/v2\/users\/1"}],"replies":[{"embeddable":true,"href":"https:\/\/astaula.com\/index.php?rest_route=%2Fwp%2Fv2%2Fcomments&post=2066"}],"version-history":[{"count":53,"href":"https:\/\/astaula.com\/index.php?rest_route=\/wp\/v2\/pages\/2066\/revisions"}],"predecessor-version":[{"id":2241,"href":"https:\/\/astaula.com\/index.php?rest_route=\/wp\/v2\/pages\/2066\/revisions\/2241"}],"wp:attachment":[{"href":"https:\/\/astaula.com\/index.php?rest_route=%2Fwp%2Fv2%2Fmedia&parent=2066"}],"curies":[{"name":"wp","href":"https:\/\/api.w.org\/{rel}","templated":true}]}}