{"id":1583,"date":"2023-03-18T09:18:21","date_gmt":"2023-03-18T07:18:21","guid":{"rendered":"https:\/\/astaula.com\/?page_id=1583"},"modified":"2023-04-15T21:29:08","modified_gmt":"2023-04-15T19:29:08","slug":"aliejine-tapyba-mistinis-fantastinis-stilius-2023-m","status":"publish","type":"page","link":"https:\/\/astaula.com\/?page_id=1583","title":{"rendered":"Mistinis \/ fantastinis stilius (2023 m.)"},"content":{"rendered":"<style>#jtg-1578 .modula-item .jtg-social a, .lightbox-socials.jtg-social a{ color: #ffffff }#jtg-1578 .modula-item .jtg-social svg, .lightbox-socials.jtg-social svg { height: 16px; width: 16px }#jtg-1578 .modula-item .jtg-social a:not(:last-child), .lightbox-socials.jtg-social a:not(:last-child) { margin-right: 10px }#jtg-1578 .modula-item .caption { background-color: #ffffff;  }#jtg-1578 .modula-item .figc {color:#ffffff;}#jtg-1578 .modula-item .modula-item-content { transform: scale(1) }#jtg-1578 { width:100%;}#jtg-1578 .modula-items .figc p.description { font-size:14px; }#jtg-1578 .modula-items .figc p.description { color:#ffffff;}#jtg-1578 .modula-items .figc .jtg-title { color:#ffffff; }#jtg-1578 .modula-item > .modula-item-content > a { cursor:zoom-in; } @media screen and (max-width:480px){#jtg-1578 .modula-item .figc .jtg-title {  font-size: 12px; }#jtg-1578 .modula-items .figc p.description { color:#ffffff;font-size:10px; }}<\/style>\n<!-- Gallery Container -->\n<div  id=\"jtg-1578\" class=\"modula modula-gallery modula-columns\" data-config=\"{&quot;enableTwitter&quot;:true,&quot;enableWhatsapp&quot;:true,&quot;enableFacebook&quot;:true,&quot;enablePinterest&quot;:true,&quot;enableLinkedin&quot;:true,&quot;randomFactor&quot;:0.5,&quot;type&quot;:&quot;grid&quot;,&quot;columns&quot;:12,&quot;gutter&quot;:10,&quot;enableResponsive&quot;:&quot;0&quot;,&quot;tabletColumns&quot;:&quot;2&quot;,&quot;mobileColumns&quot;:&quot;1&quot;,&quot;lazyLoad&quot;:&quot;1&quot;,&quot;lightboxOpts&quot;:{&quot;loop&quot;:false,&quot;arrows&quot;:true,&quot;toolbar&quot;:true,&quot;keyboard&quot;:false,&quot;wheel&quot;:false,&quot;buttons&quot;:[&quot;close&quot;],&quot;hash&quot;:false,&quot;lang&quot;:&quot;en&quot;,&quot;touch&quot;:false,&quot;protect&quot;:false,&quot;i18n&quot;:{&quot;en&quot;:{&quot;CLOSE&quot;:&quot;Close&quot;,&quot;NEXT&quot;:&quot;Next&quot;,&quot;PREV&quot;:&quot;Previous&quot;,&quot;Error&quot;:&quot;The requested content cannot be loaded. Please try again later.&quot;,&quot;PLAY_START&quot;:&quot;Start slideshow&quot;,&quot;PLAY_STOP&quot;:&quot;Pause slideshow&quot;,&quot;FULL_SCREEN&quot;:&quot;Full screen&quot;,&quot;THUMBS&quot;:&quot;Thumbnails&quot;,&quot;DOWNLOAD&quot;:&quot;Download&quot;,&quot;SHARE&quot;:&quot;Share&quot;,&quot;ZOOM&quot;:&quot;Zoom&quot;}},&quot;clickSlide&quot;:false,&quot;clickOutside&quot;:false,&quot;dblclickContent&quot;:false,&quot;dblclickSlide&quot;:false,&quot;dblclickOutside&quot;:false,&quot;clickContent&quot;:false},&quot;inView&quot;:false,&quot;grid_type&quot;:&quot;automatic&quot;,&quot;rowHeight&quot;:150,&quot;lastRow&quot;:&quot;justify&quot;,&quot;lightbox&quot;:&quot;fancybox&quot;}\">\n\n\t\n\t<!-- Items Container -->\n\t<div  class=\"modula-items grid-gallery\">\n\t\t<div class=\"modula-item effect-pufrobo\" >\n\t<div class=\"modula-item-overlay\"><\/div>\n\n\t<div class=\"modula-item-content\">\n\n\t\t\t\t\n\t\t\t\t\t<a href=\"https:\/\/astaula.com\/wp-content\/uploads\/2023\/05\/Regejimas-II.-Aliejusdrobe.-100x120cm-2022\u20132023.jpg\" data-elementor-open-lightbox=\"no\" rel=\"jtg-1578\" data-caption=\"Pavadinimas: \u201eReg\u0117jimas II&quot;. Technika: aliejus, drob\u0117. Dydis: 100x120 cm. Suk\u016brimo metai: 2022\u20132023\" class=\"tile-inner modula-item-link\"><\/a>\n\t\t\n\t\t\n\t\t<img class='pic' data-valign=\"middle\" data-halign=\"center\" alt=\"\" src=\"https:\/\/astaula.com\/wp-content\/uploads\/2023\/05\/Regejimas-II.-Aliejusdrobe.-100x120cm-2022\u20132023-1024x842.jpg\" data-src=\"https:\/\/astaula.com\/wp-content\/uploads\/2023\/05\/Regejimas-II.-Aliejusdrobe.-100x120cm-2022\u20132023-1024x842.jpg\"\/>\n\n\t\t\n\t\t<div class=\"figc\">\n\t\t\t<div class=\"figc-inner\">\n\t\t\t\t\t\t\t\t\t\t\t\t\t\t\t<\/div>\n\t\t<\/div>\n\n\t<\/div>\n\n<\/div><div class=\"modula-item effect-pufrobo\" >\n\t<div class=\"modula-item-overlay\"><\/div>\n\n\t<div class=\"modula-item-content\">\n\n\t\t\t\t\n\t\t\t\t\t<a href=\"https:\/\/astaula.com\/wp-content\/uploads\/2023\/12\/DSC_2848.jpg\" data-elementor-open-lightbox=\"no\" rel=\"jtg-1578\" data-caption=\"Pavadinimas: \u201eAtgimimas&quot;. Technika: aliejus, drob\u0117. Dydis:  200x120 cm. Suk\u016brimo metai: 2023\" class=\"tile-inner modula-item-link\"><\/a>\n\t\t\n\t\t\n\t\t<img class='pic' data-valign=\"middle\" data-halign=\"center\" alt=\"\" src=\"https:\/\/astaula.com\/wp-content\/uploads\/2023\/12\/DSC_2848-616x1024.jpg\" data-src=\"https:\/\/astaula.com\/wp-content\/uploads\/2023\/12\/DSC_2848-616x1024.jpg\"\/>\n\n\t\t\n\t\t<div class=\"figc\">\n\t\t\t<div class=\"figc-inner\">\n\t\t\t\t\t\t\t\t\t\t\t\t\t\t\t<\/div>\n\t\t<\/div>\n\n\t<\/div>\n\n<\/div><div class=\"modula-item effect-pufrobo\" >\n\t<div class=\"modula-item-overlay\"><\/div>\n\n\t<div class=\"modula-item-content\">\n\n\t\t\t\t\n\t\t\t\t\t<a href=\"https:\/\/astaula.com\/wp-content\/uploads\/2023\/04\/Laime.-Aliejusdrobe.-100x100cm-2023.jpg\" data-elementor-open-lightbox=\"no\" rel=\"jtg-1578\" data-caption=\"Pavadinimas: \u201eLaim\u0117&quot;. Technika: aliejus, drob\u0117. Dydis: 100x100 cm. Suk\u016brimo metai: 2023\" class=\"tile-inner modula-item-link\"><\/a>\n\t\t\n\t\t\n\t\t<img class='pic' data-valign=\"middle\" data-halign=\"center\" alt=\"\" src=\"https:\/\/astaula.com\/wp-content\/uploads\/2023\/04\/Laime.-Aliejusdrobe.-100x100cm-2023-1024x1021.jpg\" data-src=\"https:\/\/astaula.com\/wp-content\/uploads\/2023\/04\/Laime.-Aliejusdrobe.-100x100cm-2023-1024x1021.jpg\"\/>\n\n\t\t\n\t\t<div class=\"figc\">\n\t\t\t<div class=\"figc-inner\">\n\t\t\t\t\t\t\t\t\t\t\t\t\t\t\t<\/div>\n\t\t<\/div>\n\n\t<\/div>\n\n<\/div><div class=\"modula-item effect-pufrobo\" >\n\t<div class=\"modula-item-overlay\"><\/div>\n\n\t<div class=\"modula-item-content\">\n\n\t\t\t\t\n\t\t\t\t\t<a href=\"https:\/\/astaula.com\/wp-content\/uploads\/2023\/04\/Didzioji-mintis.-Aliejusdrobe.-100x120cm-2023.jpg\" data-elementor-open-lightbox=\"no\" rel=\"jtg-1578\" data-caption=\"Pavadinimas: \u201eDid\u017eioji mintis&quot;. Technika: aliejus, drob\u0117. Dydis: 100x120 cm. Suk\u016brimo metai: 2023\" class=\"tile-inner modula-item-link\"><\/a>\n\t\t\n\t\t\n\t\t<img class='pic' data-valign=\"middle\" data-halign=\"center\" alt=\"\" src=\"https:\/\/astaula.com\/wp-content\/uploads\/2023\/04\/Didzioji-mintis.-Aliejusdrobe.-100x120cm-2023-1024x862.jpg\" data-src=\"https:\/\/astaula.com\/wp-content\/uploads\/2023\/04\/Didzioji-mintis.-Aliejusdrobe.-100x120cm-2023-1024x862.jpg\"\/>\n\n\t\t\n\t\t<div class=\"figc\">\n\t\t\t<div class=\"figc-inner\">\n\t\t\t\t\t\t\t\t\t\t\t\t\t\t\t<\/div>\n\t\t<\/div>\n\n\t<\/div>\n\n<\/div><div class=\"modula-item effect-pufrobo\" >\n\t<div class=\"modula-item-overlay\"><\/div>\n\n\t<div class=\"modula-item-content\">\n\n\t\t\t\t\n\t\t\t\t\t<a href=\"https:\/\/astaula.com\/wp-content\/uploads\/2023\/04\/Troskimu-medis.-Aliejusdrobe.-100x120cm-2023.jpg\" data-elementor-open-lightbox=\"no\" rel=\"jtg-1578\" data-caption=\"Pavadinimas: \u201eTro\u0161kim\u0173 medis&quot;. Technika: aliejus, drob\u0117. Dydis: 100x120 cm. Suk\u016brimo metai: 2023\" class=\"tile-inner modula-item-link\"><\/a>\n\t\t\n\t\t\n\t\t<img class='pic' data-valign=\"middle\" data-halign=\"center\" alt=\"\" src=\"https:\/\/astaula.com\/wp-content\/uploads\/2023\/04\/Troskimu-medis.-Aliejusdrobe.-100x120cm-2023-1024x857.jpg\" data-src=\"https:\/\/astaula.com\/wp-content\/uploads\/2023\/04\/Troskimu-medis.-Aliejusdrobe.-100x120cm-2023-1024x857.jpg\"\/>\n\n\t\t\n\t\t<div class=\"figc\">\n\t\t\t<div class=\"figc-inner\">\n\t\t\t\t\t\t\t\t\t\t\t\t\t\t\t<\/div>\n\t\t<\/div>\n\n\t<\/div>\n\n<\/div><div class=\"modula-item effect-pufrobo\" >\n\t<div class=\"modula-item-overlay\"><\/div>\n\n\t<div class=\"modula-item-content\">\n\n\t\t\t\t\n\t\t\t\t\t<a href=\"https:\/\/astaula.com\/wp-content\/uploads\/2023\/04\/Rozes-hipnoze.-Aliejusdrobe.-120x100cm-2023.jpg\" data-elementor-open-lightbox=\"no\" rel=\"jtg-1578\" data-caption=\"Pavadinimas: \u201eRo\u017e\u0117s hipnoz\u0117&quot;. Technika: aliejus, drob\u0117. Dydis:  100x120 cm. Suk\u016brimo metai: 2023\" class=\"tile-inner modula-item-link\"><\/a>\n\t\t\n\t\t\n\t\t<img class='pic' data-valign=\"middle\" data-halign=\"center\" alt=\"\" src=\"https:\/\/astaula.com\/wp-content\/uploads\/2023\/04\/Rozes-hipnoze.-Aliejusdrobe.-120x100cm-2023-1024x859.jpg\" data-src=\"https:\/\/astaula.com\/wp-content\/uploads\/2023\/04\/Rozes-hipnoze.-Aliejusdrobe.-120x100cm-2023-1024x859.jpg\"\/>\n\n\t\t\n\t\t<div class=\"figc\">\n\t\t\t<div class=\"figc-inner\">\n\t\t\t\t\t\t\t\t\t\t\t\t\t\t\t<\/div>\n\t\t<\/div>\n\n\t<\/div>\n\n<\/div>\t\t\n\t<\/div>\n\n\t\n\t\n\t<script type=\"application\/ld+json\">\n\t{\n\t\t\"@context\": \"http:\/\/schema.org\",\n\t\t\"@type\"   : \"ImageGallery\",\n\t\t\"id\"      : \"https:\/\/astaula.com\",\n\t\t\"url\"     : \"https:\/\/astaula.com\"\n\t}\n\n    <\/script>\n\n\t\n<\/div>","protected":false},"excerpt":{"rendered":"","protected":false},"author":1,"featured_media":0,"parent":0,"menu_order":0,"comment_status":"closed","ping_status":"closed","template":"","meta":[],"_links":{"self":[{"href":"https:\/\/astaula.com\/index.php?rest_route=\/wp\/v2\/pages\/1583"}],"collection":[{"href":"https:\/\/astaula.com\/index.php?rest_route=\/wp\/v2\/pages"}],"about":[{"href":"https:\/\/astaula.com\/index.php?rest_route=\/wp\/v2\/types\/page"}],"author":[{"embeddable":true,"href":"https:\/\/astaula.com\/index.php?rest_route=\/wp\/v2\/users\/1"}],"replies":[{"embeddable":true,"href":"https:\/\/astaula.com\/index.php?rest_route=%2Fwp%2Fv2%2Fcomments&post=1583"}],"version-history":[{"count":3,"href":"https:\/\/astaula.com\/index.php?rest_route=\/wp\/v2\/pages\/1583\/revisions"}],"predecessor-version":[{"id":2274,"href":"https:\/\/astaula.com\/index.php?rest_route=\/wp\/v2\/pages\/1583\/revisions\/2274"}],"wp:attachment":[{"href":"https:\/\/astaula.com\/index.php?rest_route=%2Fwp%2Fv2%2Fmedia&parent=1583"}],"curies":[{"name":"wp","href":"https:\/\/api.w.org\/{rel}","templated":true}]}}