{"id":106,"date":"2020-07-09T10:07:31","date_gmt":"2020-07-09T10:07:31","guid":{"rendered":"https:\/\/astaula.com\/?page_id=106"},"modified":"2023-04-10T19:30:37","modified_gmt":"2023-04-10T17:30:37","slug":"abstrakti-minimalistine-tapyba","status":"publish","type":"page","link":"https:\/\/astaula.com\/?page_id=106","title":{"rendered":"Abstrakti minimalistin\u0117 tapyba"},"content":{"rendered":"\n<p class=\"has-text-align-center\"><span class=\"has-inline-color has-white-color\">Abstrak\u010di\u0173 form\u0173 paveikslai kuriami naudojant 2-4 akrilo da\u017e\u0173 spalvas ir drob\u0119, u\u017etempt\u0105 ant por\u0117mio. \u017danras \u012fvairus \u2013 portretas, peiza\u017eas, animalistinis ir t.t. Spalvas galima rinktis, jas pritaikant prie interjero ir pan.<\/span><\/p>\n\n\n<style>#jtg-213 .modula-item .jtg-social a, .lightbox-socials.jtg-social a{ color: #ffffff }#jtg-213 .modula-item .jtg-social svg, .lightbox-socials.jtg-social svg { height: 16px; width: 16px }#jtg-213 .modula-item .jtg-social a:not(:last-child), .lightbox-socials.jtg-social a:not(:last-child) { margin-right: 10px }#jtg-213 .modula-item .caption { background-color: #ffffff;  }#jtg-213 .modula-item .figc {color:#ffffff;}#jtg-213 .modula-item .modula-item-content { transform: scale(1) }#jtg-213 { width:100%;}#jtg-213 .modula-items .figc p.description { font-size:14px; }#jtg-213 .modula-items .figc p.description { color:#ffffff;}#jtg-213 .modula-items .figc .jtg-title { color:#ffffff; }#jtg-213 .modula-item > .modula-item-content > a { cursor:zoom-in; } @media screen and (max-width:480px){#jtg-213 .modula-item .figc .jtg-title {  font-size: 12px; }#jtg-213 .modula-items .figc p.description { color:#ffffff;font-size:10px; }}<\/style>\n<!-- Gallery Container -->\n<div  id=\"jtg-213\" class=\"modula modula-gallery modula-columns\" data-config=\"{&quot;enableTwitter&quot;:false,&quot;enableWhatsapp&quot;:false,&quot;enableFacebook&quot;:false,&quot;enablePinterest&quot;:false,&quot;enableLinkedin&quot;:false,&quot;randomFactor&quot;:0.62,&quot;type&quot;:&quot;grid&quot;,&quot;columns&quot;:12,&quot;gutter&quot;:10,&quot;enableResponsive&quot;:&quot;0&quot;,&quot;tabletColumns&quot;:&quot;2&quot;,&quot;mobileColumns&quot;:&quot;1&quot;,&quot;lazyLoad&quot;:&quot;1&quot;,&quot;lightboxOpts&quot;:{&quot;loop&quot;:false,&quot;arrows&quot;:true,&quot;toolbar&quot;:true,&quot;keyboard&quot;:false,&quot;wheel&quot;:false,&quot;buttons&quot;:[&quot;close&quot;],&quot;hash&quot;:false,&quot;lang&quot;:&quot;en&quot;,&quot;touch&quot;:false,&quot;protect&quot;:false,&quot;i18n&quot;:{&quot;en&quot;:{&quot;CLOSE&quot;:&quot;Close&quot;,&quot;NEXT&quot;:&quot;Next&quot;,&quot;PREV&quot;:&quot;Previous&quot;,&quot;Error&quot;:&quot;The requested content cannot be loaded. Please try again later.&quot;,&quot;PLAY_START&quot;:&quot;Start slideshow&quot;,&quot;PLAY_STOP&quot;:&quot;Pause slideshow&quot;,&quot;FULL_SCREEN&quot;:&quot;Full screen&quot;,&quot;THUMBS&quot;:&quot;Thumbnails&quot;,&quot;DOWNLOAD&quot;:&quot;Download&quot;,&quot;SHARE&quot;:&quot;Share&quot;,&quot;ZOOM&quot;:&quot;Zoom&quot;}},&quot;clickSlide&quot;:false,&quot;clickOutside&quot;:false,&quot;dblclickContent&quot;:false,&quot;dblclickSlide&quot;:false,&quot;dblclickOutside&quot;:false,&quot;clickContent&quot;:false},&quot;inView&quot;:false,&quot;grid_type&quot;:&quot;automatic&quot;,&quot;rowHeight&quot;:150,&quot;lastRow&quot;:&quot;justify&quot;,&quot;lightbox&quot;:&quot;fancybox&quot;}\">\n\n\t\n\t<!-- Items Container -->\n\t<div  class=\"modula-items grid-gallery\">\n\t\t<div class=\"modula-item effect-pufrobo\" >\n\t<div class=\"modula-item-overlay\"><\/div>\n\n\t<div class=\"modula-item-content\">\n\n\t\t\t\t\n\t\t\t\t\t<a href=\"https:\/\/astaula.com\/wp-content\/uploads\/2023\/04\/Karaliskas-Tigras-175x120-cm-2021-2.jpg\" data-elementor-open-lightbox=\"no\" rel=\"jtg-213\" data-caption=\"Pavadinimas: \u201eKarali\u0161kas Tigras&quot;. Technika: akrilas, drob\u0117. Dydis: 175x120 cm. Suk\u016brimo metai: 2021\" class=\"tile-inner modula-item-link\"><\/a>\n\t\t\n\t\t\n\t\t<img class='pic' data-valign=\"middle\" data-halign=\"center\" alt=\"\" src=\"https:\/\/astaula.com\/wp-content\/uploads\/2023\/04\/Karaliskas-Tigras-175x120-cm-2021-2-697x1024.jpg\" data-src=\"https:\/\/astaula.com\/wp-content\/uploads\/2023\/04\/Karaliskas-Tigras-175x120-cm-2021-2-697x1024.jpg\"\/>\n\n\t\t\n\t\t<div class=\"figc\">\n\t\t\t<div class=\"figc-inner\">\n\t\t\t\t\t\t\t\t\t\t\t\t\t\t\t\t<div class=\"jtg-social\">\n\t\t\t\t\t\t\t\t\t\t\t\t\t\t\t\t\t\t\t\t\t\t\t\t\t\t\t\t\t<\/div>\n\t\t\t\t\t\t\t<\/div>\n\t\t<\/div>\n\n\t<\/div>\n\n<\/div><div class=\"modula-item effect-pufrobo\" >\n\t<div class=\"modula-item-overlay\"><\/div>\n\n\t<div class=\"modula-item-content\">\n\n\t\t\t\t\n\t\t\t\t\t<a href=\"https:\/\/astaula.com\/wp-content\/uploads\/2023\/04\/DSC_2613cc.jpg\" data-elementor-open-lightbox=\"no\" rel=\"jtg-213\" data-caption=\"Pavadinimas: \u201eKarali\u0161kas Tigras&quot;. Technika: akrilas, drob\u0117. Dydis: 175x120 cm. Suk\u016brimo metai: 2021\" class=\"tile-inner modula-item-link\"><\/a>\n\t\t\n\t\t\n\t\t<img class='pic' data-valign=\"middle\" data-halign=\"center\" alt=\"\" src=\"https:\/\/astaula.com\/wp-content\/uploads\/2023\/04\/DSC_2613cc-683x1024.jpg\" data-src=\"https:\/\/astaula.com\/wp-content\/uploads\/2023\/04\/DSC_2613cc-683x1024.jpg\"\/>\n\n\t\t\n\t\t<div class=\"figc\">\n\t\t\t<div class=\"figc-inner\">\n\t\t\t\t\t\t\t\t\t\t\t\t\t\t\t\t<div class=\"jtg-social\">\n\t\t\t\t\t\t\t\t\t\t\t\t\t\t\t\t\t\t\t\t\t\t\t\t\t\t\t\t\t<\/div>\n\t\t\t\t\t\t\t<\/div>\n\t\t<\/div>\n\n\t<\/div>\n\n<\/div><div class=\"modula-item effect-pufrobo\" >\n\t<div class=\"modula-item-overlay\"><\/div>\n\n\t<div class=\"modula-item-content\">\n\n\t\t\t\t\n\t\t\t\t\t<a href=\"https:\/\/astaula.com\/wp-content\/uploads\/2023\/04\/DSC_3588-1.jpg\" data-elementor-open-lightbox=\"no\" rel=\"jtg-213\" data-caption=\"Kaili\u0173 salonas \u201eKarali\u0161kas Tigras&quot;, Vilnius. Pavadinimas: \u201eKarali\u0161kas Tigras&quot;. Technika: akrilas, drob\u0117. Dydis: 175x120 cm. Suk\u016brimo metai: 2021\" class=\"tile-inner modula-item-link\"><\/a>\n\t\t\n\t\t\n\t\t<img class='pic' data-valign=\"middle\" data-halign=\"center\" alt=\"\" src=\"https:\/\/astaula.com\/wp-content\/uploads\/2023\/04\/DSC_3588-1-683x1024.jpg\" data-src=\"https:\/\/astaula.com\/wp-content\/uploads\/2023\/04\/DSC_3588-1-683x1024.jpg\"\/>\n\n\t\t\n\t\t<div class=\"figc\">\n\t\t\t<div class=\"figc-inner\">\n\t\t\t\t\t\t\t\t\t\t\t\t\t\t\t\t<div class=\"jtg-social\">\n\t\t\t\t\t\t\t\t\t\t\t\t\t\t\t\t\t\t\t\t\t\t\t\t\t\t\t\t\t<\/div>\n\t\t\t\t\t\t\t<\/div>\n\t\t<\/div>\n\n\t<\/div>\n\n<\/div><div class=\"modula-item effect-pufrobo\" >\n\t<div class=\"modula-item-overlay\"><\/div>\n\n\t<div class=\"modula-item-content\">\n\n\t\t\t\t\n\t\t\t\t\t<a href=\"https:\/\/astaula.com\/wp-content\/uploads\/2024\/03\/DSC_7341.jpg\" data-elementor-open-lightbox=\"no\" rel=\"jtg-213\" data-caption=\"Pavadinimas: \u201eAuksinis drakonas&quot;. Technika: akrilas, drob\u0117. Dydis: 70x50, 70x50 cm. Suk\u016brimo metai: 2024\" class=\"tile-inner modula-item-link\"><\/a>\n\t\t\n\t\t\n\t\t<img class='pic' data-valign=\"middle\" data-halign=\"center\" alt=\"\" src=\"https:\/\/astaula.com\/wp-content\/uploads\/2024\/03\/DSC_7341-1024x729.jpg\" data-src=\"https:\/\/astaula.com\/wp-content\/uploads\/2024\/03\/DSC_7341-1024x729.jpg\"\/>\n\n\t\t\n\t\t<div class=\"figc\">\n\t\t\t<div class=\"figc-inner\">\n\t\t\t\t\t\t\t\t\t\t\t\t\t\t\t\t<div class=\"jtg-social\">\n\t\t\t\t\t\t\t\t\t\t\t\t\t\t\t\t\t\t\t\t\t\t\t\t\t\t\t\t\t<\/div>\n\t\t\t\t\t\t\t<\/div>\n\t\t<\/div>\n\n\t<\/div>\n\n<\/div><div class=\"modula-item effect-pufrobo\" >\n\t<div class=\"modula-item-overlay\"><\/div>\n\n\t<div class=\"modula-item-content\">\n\n\t\t\t\t\n\t\t\t\t\t<a href=\"https:\/\/astaula.com\/wp-content\/uploads\/2023\/04\/JL.-Akrilas-aliejus-drobe.-70x90cm-2020-1.jpg\" data-elementor-open-lightbox=\"no\" rel=\"jtg-213\" data-caption=\"Pavadinimas: \u201e\u017dvilgsnis&quot;. Technika: akrilas, aliejus, drob\u0117. Dydis: 70x90 cm. Suk\u016brimo metai: 2020\" class=\"tile-inner modula-item-link\"><\/a>\n\t\t\n\t\t\n\t\t<img class='pic' data-valign=\"middle\" data-halign=\"center\" alt=\"\" src=\"https:\/\/astaula.com\/wp-content\/uploads\/2023\/04\/JL.-Akrilas-aliejus-drobe.-70x90cm-2020-1-1024x791.jpg\" data-src=\"https:\/\/astaula.com\/wp-content\/uploads\/2023\/04\/JL.-Akrilas-aliejus-drobe.-70x90cm-2020-1-1024x791.jpg\"\/>\n\n\t\t\n\t\t<div class=\"figc\">\n\t\t\t<div class=\"figc-inner\">\n\t\t\t\t\t\t\t\t\t\t\t\t\t\t\t\t<div class=\"jtg-social\">\n\t\t\t\t\t\t\t\t\t\t\t\t\t\t\t\t\t\t\t\t\t\t\t\t\t\t\t\t\t<\/div>\n\t\t\t\t\t\t\t<\/div>\n\t\t<\/div>\n\n\t<\/div>\n\n<\/div><div class=\"modula-item effect-pufrobo\" >\n\t<div class=\"modula-item-overlay\"><\/div>\n\n\t<div class=\"modula-item-content\">\n\n\t\t\t\t\n\t\t\t\t\t<a href=\"https:\/\/astaula.com\/wp-content\/uploads\/2023\/09\/DSC_2506b.jpg\" data-elementor-open-lightbox=\"no\" rel=\"jtg-213\" data-caption=\"Paveikslas interjere. Pavadinimas: \u201e\u017dvilgsnis&quot;. Technika: akrilas, aliejus, drob\u0117. Dydis: 70x90 cm. Suk\u016brimo metai: 2020\" class=\"tile-inner modula-item-link\"><\/a>\n\t\t\n\t\t\n\t\t<img class='pic' data-valign=\"middle\" data-halign=\"center\" alt=\"\" src=\"https:\/\/astaula.com\/wp-content\/uploads\/2023\/09\/DSC_2506b-1024x683.jpg\" data-src=\"https:\/\/astaula.com\/wp-content\/uploads\/2023\/09\/DSC_2506b-1024x683.jpg\"\/>\n\n\t\t\n\t\t<div class=\"figc\">\n\t\t\t<div class=\"figc-inner\">\n\t\t\t\t\t\t\t\t\t\t\t\t\t\t\t\t<div class=\"jtg-social\">\n\t\t\t\t\t\t\t\t\t\t\t\t\t\t\t\t\t\t\t\t\t\t\t\t\t\t\t\t\t<\/div>\n\t\t\t\t\t\t\t<\/div>\n\t\t<\/div>\n\n\t<\/div>\n\n<\/div><div class=\"modula-item effect-pufrobo\" >\n\t<div class=\"modula-item-overlay\"><\/div>\n\n\t<div class=\"modula-item-content\">\n\n\t\t\t\t\n\t\t\t\t\t<a href=\"https:\/\/astaula.com\/wp-content\/uploads\/2023\/09\/DSC_2505b.jpg\" data-elementor-open-lightbox=\"no\" rel=\"jtg-213\" data-caption=\"Paveikslas interjere. Pavadinimas: \u201e\u017dvilgsnis&quot;. Technika: akrilas, aliejus, drob\u0117. Dydis: 70x90 cm. Suk\u016brimo metai: 2020\" class=\"tile-inner modula-item-link\"><\/a>\n\t\t\n\t\t\n\t\t<img class='pic' data-valign=\"middle\" data-halign=\"center\" alt=\"\" src=\"https:\/\/astaula.com\/wp-content\/uploads\/2023\/09\/DSC_2505b-1024x683.jpg\" data-src=\"https:\/\/astaula.com\/wp-content\/uploads\/2023\/09\/DSC_2505b-1024x683.jpg\"\/>\n\n\t\t\n\t\t<div class=\"figc\">\n\t\t\t<div class=\"figc-inner\">\n\t\t\t\t\t\t\t\t\t\t\t\t\t\t\t\t<div class=\"jtg-social\">\n\t\t\t\t\t\t\t\t\t\t\t\t\t\t\t\t\t\t\t\t\t\t\t\t\t\t\t\t\t<\/div>\n\t\t\t\t\t\t\t<\/div>\n\t\t<\/div>\n\n\t<\/div>\n\n<\/div><div class=\"modula-item effect-pufrobo\" >\n\t<div class=\"modula-item-overlay\"><\/div>\n\n\t<div class=\"modula-item-content\">\n\n\t\t\t\t\n\t\t\t\t\t<a href=\"https:\/\/astaula.com\/wp-content\/uploads\/2023\/09\/DSC_2493b.jpg\" data-elementor-open-lightbox=\"no\" rel=\"jtg-213\" data-caption=\"Paveikslas interjere. Pavadinimas: \u201e\u017dvilgsnis&quot;. Technika: akrilas, aliejus, drob\u0117. Dydis: 70x90 cm. Suk\u016brimo metai: 2020\" class=\"tile-inner modula-item-link\"><\/a>\n\t\t\n\t\t\n\t\t<img class='pic' data-valign=\"middle\" data-halign=\"center\" alt=\"\" src=\"https:\/\/astaula.com\/wp-content\/uploads\/2023\/09\/DSC_2493b-1024x683.jpg\" data-src=\"https:\/\/astaula.com\/wp-content\/uploads\/2023\/09\/DSC_2493b-1024x683.jpg\"\/>\n\n\t\t\n\t\t<div class=\"figc\">\n\t\t\t<div class=\"figc-inner\">\n\t\t\t\t\t\t\t\t\t\t\t\t\t\t\t\t<div class=\"jtg-social\">\n\t\t\t\t\t\t\t\t\t\t\t\t\t\t\t\t\t\t\t\t\t\t\t\t\t\t\t\t\t<\/div>\n\t\t\t\t\t\t\t<\/div>\n\t\t<\/div>\n\n\t<\/div>\n\n<\/div><div class=\"modula-item effect-pufrobo\" >\n\t<div class=\"modula-item-overlay\"><\/div>\n\n\t<div class=\"modula-item-content\">\n\n\t\t\t\t\n\t\t\t\t\t<a href=\"https:\/\/astaula.com\/wp-content\/uploads\/2023\/04\/DSC_6585-1.jpg\" data-elementor-open-lightbox=\"no\" rel=\"jtg-213\" data-caption=\"Pavadinimas: \u201eMarilyn Monroe&quot;. Technika: akrilas, drob\u0117. Dydis: 70x50 cm. Suk\u016brimo metai: 2019\" class=\"tile-inner modula-item-link\"><\/a>\n\t\t\n\t\t\n\t\t<img class='pic' data-valign=\"middle\" data-halign=\"center\" alt=\"\" src=\"https:\/\/astaula.com\/wp-content\/uploads\/2023\/04\/DSC_6585-1-721x1024.jpg\" data-src=\"https:\/\/astaula.com\/wp-content\/uploads\/2023\/04\/DSC_6585-1-721x1024.jpg\"\/>\n\n\t\t\n\t\t<div class=\"figc\">\n\t\t\t<div class=\"figc-inner\">\n\t\t\t\t\t\t\t\t\t\t\t\t\t\t\t\t<div class=\"jtg-social\">\n\t\t\t\t\t\t\t\t\t\t\t\t\t\t\t\t\t\t\t\t\t\t\t\t\t\t\t\t\t<\/div>\n\t\t\t\t\t\t\t<\/div>\n\t\t<\/div>\n\n\t<\/div>\n\n<\/div><div class=\"modula-item effect-pufrobo\" >\n\t<div class=\"modula-item-overlay\"><\/div>\n\n\t<div class=\"modula-item-content\">\n\n\t\t\t\t\n\t\t\t\t\t<a href=\"https:\/\/astaula.com\/wp-content\/uploads\/2023\/04\/Tetis.-Akrilasdrobe.-50x70cm-2019-1.jpg\" data-elementor-open-lightbox=\"no\" rel=\"jtg-213\" data-caption=\"Pavadinimas: \u201eT\u0117tis&quot;. Technika: akrilas, drob\u0117. Dydis: 50x70 cm. Suk\u016brimo metai: 2019\" class=\"tile-inner modula-item-link\"><\/a>\n\t\t\n\t\t\n\t\t<img class='pic' data-valign=\"middle\" data-halign=\"center\" alt=\"\" src=\"https:\/\/astaula.com\/wp-content\/uploads\/2023\/04\/Tetis.-Akrilasdrobe.-50x70cm-2019-1-1024x740.jpg\" data-src=\"https:\/\/astaula.com\/wp-content\/uploads\/2023\/04\/Tetis.-Akrilasdrobe.-50x70cm-2019-1-1024x740.jpg\"\/>\n\n\t\t\n\t\t<div class=\"figc\">\n\t\t\t<div class=\"figc-inner\">\n\t\t\t\t\t\t\t\t\t\t\t\t\t\t\t\t<div class=\"jtg-social\">\n\t\t\t\t\t\t\t\t\t\t\t\t\t\t\t\t\t\t\t\t\t\t\t\t\t\t\t\t\t<\/div>\n\t\t\t\t\t\t\t<\/div>\n\t\t<\/div>\n\n\t<\/div>\n\n<\/div><div class=\"modula-item effect-pufrobo\" >\n\t<div class=\"modula-item-overlay\"><\/div>\n\n\t<div class=\"modula-item-content\">\n\n\t\t\t\t\n\t\t\t\t\t<a href=\"https:\/\/astaula.com\/wp-content\/uploads\/2023\/04\/d-d-d-1.jpg\" data-elementor-open-lightbox=\"no\" rel=\"jtg-213\" data-caption=\"Portretas ir persona\u017eas. Pavadinimas: \u201eT\u0117tis&quot;. Technika: akrilas, drob\u0117. Dydis: 50x70 cm. Suk\u016brimo metai: 2019\" class=\"tile-inner modula-item-link\"><\/a>\n\t\t\n\t\t\n\t\t<img class='pic' data-valign=\"middle\" data-halign=\"center\" alt=\"\" src=\"https:\/\/astaula.com\/wp-content\/uploads\/2023\/04\/d-d-d-1-1024x683.jpg\" data-src=\"https:\/\/astaula.com\/wp-content\/uploads\/2023\/04\/d-d-d-1-1024x683.jpg\"\/>\n\n\t\t\n\t\t<div class=\"figc\">\n\t\t\t<div class=\"figc-inner\">\n\t\t\t\t\t\t\t\t\t\t\t\t\t\t\t\t<div class=\"jtg-social\">\n\t\t\t\t\t\t\t\t\t\t\t\t\t\t\t\t\t\t\t\t\t\t\t\t\t\t\t\t\t<\/div>\n\t\t\t\t\t\t\t<\/div>\n\t\t<\/div>\n\n\t<\/div>\n\n<\/div><div class=\"modula-item effect-pufrobo\" >\n\t<div class=\"modula-item-overlay\"><\/div>\n\n\t<div class=\"modula-item-content\">\n\n\t\t\t\t\n\t\t\t\t\t<a href=\"https:\/\/astaula.com\/wp-content\/uploads\/2023\/04\/Bucinys.-Akrilassdrobe.-50x100cm-2019-1.jpg\" data-elementor-open-lightbox=\"no\" rel=\"jtg-213\" data-caption=\"Pavadinimas: \u201eBu\u010dinys&quot;. Technika: akrilas, drob\u0117. Dydis: 50x100 cm. Suk\u016brimo metai: 2019\" class=\"tile-inner modula-item-link\"><\/a>\n\t\t\n\t\t\n\t\t<img class='pic' data-valign=\"middle\" data-halign=\"center\" alt=\"\" src=\"https:\/\/astaula.com\/wp-content\/uploads\/2023\/04\/Bucinys.-Akrilassdrobe.-50x100cm-2019-1-1024x517.jpg\" data-src=\"https:\/\/astaula.com\/wp-content\/uploads\/2023\/04\/Bucinys.-Akrilassdrobe.-50x100cm-2019-1-1024x517.jpg\"\/>\n\n\t\t\n\t\t<div class=\"figc\">\n\t\t\t<div class=\"figc-inner\">\n\t\t\t\t\t\t\t\t\t\t\t\t\t\t\t\t<div class=\"jtg-social\">\n\t\t\t\t\t\t\t\t\t\t\t\t\t\t\t\t\t\t\t\t\t\t\t\t\t\t\t\t\t<\/div>\n\t\t\t\t\t\t\t<\/div>\n\t\t<\/div>\n\n\t<\/div>\n\n<\/div><div class=\"modula-item effect-pufrobo\" >\n\t<div class=\"modula-item-overlay\"><\/div>\n\n\t<div class=\"modula-item-content\">\n\n\t\t\t\t\n\t\t\t\t\t<a href=\"https:\/\/astaula.com\/wp-content\/uploads\/2023\/04\/DSC_6606-1.jpg\" data-elementor-open-lightbox=\"no\" rel=\"jtg-213\" data-caption=\"Pavadinimas: \u201eThe big day&quot;. Technika: akrilas, drob\u0117. Dydis: 70x50 cm. Suk\u016brimo metai: 2020\" class=\"tile-inner modula-item-link\"><\/a>\n\t\t\n\t\t\n\t\t<img class='pic' data-valign=\"middle\" data-halign=\"center\" alt=\"\" src=\"https:\/\/astaula.com\/wp-content\/uploads\/2023\/04\/DSC_6606-1-735x1024.jpg\" data-src=\"https:\/\/astaula.com\/wp-content\/uploads\/2023\/04\/DSC_6606-1-735x1024.jpg\"\/>\n\n\t\t\n\t\t<div class=\"figc\">\n\t\t\t<div class=\"figc-inner\">\n\t\t\t\t\t\t\t\t\t\t\t\t\t\t\t\t<div class=\"jtg-social\">\n\t\t\t\t\t\t\t\t\t\t\t\t\t\t\t\t\t\t\t\t\t\t\t\t\t\t\t\t\t<\/div>\n\t\t\t\t\t\t\t<\/div>\n\t\t<\/div>\n\n\t<\/div>\n\n<\/div><div class=\"modula-item effect-pufrobo\" >\n\t<div class=\"modula-item-overlay\"><\/div>\n\n\t<div class=\"modula-item-content\">\n\n\t\t\t\t\n\t\t\t\t\t<a href=\"https:\/\/astaula.com\/wp-content\/uploads\/2023\/04\/DSC_6402-1.jpg\" data-elementor-open-lightbox=\"no\" rel=\"jtg-213\" data-caption=\"Pavadinimas: \u201eMo\u010diut\u0117s gl\u0117byje&quot;. Technika: akrilas, drob\u0117. Dydis: 50x40 cm. Suk\u016brimo metai: 2019\" class=\"tile-inner modula-item-link\"><\/a>\n\t\t\n\t\t\n\t\t<img class='pic' data-valign=\"middle\" data-halign=\"center\" alt=\"\" src=\"https:\/\/astaula.com\/wp-content\/uploads\/2023\/04\/DSC_6402-1-835x1024.jpg\" data-src=\"https:\/\/astaula.com\/wp-content\/uploads\/2023\/04\/DSC_6402-1-835x1024.jpg\"\/>\n\n\t\t\n\t\t<div class=\"figc\">\n\t\t\t<div class=\"figc-inner\">\n\t\t\t\t\t\t\t\t\t\t\t\t\t\t\t\t<div class=\"jtg-social\">\n\t\t\t\t\t\t\t\t\t\t\t\t\t\t\t\t\t\t\t\t\t\t\t\t\t\t\t\t\t<\/div>\n\t\t\t\t\t\t\t<\/div>\n\t\t<\/div>\n\n\t<\/div>\n\n<\/div><div class=\"modula-item effect-pufrobo\" >\n\t<div class=\"modula-item-overlay\"><\/div>\n\n\t<div class=\"modula-item-content\">\n\n\t\t\t\t\n\t\t\t\t\t<a href=\"https:\/\/astaula.com\/wp-content\/uploads\/2023\/04\/VI.-Akrilasdrobe.-70x50cm-2019-1.jpg\" data-elementor-open-lightbox=\"no\" rel=\"jtg-213\" data-caption=\"Pavadinimas: \u201eVI&quot;. Technika: akrilas, drob\u0117. Dydis: 70x50 cm. Suk\u016brimo metai: 2019\" class=\"tile-inner modula-item-link\"><\/a>\n\t\t\n\t\t\n\t\t<img class='pic' data-valign=\"middle\" data-halign=\"center\" alt=\"\" src=\"https:\/\/astaula.com\/wp-content\/uploads\/2023\/04\/VI.-Akrilasdrobe.-70x50cm-2019-1-746x1024.jpg\" data-src=\"https:\/\/astaula.com\/wp-content\/uploads\/2023\/04\/VI.-Akrilasdrobe.-70x50cm-2019-1-746x1024.jpg\"\/>\n\n\t\t\n\t\t<div class=\"figc\">\n\t\t\t<div class=\"figc-inner\">\n\t\t\t\t\t\t\t\t\t\t\t\t\t\t\t\t<div class=\"jtg-social\">\n\t\t\t\t\t\t\t\t\t\t\t\t\t\t\t\t\t\t\t\t\t\t\t\t\t\t\t\t\t<\/div>\n\t\t\t\t\t\t\t<\/div>\n\t\t<\/div>\n\n\t<\/div>\n\n<\/div><div class=\"modula-item effect-pufrobo\" >\n\t<div class=\"modula-item-overlay\"><\/div>\n\n\t<div class=\"modula-item-content\">\n\n\t\t\t\t\n\t\t\t\t\t<a href=\"https:\/\/astaula.com\/wp-content\/uploads\/2023\/04\/DSC_2613b-1.jpg\" data-elementor-open-lightbox=\"no\" rel=\"jtg-213\" data-caption=\"Paveikslas interjere. Pavadinimas: \u201eVI&quot;. Technika: akrilas, drob\u0117. Dydis: 70x50 cm. Suk\u016brimo metai: 2019\" class=\"tile-inner modula-item-link\"><\/a>\n\t\t\n\t\t\n\t\t<img class='pic' data-valign=\"middle\" data-halign=\"center\" alt=\"\" src=\"https:\/\/astaula.com\/wp-content\/uploads\/2023\/04\/DSC_2613b-1-683x1024.jpg\" data-src=\"https:\/\/astaula.com\/wp-content\/uploads\/2023\/04\/DSC_2613b-1-683x1024.jpg\"\/>\n\n\t\t\n\t\t<div class=\"figc\">\n\t\t\t<div class=\"figc-inner\">\n\t\t\t\t\t\t\t\t\t\t\t\t\t\t\t\t<div class=\"jtg-social\">\n\t\t\t\t\t\t\t\t\t\t\t\t\t\t\t\t\t\t\t\t\t\t\t\t\t\t\t\t\t<\/div>\n\t\t\t\t\t\t\t<\/div>\n\t\t<\/div>\n\n\t<\/div>\n\n<\/div><div class=\"modula-item effect-pufrobo\" >\n\t<div class=\"modula-item-overlay\"><\/div>\n\n\t<div class=\"modula-item-content\">\n\n\t\t\t\t\n\t\t\t\t\t<a href=\"https:\/\/astaula.com\/wp-content\/uploads\/2023\/04\/DSC_6418-1.jpg\" data-elementor-open-lightbox=\"no\" rel=\"jtg-213\" data-caption=\"Pavadinimas: \u201eJolanta&quot;. Technika: akrilas, drob\u0117. Dydis: 70x50 cm. Suk\u016brimo metai: 2019\" class=\"tile-inner modula-item-link\"><\/a>\n\t\t\n\t\t\n\t\t<img class='pic' data-valign=\"middle\" data-halign=\"center\" alt=\"\" src=\"https:\/\/astaula.com\/wp-content\/uploads\/2023\/04\/DSC_6418-1-735x1024.jpg\" data-src=\"https:\/\/astaula.com\/wp-content\/uploads\/2023\/04\/DSC_6418-1-735x1024.jpg\"\/>\n\n\t\t\n\t\t<div class=\"figc\">\n\t\t\t<div class=\"figc-inner\">\n\t\t\t\t\t\t\t\t\t\t\t\t\t\t\t\t<div class=\"jtg-social\">\n\t\t\t\t\t\t\t\t\t\t\t\t\t\t\t\t\t\t\t\t\t\t\t\t\t\t\t\t\t<\/div>\n\t\t\t\t\t\t\t<\/div>\n\t\t<\/div>\n\n\t<\/div>\n\n<\/div><div class=\"modula-item effect-pufrobo\" >\n\t<div class=\"modula-item-overlay\"><\/div>\n\n\t<div class=\"modula-item-content\">\n\n\t\t\t\t\n\t\t\t\t\t<a href=\"https:\/\/astaula.com\/wp-content\/uploads\/2023\/04\/Uzsakymas1.-Akrilasdrobe.-100x70cm-2020-1.jpg\" data-elementor-open-lightbox=\"no\" rel=\"jtg-213\" data-caption=\"Pavadinimas: \u201eGeriausi link\u0117jimai&quot;. Technika: akrilas, drob\u0117. Dydis: 100x70 cm. Suk\u016brimo metai: 2020\" class=\"tile-inner modula-item-link\"><\/a>\n\t\t\n\t\t\n\t\t<img class='pic' data-valign=\"middle\" data-halign=\"center\" alt=\"\" src=\"https:\/\/astaula.com\/wp-content\/uploads\/2023\/04\/Uzsakymas1.-Akrilasdrobe.-100x70cm-2020-1-726x1024.jpg\" data-src=\"https:\/\/astaula.com\/wp-content\/uploads\/2023\/04\/Uzsakymas1.-Akrilasdrobe.-100x70cm-2020-1-726x1024.jpg\"\/>\n\n\t\t\n\t\t<div class=\"figc\">\n\t\t\t<div class=\"figc-inner\">\n\t\t\t\t\t\t\t\t\t\t\t\t\t\t\t\t<div class=\"jtg-social\">\n\t\t\t\t\t\t\t\t\t\t\t\t\t\t\t\t\t\t\t\t\t\t\t\t\t\t\t\t\t<\/div>\n\t\t\t\t\t\t\t<\/div>\n\t\t<\/div>\n\n\t<\/div>\n\n<\/div><div class=\"modula-item effect-pufrobo\" >\n\t<div class=\"modula-item-overlay\"><\/div>\n\n\t<div class=\"modula-item-content\">\n\n\t\t\t\t\n\t\t\t\t\t<a href=\"https:\/\/astaula.com\/wp-content\/uploads\/2023\/04\/Seimyna.-Aliejusakrilas-drobe.-80x120cm-2019-1.jpg\" data-elementor-open-lightbox=\"no\" rel=\"jtg-213\" data-caption=\"Pavadinimas: \u201e\u0160eimyna&quot;. Technika: akrilas, drob\u0117. Dydis: 100x70 cm. Suk\u016brimo metai: 2020\" class=\"tile-inner modula-item-link\"><\/a>\n\t\t\n\t\t\n\t\t<img class='pic' data-valign=\"middle\" data-halign=\"center\" alt=\"\" src=\"https:\/\/astaula.com\/wp-content\/uploads\/2023\/04\/Seimyna.-Aliejusakrilas-drobe.-80x120cm-2019-1-1024x692.jpg\" data-src=\"https:\/\/astaula.com\/wp-content\/uploads\/2023\/04\/Seimyna.-Aliejusakrilas-drobe.-80x120cm-2019-1-1024x692.jpg\"\/>\n\n\t\t\n\t\t<div class=\"figc\">\n\t\t\t<div class=\"figc-inner\">\n\t\t\t\t\t\t\t\t\t\t\t\t\t\t\t\t<div class=\"jtg-social\">\n\t\t\t\t\t\t\t\t\t\t\t\t\t\t\t\t\t\t\t\t\t\t\t\t\t\t\t\t\t<\/div>\n\t\t\t\t\t\t\t<\/div>\n\t\t<\/div>\n\n\t<\/div>\n\n<\/div><div class=\"modula-item effect-pufrobo\" >\n\t<div class=\"modula-item-overlay\"><\/div>\n\n\t<div class=\"modula-item-content\">\n\n\t\t\t\t\n\t\t\t\t\t<a href=\"https:\/\/astaula.com\/wp-content\/uploads\/2023\/04\/Alfonsas-ir-Romute.-Akrilasdrobe.-100x70cm-2020-1.jpg\" data-elementor-open-lightbox=\"no\" rel=\"jtg-213\" data-caption=\"Pavadinimas: \u201eAlfonsas ir Romut\u0117&quot;. Technika: akrilas, drob\u0117. Dydis: 70x100 cm. Suk\u016brimo metai: 2020\" class=\"tile-inner modula-item-link\"><\/a>\n\t\t\n\t\t\n\t\t<img class='pic' data-valign=\"middle\" data-halign=\"center\" alt=\"\" src=\"https:\/\/astaula.com\/wp-content\/uploads\/2023\/04\/Alfonsas-ir-Romute.-Akrilasdrobe.-100x70cm-2020-1-1024x721.jpg\" data-src=\"https:\/\/astaula.com\/wp-content\/uploads\/2023\/04\/Alfonsas-ir-Romute.-Akrilasdrobe.-100x70cm-2020-1-1024x721.jpg\"\/>\n\n\t\t\n\t\t<div class=\"figc\">\n\t\t\t<div class=\"figc-inner\">\n\t\t\t\t\t\t\t\t\t\t\t\t\t\t\t\t<div class=\"jtg-social\">\n\t\t\t\t\t\t\t\t\t\t\t\t\t\t\t\t\t\t\t\t\t\t\t\t\t\t\t\t\t<\/div>\n\t\t\t\t\t\t\t<\/div>\n\t\t<\/div>\n\n\t<\/div>\n\n<\/div>\t\t\n\t<\/div>\n\n\t\n\t\n\t<script type=\"application\/ld+json\">\n\t{\n\t\t\"@context\": \"http:\/\/schema.org\",\n\t\t\"@type\"   : \"ImageGallery\",\n\t\t\"id\"      : \"https:\/\/astaula.com\",\n\t\t\"url\"     : \"https:\/\/astaula.com\"\n\t}\n\n    <\/script>\n\n\t\n<\/div>\n\n\n<p><\/p>\n","protected":false},"excerpt":{"rendered":"<p>Abstrak\u010di\u0173 form\u0173 paveikslai kuriami naudojant 2-4 akrilo da\u017e\u0173 spalvas ir drob\u0119, u\u017etempt\u0105 ant por\u0117mio. \u017danras \u012fvairus \u2013 portretas, peiza\u017eas, animalistinis ir t.t. Spalvas galima rinktis, jas pritaikant prie interjero ir pan.<\/p>\n","protected":false},"author":1,"featured_media":0,"parent":0,"menu_order":0,"comment_status":"closed","ping_status":"closed","template":"","meta":[],"_links":{"self":[{"href":"https:\/\/astaula.com\/index.php?rest_route=\/wp\/v2\/pages\/106"}],"collection":[{"href":"https:\/\/astaula.com\/index.php?rest_route=\/wp\/v2\/pages"}],"about":[{"href":"https:\/\/astaula.com\/index.php?rest_route=\/wp\/v2\/types\/page"}],"author":[{"embeddable":true,"href":"https:\/\/astaula.com\/index.php?rest_route=\/wp\/v2\/users\/1"}],"replies":[{"embeddable":true,"href":"https:\/\/astaula.com\/index.php?rest_route=%2Fwp%2Fv2%2Fcomments&post=106"}],"version-history":[{"count":4,"href":"https:\/\/astaula.com\/index.php?rest_route=\/wp\/v2\/pages\/106\/revisions"}],"predecessor-version":[{"id":2055,"href":"https:\/\/astaula.com\/index.php?rest_route=\/wp\/v2\/pages\/106\/revisions\/2055"}],"wp:attachment":[{"href":"https:\/\/astaula.com\/index.php?rest_route=%2Fwp%2Fv2%2Fmedia&parent=106"}],"curies":[{"name":"wp","href":"https:\/\/api.w.org\/{rel}","templated":true}]}}