{"id":100,"date":"2020-07-09T10:06:34","date_gmt":"2020-07-09T10:06:34","guid":{"rendered":"https:\/\/astaula.com\/?page_id=100"},"modified":"2023-04-15T21:28:25","modified_gmt":"2023-04-15T19:28:25","slug":"aliejine-tapyba","status":"publish","type":"page","link":"https:\/\/astaula.com\/?page_id=100","title":{"rendered":"Mistinis \/ fantastinis stilius (2012\u20132022 m.)"},"content":{"rendered":"<style>#jtg-202 .modula-item .jtg-social a, .lightbox-socials.jtg-social a{ color: #0a0a0a }#jtg-202 .modula-item .jtg-social svg, .lightbox-socials.jtg-social svg { height: 16px; width: 16px }#jtg-202 .modula-item .jtg-social a:not(:last-child), .lightbox-socials.jtg-social a:not(:last-child) { margin-right: 10px }#jtg-202 .modula-item .caption { background-color: #ffffff;  }#jtg-202 .modula-item .figc {color:#ffffff;}#jtg-202 .modula-item .modula-item-content { transform: scale(1) }#jtg-202 { width:100%;}#jtg-202 .modula-items .figc p.description { font-size:14px; }#jtg-202 .modula-items .figc p.description { color:#ffffff;}#jtg-202 .modula-items .figc .jtg-title { color:#ffffff; }#jtg-202 .modula-item > .modula-item-content > a { cursor:zoom-in; } @media screen and (max-width:480px){#jtg-202 .modula-item .figc .jtg-title {  font-size: 12px; }#jtg-202 .modula-items .figc p.description { color:#ffffff;font-size:10px; }}<\/style>\n<!-- Gallery Container -->\n<div  id=\"jtg-202\" class=\"modula modula-gallery modula-columns\" data-config=\"{&quot;enableTwitter&quot;:false,&quot;enableWhatsapp&quot;:false,&quot;enableFacebook&quot;:false,&quot;enablePinterest&quot;:false,&quot;enableLinkedin&quot;:false,&quot;randomFactor&quot;:0,&quot;type&quot;:&quot;grid&quot;,&quot;columns&quot;:12,&quot;gutter&quot;:10,&quot;enableResponsive&quot;:&quot;0&quot;,&quot;tabletColumns&quot;:&quot;2&quot;,&quot;mobileColumns&quot;:&quot;1&quot;,&quot;lazyLoad&quot;:&quot;1&quot;,&quot;lightboxOpts&quot;:{&quot;loop&quot;:false,&quot;arrows&quot;:true,&quot;toolbar&quot;:true,&quot;keyboard&quot;:false,&quot;wheel&quot;:false,&quot;buttons&quot;:[&quot;close&quot;],&quot;hash&quot;:false,&quot;lang&quot;:&quot;en&quot;,&quot;touch&quot;:false,&quot;protect&quot;:false,&quot;i18n&quot;:{&quot;en&quot;:{&quot;CLOSE&quot;:&quot;Close&quot;,&quot;NEXT&quot;:&quot;Next&quot;,&quot;PREV&quot;:&quot;Previous&quot;,&quot;Error&quot;:&quot;The requested content cannot be loaded. Please try again later.&quot;,&quot;PLAY_START&quot;:&quot;Start slideshow&quot;,&quot;PLAY_STOP&quot;:&quot;Pause slideshow&quot;,&quot;FULL_SCREEN&quot;:&quot;Full screen&quot;,&quot;THUMBS&quot;:&quot;Thumbnails&quot;,&quot;DOWNLOAD&quot;:&quot;Download&quot;,&quot;SHARE&quot;:&quot;Share&quot;,&quot;ZOOM&quot;:&quot;Zoom&quot;}},&quot;clickSlide&quot;:false,&quot;clickOutside&quot;:false,&quot;dblclickContent&quot;:false,&quot;dblclickSlide&quot;:false,&quot;dblclickOutside&quot;:false,&quot;clickContent&quot;:false},&quot;inView&quot;:false,&quot;grid_type&quot;:&quot;automatic&quot;,&quot;rowHeight&quot;:150,&quot;lastRow&quot;:&quot;justify&quot;,&quot;lightbox&quot;:&quot;fancybox&quot;}\">\n\n\t\n\t<!-- Items Container -->\n\t<div  class=\"modula-items grid-gallery\">\n\t\t<div class=\"modula-item effect-pufrobo\" >\n\t<div class=\"modula-item-overlay\"><\/div>\n\n\t<div class=\"modula-item-content\">\n\n\t\t\t\t\n\t\t\t\t\t<a href=\"https:\/\/astaula.com\/wp-content\/uploads\/2023\/04\/Regejimas-I.-Aliejusdrobe.-50x60cm-2019.jpg\" data-elementor-open-lightbox=\"no\" rel=\"jtg-202\" data-caption=\"Pavadinimas: \u201eReg\u0117jimas I&quot;. Technika: aliejus, drob\u0117. Dydis: 50x60 cm. Suk\u016brimo metai: 2019\" class=\"tile-inner modula-item-link\"><\/a>\n\t\t\n\t\t\n\t\t<img class='pic' data-valign=\"middle\" data-halign=\"center\" alt=\"\" src=\"https:\/\/astaula.com\/wp-content\/uploads\/2023\/04\/Regejimas-I.-Aliejusdrobe.-50x60cm-2019-1024x862.jpg\" data-src=\"https:\/\/astaula.com\/wp-content\/uploads\/2023\/04\/Regejimas-I.-Aliejusdrobe.-50x60cm-2019-1024x862.jpg\"\/>\n\n\t\t\n\t\t<div class=\"figc\">\n\t\t\t<div class=\"figc-inner\">\n\t\t\t\t\t\t\t\t\t\t\t\t\t\t\t\t<div class=\"jtg-social\">\n\t\t\t\t\t\t\t\t\t\t\t\t\t\t\t\t\t\t\t\t\t\t\t\t\t\t\t\t\t<\/div>\n\t\t\t\t\t\t\t<\/div>\n\t\t<\/div>\n\n\t<\/div>\n\n<\/div><div class=\"modula-item effect-pufrobo\" >\n\t<div class=\"modula-item-overlay\"><\/div>\n\n\t<div class=\"modula-item-content\">\n\n\t\t\t\t\n\t\t\t\t\t<a href=\"https:\/\/astaula.com\/wp-content\/uploads\/2023\/04\/Ryto-zvaigzdziu-snaresys.-Aliejusdrobe.-70x100cm-2019-2023-1.jpg\" data-elementor-open-lightbox=\"no\" rel=\"jtg-202\" data-caption=\"Pavadinimas: \u201eRyto \u017evaig\u017ed\u017ei\u0173 \u0161naresys&quot;. Technika: aliejus, drob\u0117. Dydis: 70x100 cm. Suk\u016brimo metai: 2019\u20132023\" class=\"tile-inner modula-item-link\"><\/a>\n\t\t\n\t\t\n\t\t<img class='pic' data-valign=\"middle\" data-halign=\"center\" alt=\"\" src=\"https:\/\/astaula.com\/wp-content\/uploads\/2023\/04\/Ryto-zvaigzdziu-snaresys.-Aliejusdrobe.-70x100cm-2019-2023-1-1024x717.jpg\" data-src=\"https:\/\/astaula.com\/wp-content\/uploads\/2023\/04\/Ryto-zvaigzdziu-snaresys.-Aliejusdrobe.-70x100cm-2019-2023-1-1024x717.jpg\"\/>\n\n\t\t\n\t\t<div class=\"figc\">\n\t\t\t<div class=\"figc-inner\">\n\t\t\t\t\t\t\t\t\t\t\t\t\t\t\t\t<div class=\"jtg-social\">\n\t\t\t\t\t\t\t\t\t\t\t\t\t\t\t\t\t\t\t\t\t\t\t\t\t\t\t\t\t<\/div>\n\t\t\t\t\t\t\t<\/div>\n\t\t<\/div>\n\n\t<\/div>\n\n<\/div><div class=\"modula-item effect-pufrobo\" >\n\t<div class=\"modula-item-overlay\"><\/div>\n\n\t<div class=\"modula-item-content\">\n\n\t\t\t\t\n\t\t\t\t\t<a href=\"https:\/\/astaula.com\/wp-content\/uploads\/2023\/04\/Gyvenimo-zaidimas.-Aliejusdrobe.-100x70cm-2020-2023.jpg\" data-elementor-open-lightbox=\"no\" rel=\"jtg-202\" data-caption=\"Pavadinimas: \u201eGyvenimo \u017eaidimas&quot;. Technika: aliejus, drob\u0117. Dydis: 100x70 cm. Suk\u016brimo metai: 2020\u20132023\" class=\"tile-inner modula-item-link\"><\/a>\n\t\t\n\t\t\n\t\t<img class='pic' data-valign=\"middle\" data-halign=\"center\" alt=\"\" src=\"https:\/\/astaula.com\/wp-content\/uploads\/2023\/04\/Gyvenimo-zaidimas.-Aliejusdrobe.-100x70cm-2020-2023-717x1024.jpg\" data-src=\"https:\/\/astaula.com\/wp-content\/uploads\/2023\/04\/Gyvenimo-zaidimas.-Aliejusdrobe.-100x70cm-2020-2023-717x1024.jpg\"\/>\n\n\t\t\n\t\t<div class=\"figc\">\n\t\t\t<div class=\"figc-inner\">\n\t\t\t\t\t\t\t\t\t\t\t\t\t\t\t\t<div class=\"jtg-social\">\n\t\t\t\t\t\t\t\t\t\t\t\t\t\t\t\t\t\t\t\t\t\t\t\t\t\t\t\t\t<\/div>\n\t\t\t\t\t\t\t<\/div>\n\t\t<\/div>\n\n\t<\/div>\n\n<\/div><div class=\"modula-item effect-pufrobo\" >\n\t<div class=\"modula-item-overlay\"><\/div>\n\n\t<div class=\"modula-item-content\">\n\n\t\t\t\t\n\t\t\t\t\t<a href=\"https:\/\/astaula.com\/wp-content\/uploads\/2023\/04\/Suvokimas.-Aliejusdrobe.-90x60cm-2017.jpg\" data-elementor-open-lightbox=\"no\" rel=\"jtg-202\" data-caption=\"Pavadinimas: \u201eSuvokimas&quot;. Technika: aliejus, drob\u0117. Dydis: 90x60 cm. Suk\u016brimo metai: 2017\u20132023\" class=\"tile-inner modula-item-link\"><\/a>\n\t\t\n\t\t\n\t\t<img class='pic' data-valign=\"middle\" data-halign=\"center\" alt=\"\" src=\"https:\/\/astaula.com\/wp-content\/uploads\/2023\/04\/Suvokimas.-Aliejusdrobe.-90x60cm-2017-679x1024.jpg\" data-src=\"https:\/\/astaula.com\/wp-content\/uploads\/2023\/04\/Suvokimas.-Aliejusdrobe.-90x60cm-2017-679x1024.jpg\"\/>\n\n\t\t\n\t\t<div class=\"figc\">\n\t\t\t<div class=\"figc-inner\">\n\t\t\t\t\t\t\t\t\t\t\t\t\t\t\t\t<div class=\"jtg-social\">\n\t\t\t\t\t\t\t\t\t\t\t\t\t\t\t\t\t\t\t\t\t\t\t\t\t\t\t\t\t<\/div>\n\t\t\t\t\t\t\t<\/div>\n\t\t<\/div>\n\n\t<\/div>\n\n<\/div><div class=\"modula-item effect-pufrobo\" >\n\t<div class=\"modula-item-overlay\"><\/div>\n\n\t<div class=\"modula-item-content\">\n\n\t\t\t\t\n\t\t\t\t\t<a href=\"https:\/\/astaula.com\/wp-content\/uploads\/2023\/04\/Tikslai-I.-Aliejusdrobe.-60x80cm-2014.jpg\" data-elementor-open-lightbox=\"no\" rel=\"jtg-202\" data-caption=\"Pavadinimas: \u201eTikslai I&quot;. Technika: aliejus, drob\u0117. Dydis: 60x80 cm. Suk\u016brimo metai: 2014\" class=\"tile-inner modula-item-link\"><\/a>\n\t\t\n\t\t\n\t\t<img class='pic' data-valign=\"middle\" data-halign=\"center\" alt=\"\" src=\"https:\/\/astaula.com\/wp-content\/uploads\/2023\/04\/Tikslai-I.-Aliejusdrobe.-60x80cm-2014-1024x770.jpg\" data-src=\"https:\/\/astaula.com\/wp-content\/uploads\/2023\/04\/Tikslai-I.-Aliejusdrobe.-60x80cm-2014-1024x770.jpg\"\/>\n\n\t\t\n\t\t<div class=\"figc\">\n\t\t\t<div class=\"figc-inner\">\n\t\t\t\t\t\t\t\t\t\t\t\t\t\t\t\t<div class=\"jtg-social\">\n\t\t\t\t\t\t\t\t\t\t\t\t\t\t\t\t\t\t\t\t\t\t\t\t\t\t\t\t\t<\/div>\n\t\t\t\t\t\t\t<\/div>\n\t\t<\/div>\n\n\t<\/div>\n\n<\/div><div class=\"modula-item effect-pufrobo\" >\n\t<div class=\"modula-item-overlay\"><\/div>\n\n\t<div class=\"modula-item-content\">\n\n\t\t\t\t\n\t\t\t\t\t<a href=\"https:\/\/astaula.com\/wp-content\/uploads\/2023\/04\/Kai-prazysta-sodai.-Aliejusdrobe.-50x100cm-2012.jpg\" data-elementor-open-lightbox=\"no\" rel=\"jtg-202\" data-caption=\"Pavadinimas: \u201eKai pra\u017eysta sodai&quot;. Technika: aliejus, drob\u0117. Dydis: 50x100 cm. Suk\u016brimo metai: 2012\" class=\"tile-inner modula-item-link\"><\/a>\n\t\t\n\t\t\n\t\t<img class='pic' data-valign=\"middle\" data-halign=\"center\" alt=\"\" src=\"https:\/\/astaula.com\/wp-content\/uploads\/2023\/04\/Kai-prazysta-sodai.-Aliejusdrobe.-50x100cm-2012-1024x503.jpg\" data-src=\"https:\/\/astaula.com\/wp-content\/uploads\/2023\/04\/Kai-prazysta-sodai.-Aliejusdrobe.-50x100cm-2012-1024x503.jpg\"\/>\n\n\t\t\n\t\t<div class=\"figc\">\n\t\t\t<div class=\"figc-inner\">\n\t\t\t\t\t\t\t\t\t\t\t\t\t\t\t\t<div class=\"jtg-social\">\n\t\t\t\t\t\t\t\t\t\t\t\t\t\t\t\t\t\t\t\t\t\t\t\t\t\t\t\t\t<\/div>\n\t\t\t\t\t\t\t<\/div>\n\t\t<\/div>\n\n\t<\/div>\n\n<\/div><div class=\"modula-item effect-pufrobo\" >\n\t<div class=\"modula-item-overlay\"><\/div>\n\n\t<div class=\"modula-item-content\">\n\n\t\t\t\t\n\t\t\t\t\t<a href=\"https:\/\/astaula.com\/wp-content\/uploads\/2023\/04\/Tikejimas.-Aliejusdrobe.-60x80cm-2013.jpg\" data-elementor-open-lightbox=\"no\" rel=\"jtg-202\" data-caption=\"Pavadinimas: \u201eTik\u0117jimas&quot;. Technika: aliejus, drob\u0117. Dydis: 60x80 cm. Suk\u016brimo metai: 2013\" class=\"tile-inner modula-item-link\"><\/a>\n\t\t\n\t\t\n\t\t<img class='pic' data-valign=\"middle\" data-halign=\"center\" alt=\"\" src=\"https:\/\/astaula.com\/wp-content\/uploads\/2023\/04\/Tikejimas.-Aliejusdrobe.-60x80cm-2013-1024x765.jpg\" data-src=\"https:\/\/astaula.com\/wp-content\/uploads\/2023\/04\/Tikejimas.-Aliejusdrobe.-60x80cm-2013-1024x765.jpg\"\/>\n\n\t\t\n\t\t<div class=\"figc\">\n\t\t\t<div class=\"figc-inner\">\n\t\t\t\t\t\t\t\t\t\t\t\t\t\t\t\t<div class=\"jtg-social\">\n\t\t\t\t\t\t\t\t\t\t\t\t\t\t\t\t\t\t\t\t\t\t\t\t\t\t\t\t\t<\/div>\n\t\t\t\t\t\t\t<\/div>\n\t\t<\/div>\n\n\t<\/div>\n\n<\/div><div class=\"modula-item effect-pufrobo\" >\n\t<div class=\"modula-item-overlay\"><\/div>\n\n\t<div class=\"modula-item-content\">\n\n\t\t\t\t\n\t\t\t\t\t<a href=\"https:\/\/astaula.com\/wp-content\/uploads\/2023\/04\/Atgaiva.-Aliejusdrobe.-100x70cm-2019.jpg\" data-elementor-open-lightbox=\"no\" rel=\"jtg-202\" data-caption=\"Pavadinimas: \u201eAtgaiva&quot;. Technika: aliejus, drob\u0117. Dydis: 100x70 cm. Suk\u016brimo metai: 2019\" class=\"tile-inner modula-item-link\"><\/a>\n\t\t\n\t\t\n\t\t<img class='pic' data-valign=\"middle\" data-halign=\"center\" alt=\"\" src=\"https:\/\/astaula.com\/wp-content\/uploads\/2023\/04\/Atgaiva.-Aliejusdrobe.-100x70cm-2019-714x1024.jpg\" data-src=\"https:\/\/astaula.com\/wp-content\/uploads\/2023\/04\/Atgaiva.-Aliejusdrobe.-100x70cm-2019-714x1024.jpg\"\/>\n\n\t\t\n\t\t<div class=\"figc\">\n\t\t\t<div class=\"figc-inner\">\n\t\t\t\t\t\t\t\t\t\t\t\t\t\t\t\t<div class=\"jtg-social\">\n\t\t\t\t\t\t\t\t\t\t\t\t\t\t\t\t\t\t\t\t\t\t\t\t\t\t\t\t\t<\/div>\n\t\t\t\t\t\t\t<\/div>\n\t\t<\/div>\n\n\t<\/div>\n\n<\/div><div class=\"modula-item effect-pufrobo\" >\n\t<div class=\"modula-item-overlay\"><\/div>\n\n\t<div class=\"modula-item-content\">\n\n\t\t\t\t\n\t\t\t\t\t<a href=\"https:\/\/astaula.com\/wp-content\/uploads\/2023\/04\/Kontempliacija.-Aliejusdrobe.-90x120cm-2020.jpg\" data-elementor-open-lightbox=\"no\" rel=\"jtg-202\" data-caption=\"Pavadinimas: \u201eKontempliacija&quot;. Technika: aliejus, drob\u0117. Dydis: 90x120 cm. Suk\u016brimo metai: 2020\" class=\"tile-inner modula-item-link\"><\/a>\n\t\t\n\t\t\n\t\t<img class='pic' data-valign=\"middle\" data-halign=\"center\" alt=\"\" src=\"https:\/\/astaula.com\/wp-content\/uploads\/2023\/04\/Kontempliacija.-Aliejusdrobe.-90x120cm-2020-1024x773.jpg\" data-src=\"https:\/\/astaula.com\/wp-content\/uploads\/2023\/04\/Kontempliacija.-Aliejusdrobe.-90x120cm-2020-1024x773.jpg\"\/>\n\n\t\t\n\t\t<div class=\"figc\">\n\t\t\t<div class=\"figc-inner\">\n\t\t\t\t\t\t\t\t\t\t\t\t\t\t\t\t<div class=\"jtg-social\">\n\t\t\t\t\t\t\t\t\t\t\t\t\t\t\t\t\t\t\t\t\t\t\t\t\t\t\t\t\t<\/div>\n\t\t\t\t\t\t\t<\/div>\n\t\t<\/div>\n\n\t<\/div>\n\n<\/div><div class=\"modula-item effect-pufrobo\" >\n\t<div class=\"modula-item-overlay\"><\/div>\n\n\t<div class=\"modula-item-content\">\n\n\t\t\t\t\n\t\t\t\t\t<a href=\"https:\/\/astaula.com\/wp-content\/uploads\/2023\/04\/Susitikimas.-Aliejusdrobe.-60x100cm-2018.jpg\" data-elementor-open-lightbox=\"no\" rel=\"jtg-202\" data-caption=\"Pavadinimas: \u201eSusitikimas&quot;. Technika: aliejus, drob\u0117. Dydis: 60x100 cm. Suk\u016brimo metai: 2018\" class=\"tile-inner modula-item-link\"><\/a>\n\t\t\n\t\t\n\t\t<img class='pic' data-valign=\"middle\" data-halign=\"center\" alt=\"\" src=\"https:\/\/astaula.com\/wp-content\/uploads\/2023\/04\/Susitikimas.-Aliejusdrobe.-60x100cm-2018-1024x617.jpg\" data-src=\"https:\/\/astaula.com\/wp-content\/uploads\/2023\/04\/Susitikimas.-Aliejusdrobe.-60x100cm-2018-1024x617.jpg\"\/>\n\n\t\t\n\t\t<div class=\"figc\">\n\t\t\t<div class=\"figc-inner\">\n\t\t\t\t\t\t\t\t\t\t\t\t\t\t\t\t<div class=\"jtg-social\">\n\t\t\t\t\t\t\t\t\t\t\t\t\t\t\t\t\t\t\t\t\t\t\t\t\t\t\t\t\t<\/div>\n\t\t\t\t\t\t\t<\/div>\n\t\t<\/div>\n\n\t<\/div>\n\n<\/div><div class=\"modula-item effect-pufrobo\" >\n\t<div class=\"modula-item-overlay\"><\/div>\n\n\t<div class=\"modula-item-content\">\n\n\t\t\t\t\n\t\t\t\t\t<a href=\"https:\/\/astaula.com\/wp-content\/uploads\/2023\/04\/Laimes-hipnoze.-Aliejusdrobe.-50x60cm-2020.jpg\" data-elementor-open-lightbox=\"no\" rel=\"jtg-202\" data-caption=\"Pavadinimas: \u201eLaim\u0117s hipnoz\u0117&quot;. Technika: aliejus, drob\u0117. Dydis: 50x60 cm. Suk\u016brimo metai: 2020\" class=\"tile-inner modula-item-link\"><\/a>\n\t\t\n\t\t\n\t\t<img class='pic' data-valign=\"middle\" data-halign=\"center\" alt=\"\" src=\"https:\/\/astaula.com\/wp-content\/uploads\/2023\/04\/Laimes-hipnoze.-Aliejusdrobe.-50x60cm-2020-1024x853.jpg\" data-src=\"https:\/\/astaula.com\/wp-content\/uploads\/2023\/04\/Laimes-hipnoze.-Aliejusdrobe.-50x60cm-2020-1024x853.jpg\"\/>\n\n\t\t\n\t\t<div class=\"figc\">\n\t\t\t<div class=\"figc-inner\">\n\t\t\t\t\t\t\t\t\t\t\t\t\t\t\t\t<div class=\"jtg-social\">\n\t\t\t\t\t\t\t\t\t\t\t\t\t\t\t\t\t\t\t\t\t\t\t\t\t\t\t\t\t<\/div>\n\t\t\t\t\t\t\t<\/div>\n\t\t<\/div>\n\n\t<\/div>\n\n<\/div><div class=\"modula-item effect-pufrobo\" >\n\t<div class=\"modula-item-overlay\"><\/div>\n\n\t<div class=\"modula-item-content\">\n\n\t\t\t\t\n\t\t\t\t\t<a href=\"https:\/\/astaula.com\/wp-content\/uploads\/2023\/04\/Pabudimas.-Aliejusdrobe.-60x150cm-25x75cm-23x23cm-2020bb.jpg\" data-elementor-open-lightbox=\"no\" rel=\"jtg-202\" data-caption=\"Pavadinimas: \u201ePabudimas&quot;. Technika: aliejus, drob\u0117. Dydis: 60x150, 25x75, 23x23 cm. Suk\u016brimo metai: 2020\" class=\"tile-inner modula-item-link\"><\/a>\n\t\t\n\t\t\n\t\t<img class='pic' data-valign=\"middle\" data-halign=\"center\" alt=\"\" src=\"https:\/\/astaula.com\/wp-content\/uploads\/2023\/04\/Pabudimas.-Aliejusdrobe.-60x150cm-25x75cm-23x23cm-2020bb-1024x711.jpg\" data-src=\"https:\/\/astaula.com\/wp-content\/uploads\/2023\/04\/Pabudimas.-Aliejusdrobe.-60x150cm-25x75cm-23x23cm-2020bb-1024x711.jpg\"\/>\n\n\t\t\n\t\t<div class=\"figc\">\n\t\t\t<div class=\"figc-inner\">\n\t\t\t\t\t\t\t\t\t\t\t\t\t\t\t\t<div class=\"jtg-social\">\n\t\t\t\t\t\t\t\t\t\t\t\t\t\t\t\t\t\t\t\t\t\t\t\t\t\t\t\t\t<\/div>\n\t\t\t\t\t\t\t<\/div>\n\t\t<\/div>\n\n\t<\/div>\n\n<\/div><div class=\"modula-item effect-pufrobo\" >\n\t<div class=\"modula-item-overlay\"><\/div>\n\n\t<div class=\"modula-item-content\">\n\n\t\t\t\t\n\t\t\t\t\t<a href=\"https:\/\/astaula.com\/wp-content\/uploads\/2023\/04\/Minciu-saltinis.-Aliejusdrobe.-100x70cm-2020.jpg\" data-elementor-open-lightbox=\"no\" rel=\"jtg-202\" data-caption=\"Pavadinimas: \u201eMin\u010di\u0173 \u0161altinis&quot;. Technika: aliejus, drob\u0117. Dydis: 100x70 cm. Suk\u016brimo metai: 2020\" class=\"tile-inner modula-item-link\"><\/a>\n\t\t\n\t\t\n\t\t<img class='pic' data-valign=\"middle\" data-halign=\"center\" alt=\"\" src=\"https:\/\/astaula.com\/wp-content\/uploads\/2023\/04\/Minciu-saltinis.-Aliejusdrobe.-100x70cm-2020-715x1024.jpg\" data-src=\"https:\/\/astaula.com\/wp-content\/uploads\/2023\/04\/Minciu-saltinis.-Aliejusdrobe.-100x70cm-2020-715x1024.jpg\"\/>\n\n\t\t\n\t\t<div class=\"figc\">\n\t\t\t<div class=\"figc-inner\">\n\t\t\t\t\t\t\t\t\t\t\t\t\t\t\t\t<div class=\"jtg-social\">\n\t\t\t\t\t\t\t\t\t\t\t\t\t\t\t\t\t\t\t\t\t\t\t\t\t\t\t\t\t<\/div>\n\t\t\t\t\t\t\t<\/div>\n\t\t<\/div>\n\n\t<\/div>\n\n<\/div><div class=\"modula-item effect-pufrobo\" >\n\t<div class=\"modula-item-overlay\"><\/div>\n\n\t<div class=\"modula-item-content\">\n\n\t\t\t\t\n\t\t\t\t\t<a href=\"https:\/\/astaula.com\/wp-content\/uploads\/2023\/04\/Jurginai-austant.-Aliejusdrobe.-60x80cm-2013.jpg\" data-elementor-open-lightbox=\"no\" rel=\"jtg-202\" data-caption=\"Pavadinimas: \u201eJurginai au\u0161tant&quot;. Technika: aliejus, drob\u0117. Dydis: 60x79,5 cm. Suk\u016brimo metai: 2013\" class=\"tile-inner modula-item-link\"><\/a>\n\t\t\n\t\t\n\t\t<img class='pic' data-valign=\"middle\" data-halign=\"center\" alt=\"\" src=\"https:\/\/astaula.com\/wp-content\/uploads\/2023\/04\/Jurginai-austant.-Aliejusdrobe.-60x80cm-2013-1024x762.jpg\" data-src=\"https:\/\/astaula.com\/wp-content\/uploads\/2023\/04\/Jurginai-austant.-Aliejusdrobe.-60x80cm-2013-1024x762.jpg\"\/>\n\n\t\t\n\t\t<div class=\"figc\">\n\t\t\t<div class=\"figc-inner\">\n\t\t\t\t\t\t\t\t\t\t\t\t\t\t\t\t<div class=\"jtg-social\">\n\t\t\t\t\t\t\t\t\t\t\t\t\t\t\t\t\t\t\t\t\t\t\t\t\t\t\t\t\t<\/div>\n\t\t\t\t\t\t\t<\/div>\n\t\t<\/div>\n\n\t<\/div>\n\n<\/div><div class=\"modula-item effect-pufrobo\" >\n\t<div class=\"modula-item-overlay\"><\/div>\n\n\t<div class=\"modula-item-content\">\n\n\t\t\t\t\n\t\t\t\t\t<a href=\"https:\/\/astaula.com\/wp-content\/uploads\/2023\/04\/Indigo.-Aliejusdrobe.-90x120cm-2018-2023.jpg\" data-elementor-open-lightbox=\"no\" rel=\"jtg-202\" data-caption=\"Pavadinimas: \u201eIndigo&quot;. Technika: aliejus, drob\u0117. Dydis: 120x80. Suk\u016brimo metai: 2018\u20132023\" class=\"tile-inner modula-item-link\"><\/a>\n\t\t\n\t\t\n\t\t<img class='pic' data-valign=\"middle\" data-halign=\"center\" alt=\"\" src=\"https:\/\/astaula.com\/wp-content\/uploads\/2023\/04\/Indigo.-Aliejusdrobe.-90x120cm-2018-2023-776x1024.jpg\" data-src=\"https:\/\/astaula.com\/wp-content\/uploads\/2023\/04\/Indigo.-Aliejusdrobe.-90x120cm-2018-2023-776x1024.jpg\"\/>\n\n\t\t\n\t\t<div class=\"figc\">\n\t\t\t<div class=\"figc-inner\">\n\t\t\t\t\t\t\t\t\t\t\t\t\t\t\t\t<div class=\"jtg-social\">\n\t\t\t\t\t\t\t\t\t\t\t\t\t\t\t\t\t\t\t\t\t\t\t\t\t\t\t\t\t<\/div>\n\t\t\t\t\t\t\t<\/div>\n\t\t<\/div>\n\n\t<\/div>\n\n<\/div><div class=\"modula-item effect-pufrobo\" >\n\t<div class=\"modula-item-overlay\"><\/div>\n\n\t<div class=\"modula-item-content\">\n\n\t\t\t\t\n\t\t\t\t\t<a href=\"https:\/\/astaula.com\/wp-content\/uploads\/2023\/04\/Pradzia1.-Aliejusdrobe.-50x100cm-2014.jpg\" data-elementor-open-lightbox=\"no\" rel=\"jtg-202\" data-caption=\"Pavadinimas: \u201ePrad\u017eia I&quot;. Technika: aliejus, drob\u0117. Dydis: 50x100 cm. Suk\u016brimo metai: 2014\" class=\"tile-inner modula-item-link\"><\/a>\n\t\t\n\t\t\n\t\t<img class='pic' data-valign=\"middle\" data-halign=\"center\" alt=\"\" src=\"https:\/\/astaula.com\/wp-content\/uploads\/2023\/04\/Pradzia1.-Aliejusdrobe.-50x100cm-2014-1024x506.jpg\" data-src=\"https:\/\/astaula.com\/wp-content\/uploads\/2023\/04\/Pradzia1.-Aliejusdrobe.-50x100cm-2014-1024x506.jpg\"\/>\n\n\t\t\n\t\t<div class=\"figc\">\n\t\t\t<div class=\"figc-inner\">\n\t\t\t\t\t\t\t\t\t\t\t\t\t\t\t\t<div class=\"jtg-social\">\n\t\t\t\t\t\t\t\t\t\t\t\t\t\t\t\t\t\t\t\t\t\t\t\t\t\t\t\t\t<\/div>\n\t\t\t\t\t\t\t<\/div>\n\t\t<\/div>\n\n\t<\/div>\n\n<\/div><div class=\"modula-item effect-pufrobo\" >\n\t<div class=\"modula-item-overlay\"><\/div>\n\n\t<div class=\"modula-item-content\">\n\n\t\t\t\t\n\t\t\t\t\t<a href=\"https:\/\/astaula.com\/wp-content\/uploads\/2023\/04\/Gyvybes-medis2.-Aliejusdrobe.-60x80cm-2014bbb.jpg\" data-elementor-open-lightbox=\"no\" rel=\"jtg-202\" data-caption=\"Pavadinimas: \u201eGyvyb\u0117s medis&quot;. Technika: aliejus, drob\u0117. Dydis: 60x80 cm. Suk\u016brimo metai: 2014\" class=\"tile-inner modula-item-link\"><\/a>\n\t\t\n\t\t\n\t\t<img class='pic' data-valign=\"middle\" data-halign=\"center\" alt=\"\" src=\"https:\/\/astaula.com\/wp-content\/uploads\/2023\/04\/Gyvybes-medis2.-Aliejusdrobe.-60x80cm-2014bbb-1024x770.jpg\" data-src=\"https:\/\/astaula.com\/wp-content\/uploads\/2023\/04\/Gyvybes-medis2.-Aliejusdrobe.-60x80cm-2014bbb-1024x770.jpg\"\/>\n\n\t\t\n\t\t<div class=\"figc\">\n\t\t\t<div class=\"figc-inner\">\n\t\t\t\t\t\t\t\t\t\t\t\t\t\t\t\t<div class=\"jtg-social\">\n\t\t\t\t\t\t\t\t\t\t\t\t\t\t\t\t\t\t\t\t\t\t\t\t\t\t\t\t\t<\/div>\n\t\t\t\t\t\t\t<\/div>\n\t\t<\/div>\n\n\t<\/div>\n\n<\/div><div class=\"modula-item effect-pufrobo\" >\n\t<div class=\"modula-item-overlay\"><\/div>\n\n\t<div class=\"modula-item-content\">\n\n\t\t\t\t\n\t\t\t\t\t<a href=\"https:\/\/astaula.com\/wp-content\/uploads\/2023\/04\/Vakaras.-Aliejusdrobe.-70x100cm-2013.jpg\" data-elementor-open-lightbox=\"no\" rel=\"jtg-202\" data-caption=\"Pavadinimas: \u201eVakaras&quot;. Technika: aliejus, drob\u0117. Dydis: 70x100. Suk\u016brimo metai: 2013\" class=\"tile-inner modula-item-link\"><\/a>\n\t\t\n\t\t\n\t\t<img class='pic' data-valign=\"middle\" data-halign=\"center\" alt=\"\" src=\"https:\/\/astaula.com\/wp-content\/uploads\/2023\/04\/Vakaras.-Aliejusdrobe.-70x100cm-2013-1024x728.jpg\" data-src=\"https:\/\/astaula.com\/wp-content\/uploads\/2023\/04\/Vakaras.-Aliejusdrobe.-70x100cm-2013-1024x728.jpg\"\/>\n\n\t\t\n\t\t<div class=\"figc\">\n\t\t\t<div class=\"figc-inner\">\n\t\t\t\t\t\t\t\t\t\t\t\t\t\t\t\t<div class=\"jtg-social\">\n\t\t\t\t\t\t\t\t\t\t\t\t\t\t\t\t\t\t\t\t\t\t\t\t\t\t\t\t\t<\/div>\n\t\t\t\t\t\t\t<\/div>\n\t\t<\/div>\n\n\t<\/div>\n\n<\/div><div class=\"modula-item effect-pufrobo\" >\n\t<div class=\"modula-item-overlay\"><\/div>\n\n\t<div class=\"modula-item-content\">\n\n\t\t\t\t\n\t\t\t\t\t<a href=\"https:\/\/astaula.com\/wp-content\/uploads\/2023\/04\/11-noru.-Aliejusdrobe.-50x40cm-2020.jpg\" data-elementor-open-lightbox=\"no\" rel=\"jtg-202\" data-caption=\"Pavadinimas: \u201e11 nor\u0173&quot;. Technika: aliejus, drob\u0117. Dydis: 50x40 cm. Suk\u016brimo metai: 2020\" class=\"tile-inner modula-item-link\"><\/a>\n\t\t\n\t\t\n\t\t<img class='pic' data-valign=\"middle\" data-halign=\"center\" alt=\"\" src=\"https:\/\/astaula.com\/wp-content\/uploads\/2023\/04\/11-noru.-Aliejusdrobe.-50x40cm-2020-849x1024.jpg\" data-src=\"https:\/\/astaula.com\/wp-content\/uploads\/2023\/04\/11-noru.-Aliejusdrobe.-50x40cm-2020-849x1024.jpg\"\/>\n\n\t\t\n\t\t<div class=\"figc\">\n\t\t\t<div class=\"figc-inner\">\n\t\t\t\t\t\t\t\t\t\t\t\t\t\t\t\t<div class=\"jtg-social\">\n\t\t\t\t\t\t\t\t\t\t\t\t\t\t\t\t\t\t\t\t\t\t\t\t\t\t\t\t\t<\/div>\n\t\t\t\t\t\t\t<\/div>\n\t\t<\/div>\n\n\t<\/div>\n\n<\/div><div class=\"modula-item effect-pufrobo\" >\n\t<div class=\"modula-item-overlay\"><\/div>\n\n\t<div class=\"modula-item-content\">\n\n\t\t\t\t\n\t\t\t\t\t<a href=\"https:\/\/astaula.com\/wp-content\/uploads\/2023\/04\/Tikslai-II.-Aliejusdrobe.-70x100cm-2014.jpg\" data-elementor-open-lightbox=\"no\" rel=\"jtg-202\" data-caption=\"Pavadinimas: \u201eTikslai II&quot;. Technika: aliejus, drob\u0117. Dydis: 100x70 cm. Suk\u016brimo metai: 2014\" class=\"tile-inner modula-item-link\"><\/a>\n\t\t\n\t\t\n\t\t<img class='pic' data-valign=\"middle\" data-halign=\"center\" alt=\"\" src=\"https:\/\/astaula.com\/wp-content\/uploads\/2023\/04\/Tikslai-II.-Aliejusdrobe.-70x100cm-2014-1024x715.jpg\" data-src=\"https:\/\/astaula.com\/wp-content\/uploads\/2023\/04\/Tikslai-II.-Aliejusdrobe.-70x100cm-2014-1024x715.jpg\"\/>\n\n\t\t\n\t\t<div class=\"figc\">\n\t\t\t<div class=\"figc-inner\">\n\t\t\t\t\t\t\t\t\t\t\t\t\t\t\t\t<div class=\"jtg-social\">\n\t\t\t\t\t\t\t\t\t\t\t\t\t\t\t\t\t\t\t\t\t\t\t\t\t\t\t\t\t<\/div>\n\t\t\t\t\t\t\t<\/div>\n\t\t<\/div>\n\n\t<\/div>\n\n<\/div>\t\t\n\t<\/div>\n\n\t\n\t\n\t<script type=\"application\/ld+json\">\n\t{\n\t\t\"@context\": \"http:\/\/schema.org\",\n\t\t\"@type\"   : \"ImageGallery\",\n\t\t\"id\"      : \"https:\/\/astaula.com\",\n\t\t\"url\"     : \"https:\/\/astaula.com\"\n\t}\n\n    <\/script>\n\n\t\n<\/div>","protected":false},"excerpt":{"rendered":"","protected":false},"author":1,"featured_media":0,"parent":0,"menu_order":0,"comment_status":"closed","ping_status":"closed","template":"","meta":[],"_links":{"self":[{"href":"https:\/\/astaula.com\/index.php?rest_route=\/wp\/v2\/pages\/100"}],"collection":[{"href":"https:\/\/astaula.com\/index.php?rest_route=\/wp\/v2\/pages"}],"about":[{"href":"https:\/\/astaula.com\/index.php?rest_route=\/wp\/v2\/types\/page"}],"author":[{"embeddable":true,"href":"https:\/\/astaula.com\/index.php?rest_route=\/wp\/v2\/users\/1"}],"replies":[{"embeddable":true,"href":"https:\/\/astaula.com\/index.php?rest_route=%2Fwp%2Fv2%2Fcomments&post=100"}],"version-history":[{"count":40,"href":"https:\/\/astaula.com\/index.php?rest_route=\/wp\/v2\/pages\/100\/revisions"}],"predecessor-version":[{"id":2273,"href":"https:\/\/astaula.com\/index.php?rest_route=\/wp\/v2\/pages\/100\/revisions\/2273"}],"wp:attachment":[{"href":"https:\/\/astaula.com\/index.php?rest_route=%2Fwp%2Fv2%2Fmedia&parent=100"}],"curies":[{"name":"wp","href":"https:\/\/api.w.org\/{rel}","templated":true}]}}